{"id":5778,"date":"2023-05-13T22:00:26","date_gmt":"2023-05-13T22:00:26","guid":{"rendered":"https:\/\/chibolita.es\/?post_type=product&#038;p=5778"},"modified":"2023-05-13T22:02:33","modified_gmt":"2023-05-13T22:02:33","slug":"womanvibe-thor-anillo-vibrador-silicona","status":"publish","type":"product","link":"https:\/\/chibolita.es\/index.php\/product\/womanvibe-thor-anillo-vibrador-silicona\/","title":{"rendered":"WOMANVIBE THOR ANILLO VIBRADOR SILICONA"},"content":{"rendered":"<p>Womanvibe presenta a Thor, el anillo que toca el punto exacto! , Perfectamente cubierto con una suave y sedosa superficie de silicona. Alcanza las 11.000 rpm convirti\u00e9ndolo en el gal\u00e1n de la vibraci\u00f3n, potente y silenciosa.<\/p>\n<p>Retrasar\u00e1 la eyaculaci\u00f3n y potenciar\u00e1 la erecci\u00f3n una vez introducido en la base del Pene.<\/p>\n<p>Thor incorpora un estimulador de cl\u00edtoris en forma circular con un estimulador liso central y puntas de silicona que transmite una mayor vibraci\u00f3n.<\/p>\n<p>Se adapta a todos los tama\u00f1os de pene.<\/p>\n<ul>\n<li>Medidas; 5 x 7 cm<\/li>\n<li>Silencioso y discreto<\/li>\n<li>Dise\u00f1o Ergon\u00f3mico<\/li>\n<li>1 velocidad potente.<\/li>\n<li>Flexible<\/li>\n<li>Teclas de f\u00e1cil manejo con un solo bot\u00f3n.<\/li>\n<li>Materiales que no irritan la piel<\/li>\n<li>Aprox cuarenta y cinco minutos de placer ininterrumpido en la intensidad m\u00e1s alta<\/li>\n<li>1 a\u00f1o de garant\u00eda.<\/li>\n<\/ul>\n<p>Tan f\u00e1cil como colocar las pilas incluidas ( LR44 ) y a Jugar!! Te sorprender\u00e1 la potencia y tacto.<\/p>\n<p>Instrucciones de uso;<\/p>\n<ul>\n<li>Pulsa el bot\u00f3n inferior color negro para activar la vibraci\u00f3n, aseg\u00farate que las pilas est\u00e9n bien colocadas.<\/li>\n<\/ul>\n<p><strong>Eliminaci\u00f3n<\/strong><\/p>\n<p>La eliminaci\u00f3n de aparatos electr\u00f3nicos debe realizarse seg\u00fan la normativa para residuos peligrosos vigente en la Uni\u00f3n Europea y en otros pa\u00edses europeos o seg\u00fan las reglamentaciones locales. Respeta las normativas de eliminaci\u00f3n de basuras espec\u00edficas de tu pa\u00eds y, en caso de duda, pregunta a tu distribuidor sobre las opciones de eliminaci\u00f3n.<\/p>\n<p><strong>Contenido<\/strong><\/p>\n<p>Abrir una caja de productos Womanvibe es exclusividad. Todos los productos incluyen caja de presentaci\u00f3n Deluxe en fondo dorado.<\/p>\n<p>En su interior encontrar\u00e1s<\/p>\n<ul>\n<li>Thor anillo vibrador.<\/li>\n<li>Pilas<\/li>\n<\/ul>\n","protected":false},"excerpt":{"rendered":"<p>Womanvibe presenta a Thor, el anillo que toca el punto exacto! , Perfectamente cubierto con una suave y sedosa superficie de silicona. Alcanza las 11.000 rpm convirti\u00e9ndolo en el gal\u00e1n de la vibraci\u00f3n, potente y silenciosa. Retrasar\u00e1 la eyaculaci\u00f3n y potenciar\u00e1 la erecci\u00f3n una vez introducido en la base del Pene. Thor incorpora un estimulador [&hellip;]<\/p>\n","protected":false},"featured_media":5782,"comment_status":"open","ping_status":"closed","template":"","meta":{"_eb_attr":"","site-sidebar-layout":"default","site-content-layout":"default","ast-site-content-layout":"default","site-content-style":"default","site-sidebar-style":"default","ast-global-header-display":"","ast-banner-title-visibility":"","ast-main-header-display":"","ast-hfb-above-header-display":"","ast-hfb-below-header-display":"","ast-hfb-mobile-header-display":"","site-post-title":"","ast-breadcrumbs-content":"","ast-featured-img":"","footer-sml-layout":"","ast-disable-related-posts":"","theme-transparent-header-meta":"default","adv-header-id-meta":"","stick-header-meta":"","header-above-stick-meta":"","header-main-stick-meta":"","header-below-stick-meta":"","astra-migrate-meta-layouts":"default","ast-page-background-enabled":"default","ast-page-background-meta":{"desktop":{"background-color":"var(--ast-global-color-4)","background-image":"","background-repeat":"repeat","background-position":"center center","background-size":"auto","background-attachment":"scroll","background-type":"","background-media":"","overlay-type":"","overlay-color":"","overlay-opacity":"","overlay-gradient":""},"tablet":{"background-color":"","background-image":"","background-repeat":"repeat","background-position":"center center","background-size":"auto","background-attachment":"scroll","background-type":"","background-media":"","overlay-type":"","overlay-color":"","overlay-opacity":"","overlay-gradient":""},"mobile":{"background-color":"","background-image":"","background-repeat":"repeat","background-position":"center center","background-size":"auto","background-attachment":"scroll","background-type":"","background-media":"","overlay-type":"","overlay-color":"","overlay-opacity":"","overlay-gradient":""}},"ast-content-background-meta":{"desktop":{"background-color":"var(--ast-global-color-5)","background-image":"","background-repeat":"repeat","background-position":"center center","background-size":"auto","background-attachment":"scroll","background-type":"","background-media":"","overlay-type":"","overlay-color":"","overlay-opacity":"","overlay-gradient":""},"tablet":{"background-color":"var(--ast-global-color-5)","background-image":"","background-repeat":"repeat","background-position":"center center","background-size":"auto","background-attachment":"scroll","background-type":"","background-media":"","overlay-type":"","overlay-color":"","overlay-opacity":"","overlay-gradient":""},"mobile":{"background-color":"var(--ast-global-color-5)","background-image":"","background-repeat":"repeat","background-position":"center center","background-size":"auto","background-attachment":"scroll","background-type":"","background-media":"","overlay-type":"","overlay-color":"","overlay-opacity":"","overlay-gradient":""}}},"product_brand":[],"product_cat":[274,273],"product_tag":[],"class_list":{"0":"post-5778","1":"product","2":"type-product","3":"status-publish","4":"has-post-thumbnail","6":"product_cat-accesorios-para-el-pene","7":"product_cat-juguetes-para-hombres","8":"desktop-align-left","9":"tablet-align-left","10":"mobile-align-left","12":"first","13":"instock","14":"shipping-taxable","15":"purchasable","16":"product-type-simple"},"_links":{"self":[{"href":"https:\/\/chibolita.es\/index.php\/wp-json\/wp\/v2\/product\/5778","targetHints":{"allow":["GET"]}}],"collection":[{"href":"https:\/\/chibolita.es\/index.php\/wp-json\/wp\/v2\/product"}],"about":[{"href":"https:\/\/chibolita.es\/index.php\/wp-json\/wp\/v2\/types\/product"}],"replies":[{"embeddable":true,"href":"https:\/\/chibolita.es\/index.php\/wp-json\/wp\/v2\/comments?post=5778"}],"wp:featuredmedia":[{"embeddable":true,"href":"https:\/\/chibolita.es\/index.php\/wp-json\/wp\/v2\/media\/5782"}],"wp:attachment":[{"href":"https:\/\/chibolita.es\/index.php\/wp-json\/wp\/v2\/media?parent=5778"}],"wp:term":[{"taxonomy":"product_brand","embeddable":true,"href":"https:\/\/chibolita.es\/index.php\/wp-json\/wp\/v2\/product_brand?post=5778"},{"taxonomy":"product_cat","embeddable":true,"href":"https:\/\/chibolita.es\/index.php\/wp-json\/wp\/v2\/product_cat?post=5778"},{"taxonomy":"product_tag","embeddable":true,"href":"https:\/\/chibolita.es\/index.php\/wp-json\/wp\/v2\/product_tag?post=5778"}],"curies":[{"name":"wp","href":"https:\/\/api.w.org\/{rel}","templated":true}]}}