{"id":5715,"date":"2023-05-13T16:28:42","date_gmt":"2023-05-13T16:28:42","guid":{"rendered":"https:\/\/chibolita.es\/?post_type=product&#038;p=5715"},"modified":"2023-05-13T16:29:33","modified_gmt":"2023-05-13T16:29:33","slug":"get-real-vogue-mini-doble-dong-morado","status":"publish","type":"product","link":"https:\/\/chibolita.es\/index.php\/product\/get-real-vogue-mini-doble-dong-morado\/","title":{"rendered":"GET REAL &#8211; VOGUE MINI DOBLE DONG MORADO"},"content":{"rendered":"<p>Experimenta la diversi\u00f3n de la doble penetraci\u00f3n con el Realistic Mini Double Dong.<\/p>\n<p>El dong doble est\u00e1 dise\u00f1ado para mujeres que quieren duplicar la diversi\u00f3n, con el doble de placer de penetraci\u00f3n.<\/p>\n<p>Creado con textura de venas realistas para una experiencia real y hecho de silicona de alta calidad, lo que lo hace sostenible y f\u00e1cil de limpiar.<\/p>\n<p>La forma de U \u00fanica es un consolador y un tap\u00f3n anal en uno.<\/p>\n<p>Debido a su peque\u00f1o tama\u00f1o, es perfecto para usuarios principiantes y avanzados.<\/p>\n<p>Usa el Realistic Mini Double Dong solo o para consentir a tu pareja!<\/p>\n","protected":false},"excerpt":{"rendered":"<p>Experimenta la diversi\u00f3n de la doble penetraci\u00f3n con el Realistic Mini Double Dong. El dong doble est\u00e1 dise\u00f1ado para mujeres que quieren duplicar la diversi\u00f3n, con el doble de placer de penetraci\u00f3n. Creado con textura de venas realistas para una experiencia real y hecho de silicona de alta calidad, lo que lo hace sostenible y [&hellip;]<\/p>\n","protected":false},"featured_media":5718,"comment_status":"open","ping_status":"closed","template":"","meta":{"_eb_attr":"","site-sidebar-layout":"default","site-content-layout":"default","ast-site-content-layout":"default","site-content-style":"default","site-sidebar-style":"default","ast-global-header-display":"","ast-banner-title-visibility":"","ast-main-header-display":"","ast-hfb-above-header-display":"","ast-hfb-below-header-display":"","ast-hfb-mobile-header-display":"","site-post-title":"","ast-breadcrumbs-content":"","ast-featured-img":"","footer-sml-layout":"","ast-disable-related-posts":"","theme-transparent-header-meta":"default","adv-header-id-meta":"","stick-header-meta":"","header-above-stick-meta":"","header-main-stick-meta":"","header-below-stick-meta":"","astra-migrate-meta-layouts":"default","ast-page-background-enabled":"default","ast-page-background-meta":{"desktop":{"background-color":"var(--ast-global-color-4)","background-image":"","background-repeat":"repeat","background-position":"center center","background-size":"auto","background-attachment":"scroll","background-type":"","background-media":"","overlay-type":"","overlay-color":"","overlay-opacity":"","overlay-gradient":""},"tablet":{"background-color":"","background-image":"","background-repeat":"repeat","background-position":"center center","background-size":"auto","background-attachment":"scroll","background-type":"","background-media":"","overlay-type":"","overlay-color":"","overlay-opacity":"","overlay-gradient":""},"mobile":{"background-color":"","background-image":"","background-repeat":"repeat","background-position":"center center","background-size":"auto","background-attachment":"scroll","background-type":"","background-media":"","overlay-type":"","overlay-color":"","overlay-opacity":"","overlay-gradient":""}},"ast-content-background-meta":{"desktop":{"background-color":"var(--ast-global-color-5)","background-image":"","background-repeat":"repeat","background-position":"center center","background-size":"auto","background-attachment":"scroll","background-type":"","background-media":"","overlay-type":"","overlay-color":"","overlay-opacity":"","overlay-gradient":""},"tablet":{"background-color":"var(--ast-global-color-5)","background-image":"","background-repeat":"repeat","background-position":"center center","background-size":"auto","background-attachment":"scroll","background-type":"","background-media":"","overlay-type":"","overlay-color":"","overlay-opacity":"","overlay-gradient":""},"mobile":{"background-color":"var(--ast-global-color-5)","background-image":"","background-repeat":"repeat","background-position":"center center","background-size":"auto","background-attachment":"scroll","background-type":"","background-media":"","overlay-type":"","overlay-color":"","overlay-opacity":"","overlay-gradient":""}}},"product_brand":[],"product_cat":[264,260,266,265],"product_tag":[],"class_list":{"0":"post-5715","1":"product","2":"type-product","3":"status-publish","4":"has-post-thumbnail","6":"product_cat-dildo-duplo","7":"product_cat-dildos-y-vibradores","8":"product_cat-doble-penetracion","9":"product_cat-fetish-bdsm","10":"desktop-align-left","11":"tablet-align-left","12":"mobile-align-left","14":"first","15":"instock","16":"shipping-taxable","17":"purchasable","18":"product-type-simple"},"_links":{"self":[{"href":"https:\/\/chibolita.es\/index.php\/wp-json\/wp\/v2\/product\/5715","targetHints":{"allow":["GET"]}}],"collection":[{"href":"https:\/\/chibolita.es\/index.php\/wp-json\/wp\/v2\/product"}],"about":[{"href":"https:\/\/chibolita.es\/index.php\/wp-json\/wp\/v2\/types\/product"}],"replies":[{"embeddable":true,"href":"https:\/\/chibolita.es\/index.php\/wp-json\/wp\/v2\/comments?post=5715"}],"wp:featuredmedia":[{"embeddable":true,"href":"https:\/\/chibolita.es\/index.php\/wp-json\/wp\/v2\/media\/5718"}],"wp:attachment":[{"href":"https:\/\/chibolita.es\/index.php\/wp-json\/wp\/v2\/media?parent=5715"}],"wp:term":[{"taxonomy":"product_brand","embeddable":true,"href":"https:\/\/chibolita.es\/index.php\/wp-json\/wp\/v2\/product_brand?post=5715"},{"taxonomy":"product_cat","embeddable":true,"href":"https:\/\/chibolita.es\/index.php\/wp-json\/wp\/v2\/product_cat?post=5715"},{"taxonomy":"product_tag","embeddable":true,"href":"https:\/\/chibolita.es\/index.php\/wp-json\/wp\/v2\/product_tag?post=5715"}],"curies":[{"name":"wp","href":"https:\/\/api.w.org\/{rel}","templated":true}]}}