{"id":5710,"date":"2023-05-13T16:27:16","date_gmt":"2023-05-13T16:27:16","guid":{"rendered":"https:\/\/chibolita.es\/?post_type=product&#038;p=5710"},"modified":"2023-05-13T16:28:10","modified_gmt":"2023-05-13T16:28:10","slug":"get-real-doble-dong-35-cm-natural","status":"publish","type":"product","link":"https:\/\/chibolita.es\/index.php\/product\/get-real-doble-dong-35-cm-natural\/","title":{"rendered":"GET REAL &#8211; DOBLE DONG 35 CM NATURAL"},"content":{"rendered":"<p>El Double Dong de la colecci\u00f3n Get Real es un dong realista de dos puntas para una diversi\u00f3n \u00edntima infinita!<\/p>\n<p>Este dise\u00f1o realista presenta una silueta de dos extremos para el doble de placer \u00edntimo. \u00daselo solo o comparta la satisfacci\u00f3n con un compa\u00f1ero: la elecci\u00f3n traviesa es toda suya!<\/p>\n<p>El Double Dong es seguro para el cuerpo y est\u00e1 hecho de PVC de calidad libre de ftalatos.<\/p>\n<p>Flexible pero firme, detalles realistas y tacto suave pero con la cantidad justa de dureza: este sexy Double Dong cumple todos los requisitos.<\/p>\n<p>Si quieres doble placer y doble estimulaci\u00f3n, es hora de Get Real\u00a0favorito!<\/p>\n","protected":false},"excerpt":{"rendered":"<p>El Double Dong de la colecci\u00f3n Get Real es un dong realista de dos puntas para una diversi\u00f3n \u00edntima infinita! Este dise\u00f1o realista presenta una silueta de dos extremos para el doble de placer \u00edntimo. \u00daselo solo o comparta la satisfacci\u00f3n con un compa\u00f1ero: la elecci\u00f3n traviesa es toda suya! El Double Dong es seguro [&hellip;]<\/p>\n","protected":false},"featured_media":5714,"comment_status":"open","ping_status":"closed","template":"","meta":{"_eb_attr":"","site-sidebar-layout":"default","site-content-layout":"default","ast-site-content-layout":"default","site-content-style":"default","site-sidebar-style":"default","ast-global-header-display":"","ast-banner-title-visibility":"","ast-main-header-display":"","ast-hfb-above-header-display":"","ast-hfb-below-header-display":"","ast-hfb-mobile-header-display":"","site-post-title":"","ast-breadcrumbs-content":"","ast-featured-img":"","footer-sml-layout":"","ast-disable-related-posts":"","theme-transparent-header-meta":"default","adv-header-id-meta":"","stick-header-meta":"","header-above-stick-meta":"","header-main-stick-meta":"","header-below-stick-meta":"","astra-migrate-meta-layouts":"default","ast-page-background-enabled":"default","ast-page-background-meta":{"desktop":{"background-color":"var(--ast-global-color-4)","background-image":"","background-repeat":"repeat","background-position":"center center","background-size":"auto","background-attachment":"scroll","background-type":"","background-media":"","overlay-type":"","overlay-color":"","overlay-opacity":"","overlay-gradient":""},"tablet":{"background-color":"","background-image":"","background-repeat":"repeat","background-position":"center center","background-size":"auto","background-attachment":"scroll","background-type":"","background-media":"","overlay-type":"","overlay-color":"","overlay-opacity":"","overlay-gradient":""},"mobile":{"background-color":"","background-image":"","background-repeat":"repeat","background-position":"center center","background-size":"auto","background-attachment":"scroll","background-type":"","background-media":"","overlay-type":"","overlay-color":"","overlay-opacity":"","overlay-gradient":""}},"ast-content-background-meta":{"desktop":{"background-color":"var(--ast-global-color-5)","background-image":"","background-repeat":"repeat","background-position":"center center","background-size":"auto","background-attachment":"scroll","background-type":"","background-media":"","overlay-type":"","overlay-color":"","overlay-opacity":"","overlay-gradient":""},"tablet":{"background-color":"var(--ast-global-color-5)","background-image":"","background-repeat":"repeat","background-position":"center center","background-size":"auto","background-attachment":"scroll","background-type":"","background-media":"","overlay-type":"","overlay-color":"","overlay-opacity":"","overlay-gradient":""},"mobile":{"background-color":"var(--ast-global-color-5)","background-image":"","background-repeat":"repeat","background-position":"center center","background-size":"auto","background-attachment":"scroll","background-type":"","background-media":"","overlay-type":"","overlay-color":"","overlay-opacity":"","overlay-gradient":""}}},"product_brand":[],"product_cat":[264,260,266,265],"product_tag":[],"class_list":{"0":"post-5710","1":"product","2":"type-product","3":"status-publish","4":"has-post-thumbnail","6":"product_cat-dildo-duplo","7":"product_cat-dildos-y-vibradores","8":"product_cat-doble-penetracion","9":"product_cat-fetish-bdsm","10":"desktop-align-left","11":"tablet-align-left","12":"mobile-align-left","14":"first","15":"instock","16":"shipping-taxable","17":"purchasable","18":"product-type-simple"},"_links":{"self":[{"href":"https:\/\/chibolita.es\/index.php\/wp-json\/wp\/v2\/product\/5710","targetHints":{"allow":["GET"]}}],"collection":[{"href":"https:\/\/chibolita.es\/index.php\/wp-json\/wp\/v2\/product"}],"about":[{"href":"https:\/\/chibolita.es\/index.php\/wp-json\/wp\/v2\/types\/product"}],"replies":[{"embeddable":true,"href":"https:\/\/chibolita.es\/index.php\/wp-json\/wp\/v2\/comments?post=5710"}],"wp:featuredmedia":[{"embeddable":true,"href":"https:\/\/chibolita.es\/index.php\/wp-json\/wp\/v2\/media\/5714"}],"wp:attachment":[{"href":"https:\/\/chibolita.es\/index.php\/wp-json\/wp\/v2\/media?parent=5710"}],"wp:term":[{"taxonomy":"product_brand","embeddable":true,"href":"https:\/\/chibolita.es\/index.php\/wp-json\/wp\/v2\/product_brand?post=5710"},{"taxonomy":"product_cat","embeddable":true,"href":"https:\/\/chibolita.es\/index.php\/wp-json\/wp\/v2\/product_cat?post=5710"},{"taxonomy":"product_tag","embeddable":true,"href":"https:\/\/chibolita.es\/index.php\/wp-json\/wp\/v2\/product_tag?post=5710"}],"curies":[{"name":"wp","href":"https:\/\/api.w.org\/{rel}","templated":true}]}}