{"id":5703,"date":"2023-05-13T16:25:20","date_gmt":"2023-05-13T16:25:20","guid":{"rendered":"https:\/\/chibolita.es\/?post_type=product&#038;p=5703"},"modified":"2023-05-13T16:26:36","modified_gmt":"2023-05-13T16:26:36","slug":"fun-factory-share-lite-double-arnes-dildo-blackberry","status":"publish","type":"product","link":"https:\/\/chibolita.es\/index.php\/product\/fun-factory-share-lite-double-arnes-dildo-blackberry\/","title":{"rendered":"FUN FACTORY &#8211; SHARE LITE DOUBLE ARNES DILDO BLACKBERRY"},"content":{"rendered":"<p><strong>Share\u00a0<\/strong>\u00a0<strong>Double Lite<\/strong>\u00a0<strong>\u00a1M\u00e1s luz y m\u00e1s resistente!<\/strong><\/p>\n<p>Y es por eso que te encantar\u00e1 el Double Lite actualizado, que ofrece el \u00faltimo sentido de cercan\u00eda y juego espont\u00e1neo sin arneses. Con este juguete sexual, puede hacer cambios r\u00e1pidos en la posici\u00f3n y experimentar una estimulaci\u00f3n precisa en ambos lados. En comparaci\u00f3n con la parte de la edici\u00f3n anterior, Fun Factorys Double Dildo, Share Lite es un 22% m\u00e1s ligero, lo que lo convierte en el primer consolador doble liviano del mundo, Share Lite se puede mantener en su lugar con los m\u00fasculos del piso p\u00e9lvico sin arn\u00e9s. Todo lo que tienes que hacer es fluir\u00a0y disfrutar.<\/p>\n<p>El n\u00facleo innovador liviano significa que no hay deslizamiento un 22% m\u00e1s ligero que el original.\u00a0La participaci\u00f3n puede mantenerse en su lugar por los m\u00fasculos del piso p\u00e9lvico para un uso reequilibrado de 100% sin arneses para que la bellota se mantenga en posici\u00f3n vertical durante el juego.<\/p>\n<p><strong>El double\u00a0m\u00e1s ligero<\/strong><br \/>\nCon el consolador Double Lite, olvidar\u00e1s el mundo que te rodea. El juguete sexual de peso ultra ligero punt\u00faa bien durante el juego de roles, las fijaciones y m\u00e1s. Adem\u00e1s de sentirse m\u00e1s cerca que nunca, usted y su pareja pueden disfrutar de la estimulaci\u00f3n dirigida en ambos lados, sin un arn\u00e9s.<\/p>\n<p><strong>\u00bfC\u00f3mo uso un dildo\u00a0doble extremo?\u00a0<\/strong><br \/>\nEl eje m\u00e1s corto se usa vaginalmente, puede sostenerlo y controlarlo con los m\u00fasculos del piso p\u00e9lvico sin ning\u00fan esfuerzo y sin arn\u00e9s. El dise\u00f1o curvo significa que el juguete est\u00e1 dirigido exactamente a su punto G cuando lo usa. \u00bfY si eres el destinatario? La parte m\u00e1s larga masajear\u00e1 su punto G o pr\u00f3stata.<\/p>\n<p><strong>\u00bfCu\u00e1l es la diferencia con otros dildos dobles?<\/strong><br \/>\n\u00a1Mucho! Fun Factory cre\u00f3 compartir Lite en respuesta a los comentarios de los clientes sobre otros consoladores dobles. Algunos otros juguetes est\u00e1n hechos de silicona resistente, lo que los hace demasiado pesados para usar sin arn\u00e9s. Es por eso que dise\u00f1aron compartir Lite con un ligero n\u00facleo interno que es f\u00e1cil de usar. Y la punta\u00a0es m\u00e1s larga que otros modelos para golpes m\u00e1s calientes y m\u00e1s naturales. Y esto sin el punto de ca\u00edda.<\/p>\n<p><strong>\u00bfPuedo realmente usar esto sin arn\u00e9s?<\/strong><br \/>\n\u00a1Pero por supuesto! El extremo de la pieza\u00a0es resistente al movimiento, incluso si te sientes mojado por dentro. Y el ligero n\u00facleo interior\u00a0evita que el final del receptor se hunda, por muy en\u00e9rgicamente que juegues.. l agarre flexible pero firme te permite ajustar el juguete de la forma que necesites para conseguir el ajuste m\u00e1s seguro y c\u00f3modo.<\/p>\n<p><strong>\u00bfNo se hundir\u00e1 la punta\u00a0durante mi sesi\u00f3n de juego?<\/strong><br \/>\n\u00a1No! Con su dise\u00f1o equilibrado y su n\u00facleo interno liviano, Share Lite se mantiene \u00aberguido\u00bb incluso en sus posiciones m\u00e1s aventureras.<\/p>\n<p><strong>Entonces, \u00bfpuedo cambiar de posici\u00f3n muy r\u00e1pido con este dildo doble?<\/strong><br \/>\n\u00a1Por supuesto, porque eso es lo que la gente quiere con un consolador doble! Comparta los puntajes de Lite con una articulaci\u00f3n m\u00f3vil que permanece estable. Ofrece el m\u00e1ximo control y ca\u00edda cero.<\/p>\n<p><strong>\u00bfPuedo tambi\u00e9n divertirme en solitario con Share Lite?<\/strong><br \/>\n\u00a1Ooh s\u00ed!. Aqu\u00ed hay una sugerencia: sostenga el extremo m\u00e1s corto en su mano y use el extremo largo de su doble dildo para un masaje preciso de punto G. Incluso puedes usar el juguete analmente para la diversi\u00f3n en solitario.<\/p>\n<p><strong>PROPIEDADES<\/strong><br \/>\nTama\u00f1o: 30 cm y \u00d8 2.5-4.05 cm<br \/>\nPeso: 331 gramos<br \/>\nMaterial: Cuerpo seguro 100% de silicona m\u00e9dica<\/p>\n","protected":false},"excerpt":{"rendered":"<p>Share\u00a0\u00a0Double Lite\u00a0\u00a1M\u00e1s luz y m\u00e1s resistente! Y es por eso que te encantar\u00e1 el Double Lite actualizado, que ofrece el \u00faltimo sentido de cercan\u00eda y juego espont\u00e1neo sin arneses. Con este juguete sexual, puede hacer cambios r\u00e1pidos en la posici\u00f3n y experimentar una estimulaci\u00f3n precisa en ambos lados. En comparaci\u00f3n con la parte de la [&hellip;]<\/p>\n","protected":false},"featured_media":5709,"comment_status":"open","ping_status":"closed","template":"","meta":{"_eb_attr":"","site-sidebar-layout":"default","site-content-layout":"default","ast-site-content-layout":"default","site-content-style":"default","site-sidebar-style":"default","ast-global-header-display":"","ast-banner-title-visibility":"","ast-main-header-display":"","ast-hfb-above-header-display":"","ast-hfb-below-header-display":"","ast-hfb-mobile-header-display":"","site-post-title":"","ast-breadcrumbs-content":"","ast-featured-img":"","footer-sml-layout":"","ast-disable-related-posts":"","theme-transparent-header-meta":"default","adv-header-id-meta":"","stick-header-meta":"","header-above-stick-meta":"","header-main-stick-meta":"","header-below-stick-meta":"","astra-migrate-meta-layouts":"default","ast-page-background-enabled":"default","ast-page-background-meta":{"desktop":{"background-color":"var(--ast-global-color-4)","background-image":"","background-repeat":"repeat","background-position":"center center","background-size":"auto","background-attachment":"scroll","background-type":"","background-media":"","overlay-type":"","overlay-color":"","overlay-opacity":"","overlay-gradient":""},"tablet":{"background-color":"","background-image":"","background-repeat":"repeat","background-position":"center center","background-size":"auto","background-attachment":"scroll","background-type":"","background-media":"","overlay-type":"","overlay-color":"","overlay-opacity":"","overlay-gradient":""},"mobile":{"background-color":"","background-image":"","background-repeat":"repeat","background-position":"center center","background-size":"auto","background-attachment":"scroll","background-type":"","background-media":"","overlay-type":"","overlay-color":"","overlay-opacity":"","overlay-gradient":""}},"ast-content-background-meta":{"desktop":{"background-color":"var(--ast-global-color-5)","background-image":"","background-repeat":"repeat","background-position":"center center","background-size":"auto","background-attachment":"scroll","background-type":"","background-media":"","overlay-type":"","overlay-color":"","overlay-opacity":"","overlay-gradient":""},"tablet":{"background-color":"var(--ast-global-color-5)","background-image":"","background-repeat":"repeat","background-position":"center center","background-size":"auto","background-attachment":"scroll","background-type":"","background-media":"","overlay-type":"","overlay-color":"","overlay-opacity":"","overlay-gradient":""},"mobile":{"background-color":"var(--ast-global-color-5)","background-image":"","background-repeat":"repeat","background-position":"center center","background-size":"auto","background-attachment":"scroll","background-type":"","background-media":"","overlay-type":"","overlay-color":"","overlay-opacity":"","overlay-gradient":""}}},"product_brand":[],"product_cat":[264,260,266,265,272],"product_tag":[],"class_list":{"0":"post-5703","1":"product","2":"type-product","3":"status-publish","4":"has-post-thumbnail","6":"product_cat-dildo-duplo","7":"product_cat-dildos-y-vibradores","8":"product_cat-doble-penetracion","9":"product_cat-fetish-bdsm","10":"product_cat-strapon","11":"desktop-align-left","12":"tablet-align-left","13":"mobile-align-left","15":"first","16":"instock","17":"sale","18":"shipping-taxable","19":"purchasable","20":"product-type-simple"},"_links":{"self":[{"href":"https:\/\/chibolita.es\/index.php\/wp-json\/wp\/v2\/product\/5703","targetHints":{"allow":["GET"]}}],"collection":[{"href":"https:\/\/chibolita.es\/index.php\/wp-json\/wp\/v2\/product"}],"about":[{"href":"https:\/\/chibolita.es\/index.php\/wp-json\/wp\/v2\/types\/product"}],"replies":[{"embeddable":true,"href":"https:\/\/chibolita.es\/index.php\/wp-json\/wp\/v2\/comments?post=5703"}],"wp:featuredmedia":[{"embeddable":true,"href":"https:\/\/chibolita.es\/index.php\/wp-json\/wp\/v2\/media\/5709"}],"wp:attachment":[{"href":"https:\/\/chibolita.es\/index.php\/wp-json\/wp\/v2\/media?parent=5703"}],"wp:term":[{"taxonomy":"product_brand","embeddable":true,"href":"https:\/\/chibolita.es\/index.php\/wp-json\/wp\/v2\/product_brand?post=5703"},{"taxonomy":"product_cat","embeddable":true,"href":"https:\/\/chibolita.es\/index.php\/wp-json\/wp\/v2\/product_cat?post=5703"},{"taxonomy":"product_tag","embeddable":true,"href":"https:\/\/chibolita.es\/index.php\/wp-json\/wp\/v2\/product_tag?post=5703"}],"curies":[{"name":"wp","href":"https:\/\/api.w.org\/{rel}","templated":true}]}}