{"id":5679,"date":"2023-05-13T16:15:29","date_gmt":"2023-05-13T16:15:29","guid":{"rendered":"https:\/\/chibolita.es\/?post_type=product&#038;p=5679"},"modified":"2023-05-13T16:16:30","modified_gmt":"2023-05-13T16:16:30","slug":"hung-system-doble-penetracion-negro","status":"publish","type":"product","link":"https:\/\/chibolita.es\/index.php\/product\/hung-system-doble-penetracion-negro\/","title":{"rendered":"HUNG SYSTEM DOBLE PENETRACI\u00d3N NEGRO"},"content":{"rendered":"<p>Disfruta del Hung System , conecta los dildos de la marca hung system a este accesorio y convi\u00e9rtelo en un toy de doble penetraci\u00f3n.<\/p>\n<p>Este doble enchufe permite unir dos juguetes Hung entre s\u00ed. Convierta sus juguetes Hung favoritos en un consolador doble.<\/p>\n<p>Dise\u00f1ado para brindarle la mejor satisfacci\u00f3n y sensaci\u00f3n.<\/p>\n<p>El sistema Hung garantiza una experiencia inolvidable.<\/p>\n<ul>\n<li>Peso embalaje 245 gram<\/li>\n<li>Dimensiones del producto 30 x 7 x 7 cm<\/li>\n<li>Peso del producto 190 gram<\/li>\n<li>Materiales PP, TPE<\/li>\n<\/ul>\n","protected":false},"excerpt":{"rendered":"<p>Disfruta del Hung System , conecta los dildos de la marca hung system a este accesorio y convi\u00e9rtelo en un toy de doble penetraci\u00f3n. Este doble enchufe permite unir dos juguetes Hung entre s\u00ed. Convierta sus juguetes Hung favoritos en un consolador doble. Dise\u00f1ado para brindarle la mejor satisfacci\u00f3n y sensaci\u00f3n. El sistema Hung garantiza [&hellip;]<\/p>\n","protected":false},"featured_media":5681,"comment_status":"open","ping_status":"closed","template":"","meta":{"_eb_attr":"","site-sidebar-layout":"default","site-content-layout":"default","ast-site-content-layout":"default","site-content-style":"default","site-sidebar-style":"default","ast-global-header-display":"","ast-banner-title-visibility":"","ast-main-header-display":"","ast-hfb-above-header-display":"","ast-hfb-below-header-display":"","ast-hfb-mobile-header-display":"","site-post-title":"","ast-breadcrumbs-content":"","ast-featured-img":"","footer-sml-layout":"","ast-disable-related-posts":"","theme-transparent-header-meta":"default","adv-header-id-meta":"","stick-header-meta":"","header-above-stick-meta":"","header-main-stick-meta":"","header-below-stick-meta":"","astra-migrate-meta-layouts":"default","ast-page-background-enabled":"default","ast-page-background-meta":{"desktop":{"background-color":"var(--ast-global-color-4)","background-image":"","background-repeat":"repeat","background-position":"center center","background-size":"auto","background-attachment":"scroll","background-type":"","background-media":"","overlay-type":"","overlay-color":"","overlay-opacity":"","overlay-gradient":""},"tablet":{"background-color":"","background-image":"","background-repeat":"repeat","background-position":"center center","background-size":"auto","background-attachment":"scroll","background-type":"","background-media":"","overlay-type":"","overlay-color":"","overlay-opacity":"","overlay-gradient":""},"mobile":{"background-color":"","background-image":"","background-repeat":"repeat","background-position":"center center","background-size":"auto","background-attachment":"scroll","background-type":"","background-media":"","overlay-type":"","overlay-color":"","overlay-opacity":"","overlay-gradient":""}},"ast-content-background-meta":{"desktop":{"background-color":"var(--ast-global-color-5)","background-image":"","background-repeat":"repeat","background-position":"center center","background-size":"auto","background-attachment":"scroll","background-type":"","background-media":"","overlay-type":"","overlay-color":"","overlay-opacity":"","overlay-gradient":""},"tablet":{"background-color":"var(--ast-global-color-5)","background-image":"","background-repeat":"repeat","background-position":"center center","background-size":"auto","background-attachment":"scroll","background-type":"","background-media":"","overlay-type":"","overlay-color":"","overlay-opacity":"","overlay-gradient":""},"mobile":{"background-color":"var(--ast-global-color-5)","background-image":"","background-repeat":"repeat","background-position":"center center","background-size":"auto","background-attachment":"scroll","background-type":"","background-media":"","overlay-type":"","overlay-color":"","overlay-opacity":"","overlay-gradient":""}}},"product_brand":[],"product_cat":[266,265],"product_tag":[],"class_list":{"0":"post-5679","1":"product","2":"type-product","3":"status-publish","4":"has-post-thumbnail","6":"product_cat-doble-penetracion","7":"product_cat-fetish-bdsm","8":"desktop-align-left","9":"tablet-align-left","10":"mobile-align-left","12":"first","13":"instock","14":"shipping-taxable","15":"purchasable","16":"product-type-simple"},"_links":{"self":[{"href":"https:\/\/chibolita.es\/index.php\/wp-json\/wp\/v2\/product\/5679","targetHints":{"allow":["GET"]}}],"collection":[{"href":"https:\/\/chibolita.es\/index.php\/wp-json\/wp\/v2\/product"}],"about":[{"href":"https:\/\/chibolita.es\/index.php\/wp-json\/wp\/v2\/types\/product"}],"replies":[{"embeddable":true,"href":"https:\/\/chibolita.es\/index.php\/wp-json\/wp\/v2\/comments?post=5679"}],"wp:featuredmedia":[{"embeddable":true,"href":"https:\/\/chibolita.es\/index.php\/wp-json\/wp\/v2\/media\/5681"}],"wp:attachment":[{"href":"https:\/\/chibolita.es\/index.php\/wp-json\/wp\/v2\/media?parent=5679"}],"wp:term":[{"taxonomy":"product_brand","embeddable":true,"href":"https:\/\/chibolita.es\/index.php\/wp-json\/wp\/v2\/product_brand?post=5679"},{"taxonomy":"product_cat","embeddable":true,"href":"https:\/\/chibolita.es\/index.php\/wp-json\/wp\/v2\/product_cat?post=5679"},{"taxonomy":"product_tag","embeddable":true,"href":"https:\/\/chibolita.es\/index.php\/wp-json\/wp\/v2\/product_tag?post=5679"}],"curies":[{"name":"wp","href":"https:\/\/api.w.org\/{rel}","templated":true}]}}