{"id":5666,"date":"2023-05-13T15:58:37","date_gmt":"2023-05-13T15:58:37","guid":{"rendered":"https:\/\/chibolita.es\/?post_type=product&#038;p=5666"},"modified":"2023-05-13T16:00:00","modified_gmt":"2023-05-13T16:00:00","slug":"baile-ultra-passionate-harness-dildos-dobles-con-arnes","status":"publish","type":"product","link":"https:\/\/chibolita.es\/index.php\/product\/baile-ultra-passionate-harness-dildos-dobles-con-arnes\/","title":{"rendered":"BAILE ULTRA PASSIONATE HARNESS DILDOS DOBLES CON ARN\u00c9S"},"content":{"rendered":"<div id=\"contenido_textos_avanzados_pestanyas\" class=\"desktop\">\n<div id=\"div_textos_avanzados_pestanyas_descripcion_larga\" class=\"pestanyaCliente descripcionLarga\">\n<p>Doble pene para doble placer! Simplemente inserte este doble pene dentro de la cuerda del arn\u00e9s e inserte el pene dentro de usted mismo y empuje con lujuria&#8230; Para un ajuste perfecto, la cintura del cord\u00f3n negro del arn\u00e9s es ajustable. Ambos grandes consoladores TPR brindan placer debido a su inusual textura acanalada. Esto significa que tanto la persona pasiva como la activa se estimulan al mismo tiempo.<\/p>\n<p>Caracter\u00edsticas:<\/p>\n<ul>\n<li>Impermeable<\/li>\n<li>Material: TPR<\/li>\n<li>Color: Natural<\/li>\n<\/ul>\n<p>Pretty Love fabrica productos de alta calidad. Tienen 1 a\u00f1o de garant\u00eda en defectos t\u00e9cnicos.<\/p>\n<\/div>\n<\/div>\n<div class=\"datosProducto\">\n<div class=\"fichaMarca\"><\/div>\n<\/div>\n","protected":false},"excerpt":{"rendered":"<p>Doble pene para doble placer! Simplemente inserte este doble pene dentro de la cuerda del arn\u00e9s e inserte el pene dentro de usted mismo y empuje con lujuria&#8230; Para un ajuste perfecto, la cintura del cord\u00f3n negro del arn\u00e9s es ajustable. Ambos grandes consoladores TPR brindan placer debido a su inusual textura acanalada. Esto significa [&hellip;]<\/p>\n","protected":false},"featured_media":5670,"comment_status":"open","ping_status":"closed","template":"","meta":{"_eb_attr":"","site-sidebar-layout":"default","site-content-layout":"default","ast-site-content-layout":"default","site-content-style":"default","site-sidebar-style":"default","ast-global-header-display":"","ast-banner-title-visibility":"","ast-main-header-display":"","ast-hfb-above-header-display":"","ast-hfb-below-header-display":"","ast-hfb-mobile-header-display":"","site-post-title":"","ast-breadcrumbs-content":"","ast-featured-img":"","footer-sml-layout":"","ast-disable-related-posts":"","theme-transparent-header-meta":"default","adv-header-id-meta":"","stick-header-meta":"","header-above-stick-meta":"","header-main-stick-meta":"","header-below-stick-meta":"","astra-migrate-meta-layouts":"default","ast-page-background-enabled":"default","ast-page-background-meta":{"desktop":{"background-color":"var(--ast-global-color-4)","background-image":"","background-repeat":"repeat","background-position":"center center","background-size":"auto","background-attachment":"scroll","background-type":"","background-media":"","overlay-type":"","overlay-color":"","overlay-opacity":"","overlay-gradient":""},"tablet":{"background-color":"","background-image":"","background-repeat":"repeat","background-position":"center center","background-size":"auto","background-attachment":"scroll","background-type":"","background-media":"","overlay-type":"","overlay-color":"","overlay-opacity":"","overlay-gradient":""},"mobile":{"background-color":"","background-image":"","background-repeat":"repeat","background-position":"center center","background-size":"auto","background-attachment":"scroll","background-type":"","background-media":"","overlay-type":"","overlay-color":"","overlay-opacity":"","overlay-gradient":""}},"ast-content-background-meta":{"desktop":{"background-color":"var(--ast-global-color-5)","background-image":"","background-repeat":"repeat","background-position":"center center","background-size":"auto","background-attachment":"scroll","background-type":"","background-media":"","overlay-type":"","overlay-color":"","overlay-opacity":"","overlay-gradient":""},"tablet":{"background-color":"var(--ast-global-color-5)","background-image":"","background-repeat":"repeat","background-position":"center center","background-size":"auto","background-attachment":"scroll","background-type":"","background-media":"","overlay-type":"","overlay-color":"","overlay-opacity":"","overlay-gradient":""},"mobile":{"background-color":"var(--ast-global-color-5)","background-image":"","background-repeat":"repeat","background-position":"center center","background-size":"auto","background-attachment":"scroll","background-type":"","background-media":"","overlay-type":"","overlay-color":"","overlay-opacity":"","overlay-gradient":""}}},"product_brand":[],"product_cat":[264,260,265,272],"product_tag":[],"class_list":{"0":"post-5666","1":"product","2":"type-product","3":"status-publish","4":"has-post-thumbnail","6":"product_cat-dildo-duplo","7":"product_cat-dildos-y-vibradores","8":"product_cat-fetish-bdsm","9":"product_cat-strapon","10":"desktop-align-left","11":"tablet-align-left","12":"mobile-align-left","14":"first","15":"instock","16":"sale","17":"shipping-taxable","18":"purchasable","19":"product-type-simple"},"_links":{"self":[{"href":"https:\/\/chibolita.es\/index.php\/wp-json\/wp\/v2\/product\/5666","targetHints":{"allow":["GET"]}}],"collection":[{"href":"https:\/\/chibolita.es\/index.php\/wp-json\/wp\/v2\/product"}],"about":[{"href":"https:\/\/chibolita.es\/index.php\/wp-json\/wp\/v2\/types\/product"}],"replies":[{"embeddable":true,"href":"https:\/\/chibolita.es\/index.php\/wp-json\/wp\/v2\/comments?post=5666"}],"wp:featuredmedia":[{"embeddable":true,"href":"https:\/\/chibolita.es\/index.php\/wp-json\/wp\/v2\/media\/5670"}],"wp:attachment":[{"href":"https:\/\/chibolita.es\/index.php\/wp-json\/wp\/v2\/media?parent=5666"}],"wp:term":[{"taxonomy":"product_brand","embeddable":true,"href":"https:\/\/chibolita.es\/index.php\/wp-json\/wp\/v2\/product_brand?post=5666"},{"taxonomy":"product_cat","embeddable":true,"href":"https:\/\/chibolita.es\/index.php\/wp-json\/wp\/v2\/product_cat?post=5666"},{"taxonomy":"product_tag","embeddable":true,"href":"https:\/\/chibolita.es\/index.php\/wp-json\/wp\/v2\/product_tag?post=5666"}],"curies":[{"name":"wp","href":"https:\/\/api.w.org\/{rel}","templated":true}]}}