{"id":5616,"date":"2023-05-13T15:23:50","date_gmt":"2023-05-13T15:23:50","guid":{"rendered":"https:\/\/chibolita.es\/?post_type=product&#038;p=5616"},"modified":"2026-04-14T07:57:19","modified_gmt":"2026-04-14T07:57:19","slug":"icicles-dildo-numero-89","status":"publish","type":"product","link":"https:\/\/chibolita.es\/index.php\/product\/icicles-dildo-numero-89\/","title":{"rendered":"ICICLES DILDO NUMERO 89"},"content":{"rendered":"<p>Icicle No. 89 est\u00e1 dise\u00f1ado para crear la mejor experiencia en despertar sesiones de sexo en solitario, \u00a1o compartirla con una pareja para una aventura sexual sublime! Esta varita de vidrio suave y sedosa est\u00e1 h\u00e1bilmente curvada para masajes p\u00e9lvicos sensuales, con un contorno seductoramente delgado rematado con una punta m\u00e1s gruesa y redondeada. La base de 5,2 cm es perfecta para el agarre y el uso del arn\u00e9s.<\/p>\n<p>Una base de ventosa de silicona Elite potente y extra\u00edble mantiene el Icicle No. 89 firmemente en su lugar, para brindarle una estimulaci\u00f3n emocionante justo donde lo desea. Adem\u00e1s, la base suave de silicona es altamente flexible, lo que le brinda la libertad de placer desde pr\u00e1cticamente cualquier \u00e1ngulo.<\/p>\n<ul>\n<li>Dimensi\u00f3n del producto\n<ul>\n<li>Dong: 18 x 3,2 cm de |<\/li>\n<li>Base de la ventosa: 4,4 x 7 cm<\/li>\n<li>Longitud total 18 cm<\/li>\n<li>Di\u00e1metro 3,2 cm<\/li>\n<li>Longitud insertable 16,5 cm<\/li>\n<\/ul>\n<\/li>\n<li>Bodysafe S\u00ed<\/li>\n<li>Material | de vidrio Silicona<\/li>\n<\/ul>\n","protected":false},"excerpt":{"rendered":"<p>Icicle No. 89 est\u00e1 dise\u00f1ado para crear la mejor experiencia en despertar sesiones de sexo en solitario, \u00a1o compartirla con una pareja para una aventura sexual sublime! Esta varita de vidrio suave y sedosa est\u00e1 h\u00e1bilmente curvada para masajes p\u00e9lvicos sensuales, con un contorno seductoramente delgado rematado con una punta m\u00e1s gruesa y redondeada. La [&hellip;]<\/p>\n","protected":false},"featured_media":5619,"comment_status":"open","ping_status":"closed","template":"","meta":{"_eb_attr":"","site-sidebar-layout":"default","site-content-layout":"default","ast-site-content-layout":"default","site-content-style":"default","site-sidebar-style":"default","ast-global-header-display":"","ast-banner-title-visibility":"","ast-main-header-display":"","ast-hfb-above-header-display":"","ast-hfb-below-header-display":"","ast-hfb-mobile-header-display":"","site-post-title":"","ast-breadcrumbs-content":"","ast-featured-img":"","footer-sml-layout":"","ast-disable-related-posts":"","theme-transparent-header-meta":"default","adv-header-id-meta":"","stick-header-meta":"","header-above-stick-meta":"","header-main-stick-meta":"","header-below-stick-meta":"","astra-migrate-meta-layouts":"default","ast-page-background-enabled":"default","ast-page-background-meta":{"desktop":{"background-color":"var(--ast-global-color-4)","background-image":"","background-repeat":"repeat","background-position":"center center","background-size":"auto","background-attachment":"scroll","background-type":"","background-media":"","overlay-type":"","overlay-color":"","overlay-opacity":"","overlay-gradient":""},"tablet":{"background-color":"","background-image":"","background-repeat":"repeat","background-position":"center center","background-size":"auto","background-attachment":"scroll","background-type":"","background-media":"","overlay-type":"","overlay-color":"","overlay-opacity":"","overlay-gradient":""},"mobile":{"background-color":"","background-image":"","background-repeat":"repeat","background-position":"center center","background-size":"auto","background-attachment":"scroll","background-type":"","background-media":"","overlay-type":"","overlay-color":"","overlay-opacity":"","overlay-gradient":""}},"ast-content-background-meta":{"desktop":{"background-color":"var(--ast-global-color-5)","background-image":"","background-repeat":"repeat","background-position":"center center","background-size":"auto","background-attachment":"scroll","background-type":"","background-media":"","overlay-type":"","overlay-color":"","overlay-opacity":"","overlay-gradient":""},"tablet":{"background-color":"var(--ast-global-color-5)","background-image":"","background-repeat":"repeat","background-position":"center center","background-size":"auto","background-attachment":"scroll","background-type":"","background-media":"","overlay-type":"","overlay-color":"","overlay-opacity":"","overlay-gradient":""},"mobile":{"background-color":"var(--ast-global-color-5)","background-image":"","background-repeat":"repeat","background-position":"center center","background-size":"auto","background-attachment":"scroll","background-type":"","background-media":"","overlay-type":"","overlay-color":"","overlay-opacity":"","overlay-gradient":""}}},"product_brand":[],"product_cat":[271,261,260],"product_tag":[],"class_list":{"0":"post-5616","1":"product","2":"type-product","3":"status-publish","4":"has-post-thumbnail","6":"product_cat-dildo-coleccion","7":"product_cat-dildos","8":"product_cat-dildos-y-vibradores","9":"desktop-align-left","10":"tablet-align-left","11":"mobile-align-left","13":"first","14":"instock","15":"shipping-taxable","16":"purchasable","17":"product-type-simple"},"_links":{"self":[{"href":"https:\/\/chibolita.es\/index.php\/wp-json\/wp\/v2\/product\/5616","targetHints":{"allow":["GET"]}}],"collection":[{"href":"https:\/\/chibolita.es\/index.php\/wp-json\/wp\/v2\/product"}],"about":[{"href":"https:\/\/chibolita.es\/index.php\/wp-json\/wp\/v2\/types\/product"}],"replies":[{"embeddable":true,"href":"https:\/\/chibolita.es\/index.php\/wp-json\/wp\/v2\/comments?post=5616"}],"wp:featuredmedia":[{"embeddable":true,"href":"https:\/\/chibolita.es\/index.php\/wp-json\/wp\/v2\/media\/5619"}],"wp:attachment":[{"href":"https:\/\/chibolita.es\/index.php\/wp-json\/wp\/v2\/media?parent=5616"}],"wp:term":[{"taxonomy":"product_brand","embeddable":true,"href":"https:\/\/chibolita.es\/index.php\/wp-json\/wp\/v2\/product_brand?post=5616"},{"taxonomy":"product_cat","embeddable":true,"href":"https:\/\/chibolita.es\/index.php\/wp-json\/wp\/v2\/product_cat?post=5616"},{"taxonomy":"product_tag","embeddable":true,"href":"https:\/\/chibolita.es\/index.php\/wp-json\/wp\/v2\/product_tag?post=5616"}],"curies":[{"name":"wp","href":"https:\/\/api.w.org\/{rel}","templated":true}]}}