{"id":5611,"date":"2023-05-13T15:21:07","date_gmt":"2023-05-13T15:21:07","guid":{"rendered":"https:\/\/chibolita.es\/?post_type=product&#038;p=5611"},"modified":"2023-05-13T15:22:47","modified_gmt":"2023-05-13T15:22:47","slug":"calex-boundless-dildo-12-cm-compatible-con-arnes","status":"publish","type":"product","link":"https:\/\/chibolita.es\/index.php\/product\/calex-boundless-dildo-12-cm-compatible-con-arnes\/","title":{"rendered":"CALEX BOUNDLESS DILDO 12 CM COMPATIBLE CON ARNES"},"content":{"rendered":"<p>El Boundless de 4.75 \u201dseguramente lo empujar\u00e1 al mundo org\u00e1smico con una\u00a0estimulaci\u00f3n interna sensacional.<\/p>\n<p>El eje perfectamente angulado y estriado y su base con su fuerte ventosa le permiten proporcionar una estimulaci\u00f3n precisa con cada empuje, al ser\u00a0r\u00edgido pero curvado se creado\u00a0para alcanzar los puntos sensitivos de placer internos<\/p>\n<p>Una base con ventosa\u00a0es perfecta para un juego creativo de placer con manos libres, simplemente desl\u00edzate en tu arn\u00e9s favorito o m\u00f3ntelo en una superficie plana para pasar un buen rato<\/p>\n<p>La silicona de primera calidad hipoalerg\u00e9nica es segura para el cuerpo, sin perfume y sin ftalatos para mantener los puntos m\u00e1s sensibles, felices y saludables.<\/p>\n<ul>\n<li>Dildo de silicona premium con textura sensual y sin costuras<\/li>\n<li>Dise\u00f1o curvo y estriado para mayor comodidad y facilidad de uso<\/li>\n<li>Base de ventosa de perfil bajo resistente<\/li>\n<li>Se adapta a la mayor\u00eda de los arneses<\/li>\n<li>Dimensiones del producto:\n<ul>\n<li>12 cm x 2.5 cm (dildo)<\/li>\n<li>7.5 cm (base)<\/li>\n<\/ul>\n<\/li>\n<li>Impermeable: S\u00ed<\/li>\n<li>Bodysafe: Si<\/li>\n<li>Material: Silicona<\/li>\n<li>Ventosa: S\u00ed<\/li>\n<li>1 a\u00f1o de garant\u00eda<\/li>\n<\/ul>\n","protected":false},"excerpt":{"rendered":"<p>El Boundless de 4.75 \u201dseguramente lo empujar\u00e1 al mundo org\u00e1smico con una\u00a0estimulaci\u00f3n interna sensacional. El eje perfectamente angulado y estriado y su base con su fuerte ventosa le permiten proporcionar una estimulaci\u00f3n precisa con cada empuje, al ser\u00a0r\u00edgido pero curvado se creado\u00a0para alcanzar los puntos sensitivos de placer internos Una base con ventosa\u00a0es perfecta para [&hellip;]<\/p>\n","protected":false},"featured_media":5615,"comment_status":"open","ping_status":"closed","template":"","meta":{"_eb_attr":"","site-sidebar-layout":"default","site-content-layout":"default","ast-site-content-layout":"default","site-content-style":"default","site-sidebar-style":"default","ast-global-header-display":"","ast-banner-title-visibility":"","ast-main-header-display":"","ast-hfb-above-header-display":"","ast-hfb-below-header-display":"","ast-hfb-mobile-header-display":"","site-post-title":"","ast-breadcrumbs-content":"","ast-featured-img":"","footer-sml-layout":"","ast-disable-related-posts":"","theme-transparent-header-meta":"default","adv-header-id-meta":"","stick-header-meta":"","header-above-stick-meta":"","header-main-stick-meta":"","header-below-stick-meta":"","astra-migrate-meta-layouts":"default","ast-page-background-enabled":"default","ast-page-background-meta":{"desktop":{"background-color":"var(--ast-global-color-4)","background-image":"","background-repeat":"repeat","background-position":"center center","background-size":"auto","background-attachment":"scroll","background-type":"","background-media":"","overlay-type":"","overlay-color":"","overlay-opacity":"","overlay-gradient":""},"tablet":{"background-color":"","background-image":"","background-repeat":"repeat","background-position":"center center","background-size":"auto","background-attachment":"scroll","background-type":"","background-media":"","overlay-type":"","overlay-color":"","overlay-opacity":"","overlay-gradient":""},"mobile":{"background-color":"","background-image":"","background-repeat":"repeat","background-position":"center center","background-size":"auto","background-attachment":"scroll","background-type":"","background-media":"","overlay-type":"","overlay-color":"","overlay-opacity":"","overlay-gradient":""}},"ast-content-background-meta":{"desktop":{"background-color":"var(--ast-global-color-5)","background-image":"","background-repeat":"repeat","background-position":"center center","background-size":"auto","background-attachment":"scroll","background-type":"","background-media":"","overlay-type":"","overlay-color":"","overlay-opacity":"","overlay-gradient":""},"tablet":{"background-color":"var(--ast-global-color-5)","background-image":"","background-repeat":"repeat","background-position":"center center","background-size":"auto","background-attachment":"scroll","background-type":"","background-media":"","overlay-type":"","overlay-color":"","overlay-opacity":"","overlay-gradient":""},"mobile":{"background-color":"var(--ast-global-color-5)","background-image":"","background-repeat":"repeat","background-position":"center center","background-size":"auto","background-attachment":"scroll","background-type":"","background-media":"","overlay-type":"","overlay-color":"","overlay-opacity":"","overlay-gradient":""}}},"product_brand":[],"product_cat":[265,270],"product_tag":[],"class_list":{"0":"post-5611","1":"product","2":"type-product","3":"status-publish","4":"has-post-thumbnail","6":"product_cat-fetish-bdsm","7":"product_cat-sexo-anal","8":"desktop-align-left","9":"tablet-align-left","10":"mobile-align-left","12":"first","13":"instock","14":"shipping-taxable","15":"purchasable","16":"product-type-simple"},"_links":{"self":[{"href":"https:\/\/chibolita.es\/index.php\/wp-json\/wp\/v2\/product\/5611","targetHints":{"allow":["GET"]}}],"collection":[{"href":"https:\/\/chibolita.es\/index.php\/wp-json\/wp\/v2\/product"}],"about":[{"href":"https:\/\/chibolita.es\/index.php\/wp-json\/wp\/v2\/types\/product"}],"replies":[{"embeddable":true,"href":"https:\/\/chibolita.es\/index.php\/wp-json\/wp\/v2\/comments?post=5611"}],"wp:featuredmedia":[{"embeddable":true,"href":"https:\/\/chibolita.es\/index.php\/wp-json\/wp\/v2\/media\/5615"}],"wp:attachment":[{"href":"https:\/\/chibolita.es\/index.php\/wp-json\/wp\/v2\/media?parent=5611"}],"wp:term":[{"taxonomy":"product_brand","embeddable":true,"href":"https:\/\/chibolita.es\/index.php\/wp-json\/wp\/v2\/product_brand?post=5611"},{"taxonomy":"product_cat","embeddable":true,"href":"https:\/\/chibolita.es\/index.php\/wp-json\/wp\/v2\/product_cat?post=5611"},{"taxonomy":"product_tag","embeddable":true,"href":"https:\/\/chibolita.es\/index.php\/wp-json\/wp\/v2\/product_tag?post=5611"}],"curies":[{"name":"wp","href":"https:\/\/api.w.org\/{rel}","templated":true}]}}