{"id":5594,"date":"2023-05-13T15:13:45","date_gmt":"2023-05-13T15:13:45","guid":{"rendered":"https:\/\/chibolita.es\/?post_type=product&#038;p=5594"},"modified":"2023-05-13T15:14:50","modified_gmt":"2023-05-13T15:14:50","slug":"saninex-estimulador-duplex-orgasmic-anal-sex-unisex-rosa","status":"publish","type":"product","link":"https:\/\/chibolita.es\/index.php\/product\/saninex-estimulador-duplex-orgasmic-anal-sex-unisex-rosa\/","title":{"rendered":"SANINEX ESTIMULADOR DUPLEX ORGASMIC ANAL SEX UNISEX ROSA"},"content":{"rendered":"<p>Fant\u00e1stico estimulador anal unisex, fabricado de suave SILICONA FDA con revestimiento de extrema suavidad. Muy flexible. Con una estudiada y exclusiva curva ergon\u00f3mica que te proporcionar\u00e1 un placer intenso y altamente placentero.<\/p>\n<p>SANINEX ESTIMULADOR DUPLEX ORGASMIC ANAL SEX unisex est\u00e1 indicado a quienes potencian su sexualidad y obtienen orgasmos a trav\u00e9s del sexo anal, generando as\u00ed nuevos excitantes placeres y experiencias positivas. Apto para lubricar con cualquier lubricante y aceite afrodisiaco Saninex.<\/p>\n<p>SANINEX ESTIMULADOR DUPLEX ORGASMIC ANAL SEX unisex es imprescindible para explorar el excitante y placentero mundo de la estimulaci\u00f3n org\u00e1smica anal. Muy flexible. Se dobla con los contornos de tu cuerpo para alcanzar los puntos de estimulaci\u00f3n m\u00e1s org\u00e1smica. Su anillo robusto en la base, te ofrece un manejo seguro y f\u00e1cil. Us\u00e1ndolo durante tus preliminares sexuales, llegaras a disfrutar de un cl\u00edmax mucho m\u00e1s intenso.<\/p>\n<p>Fabricado con silicona material m\u00e9dico sanitario FDA de muy alta calidad, con revestimiento de extrema suavidad y l\u00edneas continuas. Es libre de ftalatos, hipoalerg\u00e9nico, y se puede usar durante todo el d\u00eda para la diversi\u00f3n de larga duraci\u00f3n.<\/p>\n<p>SANINEX ESTIMULADOR DUPLEX ORGASMIC ANAL SEX unisex, es presentado con m\u00e1ximo glamour y elegancia, en un atractivo bolso de exclusivo dise\u00f1o Saninex. La m\u00e1xima calidad y precios m\u00ednimos, siempre est\u00e1n presentes en toda la gama de productos salud y placer Saninex.<\/p>\n<ul>\n<li>Medidas: 133 mm. x 23 mm. Di\u00e1metro m\u00e1ximo.<\/li>\n<li>Color: Rosa.<\/li>\n<\/ul>\n<p>Indicaciones:<\/p>\n<ul>\n<li>\u00a0Para un alto placer en cualquier momento. Antes o durante las relacione sexuales.<\/li>\n<li>\u00a0Efecto altamente excitante.<\/li>\n<li>\u00a0Fabricado con silicona material m\u00e9dico sanitario FDA de muy alta calidad, con revestimiento de extrema suavidad. Hipoalerg\u00e9nico.<\/li>\n<li>\u00a0Totalmente discreto.<\/li>\n<li>\u00a0Adecuado para todo tipo de lubricantes y aceites afrodisiacos Saninex.<\/li>\n<li>\u00a0Comprobado dermatol\u00f3gicamente y cl\u00ednicamente.<\/li>\n<li>\u00a0100% resistente al agua.<\/li>\n<li>\u00a0100% libre de ftalatos.<\/li>\n<li>\u00a0Saninex, poseedora de Licencia productos sanitarios, emitidas por el Ministerio de Sanidad Espa\u00f1ol y la Agencia Espa\u00f1ola del Medicamento.<\/li>\n<\/ul>\n","protected":false},"excerpt":{"rendered":"<p>Fant\u00e1stico estimulador anal unisex, fabricado de suave SILICONA FDA con revestimiento de extrema suavidad. Muy flexible. Con una estudiada y exclusiva curva ergon\u00f3mica que te proporcionar\u00e1 un placer intenso y altamente placentero. SANINEX ESTIMULADOR DUPLEX ORGASMIC ANAL SEX unisex est\u00e1 indicado a quienes potencian su sexualidad y obtienen orgasmos a trav\u00e9s del sexo anal, generando [&hellip;]<\/p>\n","protected":false},"featured_media":5595,"comment_status":"open","ping_status":"closed","template":"","meta":{"_eb_attr":"","site-sidebar-layout":"default","site-content-layout":"default","ast-site-content-layout":"default","site-content-style":"default","site-sidebar-style":"default","ast-global-header-display":"","ast-banner-title-visibility":"","ast-main-header-display":"","ast-hfb-above-header-display":"","ast-hfb-below-header-display":"","ast-hfb-mobile-header-display":"","site-post-title":"","ast-breadcrumbs-content":"","ast-featured-img":"","footer-sml-layout":"","ast-disable-related-posts":"","theme-transparent-header-meta":"default","adv-header-id-meta":"","stick-header-meta":"","header-above-stick-meta":"","header-main-stick-meta":"","header-below-stick-meta":"","astra-migrate-meta-layouts":"default","ast-page-background-enabled":"default","ast-page-background-meta":{"desktop":{"background-color":"var(--ast-global-color-4)","background-image":"","background-repeat":"repeat","background-position":"center center","background-size":"auto","background-attachment":"scroll","background-type":"","background-media":"","overlay-type":"","overlay-color":"","overlay-opacity":"","overlay-gradient":""},"tablet":{"background-color":"","background-image":"","background-repeat":"repeat","background-position":"center center","background-size":"auto","background-attachment":"scroll","background-type":"","background-media":"","overlay-type":"","overlay-color":"","overlay-opacity":"","overlay-gradient":""},"mobile":{"background-color":"","background-image":"","background-repeat":"repeat","background-position":"center center","background-size":"auto","background-attachment":"scroll","background-type":"","background-media":"","overlay-type":"","overlay-color":"","overlay-opacity":"","overlay-gradient":""}},"ast-content-background-meta":{"desktop":{"background-color":"var(--ast-global-color-5)","background-image":"","background-repeat":"repeat","background-position":"center center","background-size":"auto","background-attachment":"scroll","background-type":"","background-media":"","overlay-type":"","overlay-color":"","overlay-opacity":"","overlay-gradient":""},"tablet":{"background-color":"var(--ast-global-color-5)","background-image":"","background-repeat":"repeat","background-position":"center center","background-size":"auto","background-attachment":"scroll","background-type":"","background-media":"","overlay-type":"","overlay-color":"","overlay-opacity":"","overlay-gradient":""},"mobile":{"background-color":"var(--ast-global-color-5)","background-image":"","background-repeat":"repeat","background-position":"center center","background-size":"auto","background-attachment":"scroll","background-type":"","background-media":"","overlay-type":"","overlay-color":"","overlay-opacity":"","overlay-gradient":""}}},"product_brand":[],"product_cat":[265,270,268],"product_tag":[],"class_list":{"0":"post-5594","1":"product","2":"type-product","3":"status-publish","4":"has-post-thumbnail","6":"product_cat-fetish-bdsm","7":"product_cat-sexo-anal","8":"product_cat-special-gay","9":"desktop-align-left","10":"tablet-align-left","11":"mobile-align-left","13":"first","14":"instock","15":"shipping-taxable","16":"purchasable","17":"product-type-simple"},"_links":{"self":[{"href":"https:\/\/chibolita.es\/index.php\/wp-json\/wp\/v2\/product\/5594","targetHints":{"allow":["GET"]}}],"collection":[{"href":"https:\/\/chibolita.es\/index.php\/wp-json\/wp\/v2\/product"}],"about":[{"href":"https:\/\/chibolita.es\/index.php\/wp-json\/wp\/v2\/types\/product"}],"replies":[{"embeddable":true,"href":"https:\/\/chibolita.es\/index.php\/wp-json\/wp\/v2\/comments?post=5594"}],"wp:featuredmedia":[{"embeddable":true,"href":"https:\/\/chibolita.es\/index.php\/wp-json\/wp\/v2\/media\/5595"}],"wp:attachment":[{"href":"https:\/\/chibolita.es\/index.php\/wp-json\/wp\/v2\/media?parent=5594"}],"wp:term":[{"taxonomy":"product_brand","embeddable":true,"href":"https:\/\/chibolita.es\/index.php\/wp-json\/wp\/v2\/product_brand?post=5594"},{"taxonomy":"product_cat","embeddable":true,"href":"https:\/\/chibolita.es\/index.php\/wp-json\/wp\/v2\/product_cat?post=5594"},{"taxonomy":"product_tag","embeddable":true,"href":"https:\/\/chibolita.es\/index.php\/wp-json\/wp\/v2\/product_tag?post=5594"}],"curies":[{"name":"wp","href":"https:\/\/api.w.org\/{rel}","templated":true}]}}