{"id":5535,"date":"2023-05-13T14:44:53","date_gmt":"2023-05-13T14:44:53","guid":{"rendered":"https:\/\/chibolita.es\/?post_type=product&#038;p=5535"},"modified":"2023-05-13T14:49:19","modified_gmt":"2023-05-13T14:49:19","slug":"fun-factory-amor-dildo-candy-rose","status":"publish","type":"product","link":"https:\/\/chibolita.es\/index.php\/product\/fun-factory-amor-dildo-candy-rose\/","title":{"rendered":"FUN FACTORY &#8211; AMOR DILDO CANDY ROSE"},"content":{"rendered":"<p><strong>AMOR &#8211; Divino, el m\u00e1s peque\u00f1o.<\/strong><\/p>\n<p>AMOR tiene una longitud de 14,6 cm y un di\u00e1metro de 3,7 cm, lo que lo convierte en el consolador m\u00e1s peque\u00f1o de FUN FACTORY. El color sencillo combina con un dise\u00f1o elegante y la forma natural de la punta, que se dirige al punto G o al punto P, lo convierten en el juguete perfecto. AMOR, como su nombre indica, contagia amor y \u00e9xtasis. Tambi\u00e9n es vers\u00e1til: con un poco de TOYFLUID, un lubricante a base de agua, puede utilizarse vaginal o analmente. AMOR se adhiere a superficies lisas y puede colocarse en un arn\u00e9s. Fabricado en Alemania con silicona 100% de calidad m\u00e9dica, el AMOR promete fuegos artificiales en solitario o en pareja&#8230; y todo ello sin motor.<\/p>\n<p>&#8211; Consolador<br \/>\n&#8211; Para uso vaginal y anal<br \/>\n&#8211; Con 14,6 cm, el DILDO de FUN FACTORY es ideal para principiantes.<br \/>\n&#8211; El extremo curvado siempre tiene un objetivo: el punto G o la pr\u00f3stata.<br \/>\n&#8211; La amplia base da placer a las zonas er\u00f3genas de alrededor y hace que AMOR sea 100% seguro para el uso anal<br \/>\n&#8211; Superficie suave como la seda, eje de silicona firme pero agradablemente flexible<br \/>\n&#8211; Base de succi\u00f3n que permite que el AMOR se adhiera a superficies y paredes lisas<br \/>\n&#8211; Apto para uso con arn\u00e9s<br \/>\n&#8211; 100% silicona de grado m\u00e9dico, inofensiva para el cuerpo e inodora<br \/>\n&#8211; Resistente al agua<br \/>\n&#8211; F\u00e1cil de limpiar con TOYCLEANER o agua y jab\u00f3n suave<\/p>\n<p>A m\u00e1s tardar, desde la invenci\u00f3n de Amor en la antig\u00fcedad, sabemos que hay una gran diferencia entre longitud y tama\u00f1o. As\u00ed que la poderosa pero compacta deidad del amor es un nombre apropiado para el AMOR de FUN FACTORY. Un consolador semirrealista que debe su versatilidad y enorme popularidad a sus medidas relativamente peque\u00f1as. Con 14,6 cm de longitud para un consolador peque\u00f1o y 3,7 cm de di\u00e1metro, el AMOR podr\u00eda parecer poco imponente en comparaci\u00f3n con su hermano mayor, el MAGNUM. Pero esta impresi\u00f3n es ef\u00edmera y, tras el primer contacto, se ve sustituida por la sensaci\u00f3n de una estimulaci\u00f3n incre\u00edblemente intensa.<\/p>\n<p><strong>Locos por el amor<\/strong><br \/>\nEl AMOR lo hace de muchas formas diferentes: vaginalmente para principiantes y mujeres a las que les gusta un tacto m\u00e1s ligero, o analmente para aquellas a las que les encanta dar placer tanto a \u00e9l como a ella y a las que les gusta el placer m\u00e1s duradero en lugar de un consolador m\u00e1s largo. Las cualidades t\u00e1ctiles de este juguete de tama\u00f1o medio son sencillamente geniales. La sedosa y placentera superficie de 100% silicona estimula en la cama, en la ba\u00f1era y tambi\u00e9n en un arn\u00e9s. AMOR tambi\u00e9n puede utilizarse sin usar las manos, simplemente peg\u00e1ndolo sobre una superficie lisa. Da placer como un buen amante, se mantiene duro todo el tiempo que quieras, pero luego se retira sin complicaciones. Las variantes de color de AMOR tambi\u00e9n satisfacen diversos deseos: en negro o rosa.<\/p>\n<p>13,5 cm y \u00d8 3,5 cm, 178g<\/p>\n","protected":false},"excerpt":{"rendered":"<p>AMOR &#8211; Divino, el m\u00e1s peque\u00f1o. AMOR tiene una longitud de 14,6 cm y un di\u00e1metro de 3,7 cm, lo que lo convierte en el consolador m\u00e1s peque\u00f1o de FUN FACTORY. El color sencillo combina con un dise\u00f1o elegante y la forma natural de la punta, que se dirige al punto G o al punto [&hellip;]<\/p>\n","protected":false},"featured_media":5539,"comment_status":"open","ping_status":"closed","template":"","meta":{"_eb_attr":"","site-sidebar-layout":"default","site-content-layout":"default","ast-site-content-layout":"default","site-content-style":"default","site-sidebar-style":"default","ast-global-header-display":"","ast-banner-title-visibility":"","ast-main-header-display":"","ast-hfb-above-header-display":"","ast-hfb-below-header-display":"","ast-hfb-mobile-header-display":"","site-post-title":"","ast-breadcrumbs-content":"","ast-featured-img":"","footer-sml-layout":"","ast-disable-related-posts":"","theme-transparent-header-meta":"default","adv-header-id-meta":"","stick-header-meta":"","header-above-stick-meta":"","header-main-stick-meta":"","header-below-stick-meta":"","astra-migrate-meta-layouts":"default","ast-page-background-enabled":"default","ast-page-background-meta":{"desktop":{"background-color":"var(--ast-global-color-4)","background-image":"","background-repeat":"repeat","background-position":"center center","background-size":"auto","background-attachment":"scroll","background-type":"","background-media":"","overlay-type":"","overlay-color":"","overlay-opacity":"","overlay-gradient":""},"tablet":{"background-color":"","background-image":"","background-repeat":"repeat","background-position":"center center","background-size":"auto","background-attachment":"scroll","background-type":"","background-media":"","overlay-type":"","overlay-color":"","overlay-opacity":"","overlay-gradient":""},"mobile":{"background-color":"","background-image":"","background-repeat":"repeat","background-position":"center center","background-size":"auto","background-attachment":"scroll","background-type":"","background-media":"","overlay-type":"","overlay-color":"","overlay-opacity":"","overlay-gradient":""}},"ast-content-background-meta":{"desktop":{"background-color":"var(--ast-global-color-5)","background-image":"","background-repeat":"repeat","background-position":"center center","background-size":"auto","background-attachment":"scroll","background-type":"","background-media":"","overlay-type":"","overlay-color":"","overlay-opacity":"","overlay-gradient":""},"tablet":{"background-color":"var(--ast-global-color-5)","background-image":"","background-repeat":"repeat","background-position":"center center","background-size":"auto","background-attachment":"scroll","background-type":"","background-media":"","overlay-type":"","overlay-color":"","overlay-opacity":"","overlay-gradient":""},"mobile":{"background-color":"var(--ast-global-color-5)","background-image":"","background-repeat":"repeat","background-position":"center center","background-size":"auto","background-attachment":"scroll","background-type":"","background-media":"","overlay-type":"","overlay-color":"","overlay-opacity":"","overlay-gradient":""}}},"product_brand":[],"product_cat":[261,260,265,270,268],"product_tag":[],"class_list":{"0":"post-5535","1":"product","2":"type-product","3":"status-publish","4":"has-post-thumbnail","6":"product_cat-dildos","7":"product_cat-dildos-y-vibradores","8":"product_cat-fetish-bdsm","9":"product_cat-sexo-anal","10":"product_cat-special-gay","11":"desktop-align-left","12":"tablet-align-left","13":"mobile-align-left","15":"first","16":"instock","17":"shipping-taxable","18":"purchasable","19":"product-type-simple"},"_links":{"self":[{"href":"https:\/\/chibolita.es\/index.php\/wp-json\/wp\/v2\/product\/5535","targetHints":{"allow":["GET"]}}],"collection":[{"href":"https:\/\/chibolita.es\/index.php\/wp-json\/wp\/v2\/product"}],"about":[{"href":"https:\/\/chibolita.es\/index.php\/wp-json\/wp\/v2\/types\/product"}],"replies":[{"embeddable":true,"href":"https:\/\/chibolita.es\/index.php\/wp-json\/wp\/v2\/comments?post=5535"}],"wp:featuredmedia":[{"embeddable":true,"href":"https:\/\/chibolita.es\/index.php\/wp-json\/wp\/v2\/media\/5539"}],"wp:attachment":[{"href":"https:\/\/chibolita.es\/index.php\/wp-json\/wp\/v2\/media?parent=5535"}],"wp:term":[{"taxonomy":"product_brand","embeddable":true,"href":"https:\/\/chibolita.es\/index.php\/wp-json\/wp\/v2\/product_brand?post=5535"},{"taxonomy":"product_cat","embeddable":true,"href":"https:\/\/chibolita.es\/index.php\/wp-json\/wp\/v2\/product_cat?post=5535"},{"taxonomy":"product_tag","embeddable":true,"href":"https:\/\/chibolita.es\/index.php\/wp-json\/wp\/v2\/product_tag?post=5535"}],"curies":[{"name":"wp","href":"https:\/\/api.w.org\/{rel}","templated":true}]}}