{"id":5485,"date":"2023-05-13T14:23:01","date_gmt":"2023-05-13T14:23:01","guid":{"rendered":"https:\/\/chibolita.es\/?post_type=product&#038;p=5485"},"modified":"2023-05-13T14:24:41","modified_gmt":"2023-05-13T14:24:41","slug":"mythology-kuno-pride-dildo-s","status":"publish","type":"product","link":"https:\/\/chibolita.es\/index.php\/product\/mythology-kuno-pride-dildo-s\/","title":{"rendered":"MYTHOLOGY KUNO PRIDE DILDO S"},"content":{"rendered":"<p><strong>MYTHOLOGY KUNO PRIDE DILDO S &#8211; FANTASY DILDO<\/strong><\/p>\n<p>La nueva gama de\u00a0<strong>MYTHOLOGY\u00a0<\/strong>incorpora novedosos dildos con dise\u00f1os y\u00a0colores \u00fanicos. Pensados para llamar la atenci\u00f3n, haciendo realidad todas tus fantas\u00edas.\u00a0Adem\u00e1s, todos los dildos de la marca Mythology son adaptables\u00a0a la l\u00ednea\u00a0<strong>Fantasy Harness<\/strong>.<\/p>\n<ul>\n<li>Talla: S<\/li>\n<li>Longitud Total: 13 cm<\/li>\n<li>Longitud Insertable: 11 cm<\/li>\n<li>Diametro: 3.5 cm<\/li>\n<li>Color: PRIDE<\/li>\n<li>Super flexible<\/li>\n<li>Ergonomico<\/li>\n<li>Fuerte base de succi\u00f3n<\/li>\n<li>Silicona suave y segura para la piel &#8211; Libre de BPA<\/li>\n<li>Acu\u00e1tico<\/li>\n<li>Sin vibraci\u00f3n<\/li>\n<li>Se recomienda su uso con lubricantes de base agua<\/li>\n<li>Incluye GRATIS\u00a0monodosis WATERFEEL NATURAL 6 ml<\/li>\n<\/ul>\n<p><strong>MYTHOLOGY\u00a0<\/strong>consta de una gama de dildos, todos ellos de silicona de alta gama, disponibles en dos versiones (con vibraci\u00f3n y sin vibraci\u00f3n) y distintos tama\u00f1os (S, M, L). La versi\u00f3n con vibraci\u00f3n, recargable, compatible con la tecnolog\u00eda Watchme.<\/p>\n<p><strong>\u00bfCu\u00e1les son los beneficios de usar MYTHOLOGY\u00a0?<\/strong><\/p>\n<p>El disfrutar de tener relaciones sexuales es, para muchos, un tab\u00fa, m\u00e1s a\u00fan cuando se habla de pr\u00e1cticas sexuales con algunos elementos adicionales poco comunes o tradicionales.<\/p>\n<p>Dentro de estas pr\u00e1cticas opcionales, nace MYTHOLOGY en la l\u00ednea de juguetes sexuales innovadores; sin embargo, para \u00a0\u00bfCu\u00e1les son los beneficios de usar esta innovadora y exclusiva marca?<\/p>\n<p>La marca MYTHOLOGY\u00a0son dildos que sirven tanto para la autoestimulaci\u00f3n (masturbaci\u00f3n), as\u00ed como para intensificar el placer con la pareja. Es poco sabido que los juguetes sexuales no solo sirven para aumentar el disfrute en nuestra sexualidad, sino tambi\u00e9n ayudan a mejorar y a resolver disfunciones sexuales. Por otro lado, tienen m\u00e1s usos de los que pensamos y no tiene por qu\u00e9 ser usado como un reemplazo de algo, sino que m\u00e1s bien puede complementarse bastante bien con lo que ya sabemos usar.<\/p>\n<p>A continuaci\u00f3n, conozcamos los beneficios de utilizar la nueva l\u00ednea de intensificadores del placer MYTHOLOGY, tanto para nuestro uso individual como cuando estamos con la pareja y buscamos alcanzar el placer de diferentes maneras:<\/p>\n<ul>\n<li><strong>Desc\u00fabrete<\/strong><\/li>\n<\/ul>\n<p>MYTHOLOGY\u00a0te permite\u00a0saber qu\u00e9 es lo que te gusta, donde te gusta y de qu\u00e9 forma te gusta. Te ayuda a conocerte mejor y a descubrir nuevas zonas er\u00f3genas y disfrutarlas.<\/p>\n<ul>\n<li><strong>Explora<\/strong><\/li>\n<\/ul>\n<p>MYTHOLOGY\u00a0ofrece una amplia gama de dildos con Vibraci\u00f3n fabricados 100% en silicona medica.<\/p>\n<p>Adem\u00e1s se adaptan a la l\u00ednea\u00a0<strong>Fantasy Mythologic Harness<\/strong>\u00a0que complementan una l\u00ednea de dildos \u00fanica en calidad, forma y presentaci\u00f3n.<\/p>\n<ul>\n<li><strong>Rompe la monoton\u00eda<\/strong><\/li>\n<\/ul>\n<p>El practicar con MYTHOLOGY\u00a0te permitir\u00e1 jugar y probar nuevas sensaciones, rompiendo la rutina de lo que estamos habituados a hacer.<\/p>\n<ul>\n<li><strong>Complem\u00e9ntate<\/strong><\/li>\n<\/ul>\n<p>MYTHOLOGY\u00a0no tiene el objetivo de reemplazar sino y sobre todo para complementar durante el sexo. Ya sea explorando zonas er\u00f3genas o acompa\u00f1ando la penetraci\u00f3n, etc.<\/p>\n<ul>\n<li><strong>Con\u00f3cete<\/strong><\/li>\n<\/ul>\n<p>Te facilitar\u00e1 conocerte a ti misma(o), de tal forma que sepas que te gusta que no y gracias a esta informaci\u00f3n, compartir a tu pareja que es lo que te agrada o no te agrada del sexo.<\/p>\n<ul>\n<li><strong>Lib\u00e9rate<\/strong><\/li>\n<\/ul>\n<p>Es muy importante que, para utilizar estos objetivos, est\u00e9s lo m\u00e1s libre posible de juicios o culpas, pues el disfrutar de la sexualidad te ayudar\u00e1 a liberar el estr\u00e9s acumulado durante el d\u00eda aliviando dolores de cabeza, dolores de espalda, ayud\u00e1ndote a sentirte mejor y favoreciendo tus orgasmos.<\/p>\n<ul>\n<li><strong>Act\u00edvate<\/strong><\/li>\n<\/ul>\n<p>MYTHOLOGY\u00a0permite\u00a0mantener tu vida sexual activa, disfrutando un poco m\u00e1s de las relaciones con tu pareja y a mantener vivo el deseo.<\/p>\n<p align=\"center\"><strong>\u00bfQU\u00c9 ES MYTHOLOGY BRAND?<\/strong><\/p>\n<p>Mythology\u00a0consta de una gama de dildos, todos ellos de silicona liquida PREMIUM, disponibles en dos versiones (con vibraci\u00f3n y sin vibraci\u00f3n) y distintos tama\u00f1os (S, M, L). La versi\u00f3n con vibraci\u00f3n, recargable, es 100% compatible con la tecnolog\u00eda\u00a0<strong>Watchme<\/strong>.<\/p>\n<p>Acabados y terminaciones completamente \u00fanicas, Ferrosos, Duotono o Galactico.<\/p>\n<p>El acabado y la terminaci\u00f3n no es solo especial visiblemente, tambi\u00e9n interiormente, una innovadora silicona liquida PREMIUM que cambia de color en base a la temperatura.<\/p>\n<p><strong>Presentaci\u00f3n \u00danica.<\/strong><\/p>\n<p>Abrir un producto MYTHOLOGY\u00a0es una autentica experiencia, visiblemente desde el exterior puedes ver el interior, en un envase totalmente cil\u00edndrico que permite ver que puede esperar\u00a0al descubrir el interior.\u00a0 De forma totalmente visual, cada MYTHOLOGY\u00a0dispone de unos logos que permiten visualizar si dispone de vibraci\u00f3n y si es compatible con la tecnolog\u00eda\u00a0<strong>WATCHME\u00a0<\/strong>(reloj de control remoto).<\/p>\n<p><strong>\u00bfQUE TIENEN EN COMUN LOS DILDOS MYTHOLOGY?<\/strong><\/p>\n<p>La respuesta m\u00e1s obvia es, por supuesto, su tama\u00f1o, seguido de cerca por su forma mejor que la realidad. Nuevo dise\u00f1o, totalmente popular entre las personas que ya han tenido la oportunidad de probarlo. La punta de los dildos MYTHOLOGY\u00a0es incre\u00edble para el masaje del punto G o de la pr\u00f3stata, solo o en pareja. El eje firme tiene la flexi\u00f3n suficiente para jugar f\u00e1cilmente, y su silicona liquida PREMIUM amortigua mientras juegas.<\/p>\n<p><strong>\u00bfTIENEN LOS DILDOS MYTHOLOGY VIBRACI\u00d3N?<\/strong><\/p>\n<p>Si, toda la gama MYTHOLOGY\u00a0estar\u00e1 disponible con vibraci\u00f3n o sin vibraci\u00f3n. La gama con vibraci\u00f3n ser\u00e1 compatible con el reloj control remoto\u00a0<strong>WATCHME<\/strong>.<\/p>\n<p><strong>\u00bfPUEDO LLEVAR ESTE DILDO DE SILICONA EN UN ARN\u00c9S?<\/strong><\/p>\n<p>\u00bfPor qui\u00e9n nos tomas? \u00bfCrees que dise\u00f1ar\u00edamos este hermoso esp\u00e9cimen y no te dejar\u00edamos atarlo? No solo es excelente en un arn\u00e9s, sino que tambi\u00e9n la base delgada lo convierte en un juego extra sexy.<\/p>\n<p>Toda la gama MYTHOLOGY\u00a0dispone de un arn\u00e9s compatible en talla S\/M y\u00a0L\/XL.<\/p>\n<p><strong>\u00bfMYTHOLOGY TIENE UNA BASE DE SUCCI\u00d3N?<\/strong><\/p>\n<p>\u00a1Ciertamente lo hace! Puede que no lo parezca, pero puede sujetarse a superficies lisas y planas, como espejos y paredes de duchas. Incluso puedes pegarlo al suelo\u00a0liso para jugar.<\/p>\n<ul>\n<li>Recuerda&#8230; MYTHOLOGY\u00a0es el nuevo dildo vers\u00e1til<\/li>\n<li>Una longitud incre\u00edble para probar diferentes posiciones<\/li>\n<li>Impresionante para jugar con correa, incluido pegging<\/li>\n<li>Silicona firme pero flexible con la elasticidad justa<\/li>\n<li>La base extrafina te permite acercarte m\u00e1s que nunca<\/li>\n<\/ul>\n","protected":false},"excerpt":{"rendered":"<p>MYTHOLOGY KUNO PRIDE DILDO S &#8211; FANTASY DILDO La nueva gama de\u00a0MYTHOLOGY\u00a0incorpora novedosos dildos con dise\u00f1os y\u00a0colores \u00fanicos. Pensados para llamar la atenci\u00f3n, haciendo realidad todas tus fantas\u00edas.\u00a0Adem\u00e1s, todos los dildos de la marca Mythology son adaptables\u00a0a la l\u00ednea\u00a0Fantasy Harness. Talla: S Longitud Total: 13 cm Longitud Insertable: 11 cm Diametro: 3.5 cm Color: PRIDE [&hellip;]<\/p>\n","protected":false},"featured_media":5489,"comment_status":"open","ping_status":"closed","template":"","meta":{"_eb_attr":"","site-sidebar-layout":"default","site-content-layout":"default","ast-site-content-layout":"default","site-content-style":"default","site-sidebar-style":"default","ast-global-header-display":"","ast-banner-title-visibility":"","ast-main-header-display":"","ast-hfb-above-header-display":"","ast-hfb-below-header-display":"","ast-hfb-mobile-header-display":"","site-post-title":"","ast-breadcrumbs-content":"","ast-featured-img":"","footer-sml-layout":"","ast-disable-related-posts":"","theme-transparent-header-meta":"default","adv-header-id-meta":"","stick-header-meta":"","header-above-stick-meta":"","header-main-stick-meta":"","header-below-stick-meta":"","astra-migrate-meta-layouts":"default","ast-page-background-enabled":"default","ast-page-background-meta":{"desktop":{"background-color":"var(--ast-global-color-4)","background-image":"","background-repeat":"repeat","background-position":"center center","background-size":"auto","background-attachment":"scroll","background-type":"","background-media":"","overlay-type":"","overlay-color":"","overlay-opacity":"","overlay-gradient":""},"tablet":{"background-color":"","background-image":"","background-repeat":"repeat","background-position":"center center","background-size":"auto","background-attachment":"scroll","background-type":"","background-media":"","overlay-type":"","overlay-color":"","overlay-opacity":"","overlay-gradient":""},"mobile":{"background-color":"","background-image":"","background-repeat":"repeat","background-position":"center center","background-size":"auto","background-attachment":"scroll","background-type":"","background-media":"","overlay-type":"","overlay-color":"","overlay-opacity":"","overlay-gradient":""}},"ast-content-background-meta":{"desktop":{"background-color":"var(--ast-global-color-5)","background-image":"","background-repeat":"repeat","background-position":"center center","background-size":"auto","background-attachment":"scroll","background-type":"","background-media":"","overlay-type":"","overlay-color":"","overlay-opacity":"","overlay-gradient":""},"tablet":{"background-color":"var(--ast-global-color-5)","background-image":"","background-repeat":"repeat","background-position":"center center","background-size":"auto","background-attachment":"scroll","background-type":"","background-media":"","overlay-type":"","overlay-color":"","overlay-opacity":"","overlay-gradient":""},"mobile":{"background-color":"var(--ast-global-color-5)","background-image":"","background-repeat":"repeat","background-position":"center center","background-size":"auto","background-attachment":"scroll","background-type":"","background-media":"","overlay-type":"","overlay-color":"","overlay-opacity":"","overlay-gradient":""}}},"product_brand":[],"product_cat":[265,270,268],"product_tag":[],"class_list":{"0":"post-5485","1":"product","2":"type-product","3":"status-publish","4":"has-post-thumbnail","6":"product_cat-fetish-bdsm","7":"product_cat-sexo-anal","8":"product_cat-special-gay","9":"desktop-align-left","10":"tablet-align-left","11":"mobile-align-left","13":"first","14":"instock","15":"shipping-taxable","16":"purchasable","17":"product-type-simple"},"_links":{"self":[{"href":"https:\/\/chibolita.es\/index.php\/wp-json\/wp\/v2\/product\/5485","targetHints":{"allow":["GET"]}}],"collection":[{"href":"https:\/\/chibolita.es\/index.php\/wp-json\/wp\/v2\/product"}],"about":[{"href":"https:\/\/chibolita.es\/index.php\/wp-json\/wp\/v2\/types\/product"}],"replies":[{"embeddable":true,"href":"https:\/\/chibolita.es\/index.php\/wp-json\/wp\/v2\/comments?post=5485"}],"wp:featuredmedia":[{"embeddable":true,"href":"https:\/\/chibolita.es\/index.php\/wp-json\/wp\/v2\/media\/5489"}],"wp:attachment":[{"href":"https:\/\/chibolita.es\/index.php\/wp-json\/wp\/v2\/media?parent=5485"}],"wp:term":[{"taxonomy":"product_brand","embeddable":true,"href":"https:\/\/chibolita.es\/index.php\/wp-json\/wp\/v2\/product_brand?post=5485"},{"taxonomy":"product_cat","embeddable":true,"href":"https:\/\/chibolita.es\/index.php\/wp-json\/wp\/v2\/product_cat?post=5485"},{"taxonomy":"product_tag","embeddable":true,"href":"https:\/\/chibolita.es\/index.php\/wp-json\/wp\/v2\/product_tag?post=5485"}],"curies":[{"name":"wp","href":"https:\/\/api.w.org\/{rel}","templated":true}]}}