{"id":5365,"date":"2023-05-12T22:22:58","date_gmt":"2023-05-12T22:22:58","guid":{"rendered":"https:\/\/chibolita.es\/?post_type=product&#038;p=5365"},"modified":"2023-05-12T22:23:48","modified_gmt":"2023-05-12T22:23:48","slug":"fleshlight-mr-limpy-medium-fleshtone","status":"publish","type":"product","link":"https:\/\/chibolita.es\/index.php\/product\/fleshlight-mr-limpy-medium-fleshtone\/","title":{"rendered":"FLESHLIGHT MR. LIMPY MEDIUM FLESHTONE\u00ae"},"content":{"rendered":"<p>\u00a1El Sr. Limpy es siempre el alma de la fiesta! Fabricado con el novedoso Fleshtone\u00ae al igual que las mangas de masturbaci\u00f3n de Fleshlight, usted puede estirarlo, hacerlo girar, tirar de el, guardarlo donde quieras o utilizarlo como un divertido regalo.<\/p>\n<p>El m\u00e1s original para despedidas o simplemente para dejarlo sobre la mesa mientras tomas caf\u00e9. El Sr. Limpy es una gran forma de entablar conversaciones, romper el hielo y vivir un buen momento.<\/p>\n<p>Es utilizado con frecuencia por mujeres transexuales como relleno para dar la apariencia de tener genitales masculinos.<\/p>\n<p>No es un consolador que te dar\u00e1 placer \u00edntimamente, el Se\u00f1or Limpy, es m\u00e1s un juguete con el que divertirse sin tener que ser necesariamente de forma sexual. Despu\u00e9s de todo, el pobre &#8216;Sr. Limpy&#8217; ha estado bajo mucha tensi\u00f3n \u00faltimamente.<\/p>\n<p>Algo distinto a cualquier experiencia que usted haya tenido antes, comprobar\u00e1 que los usos de Mr. Limpy son ilimitados.<\/p>\n<ul>\n<li>Longitud total; 14.5 Cm.<\/li>\n<li>Di\u00e1metro: 4.5 cm<\/li>\n<\/ul>\n<p>Vive nuevas sensaciones!<\/p>\n<p>Fleshlight\u00ae es l\u00edder mundial en la fabricacion de masturbadores masculinos utilizando moldes de personas reales, sus grandes calidades y cualidades han dado lugar a una marca pensada para el hombre\u00a0 y su placer unica en el Mundo!!<\/p>\n","protected":false},"excerpt":{"rendered":"<p>\u00a1El Sr. Limpy es siempre el alma de la fiesta! Fabricado con el novedoso Fleshtone\u00ae al igual que las mangas de masturbaci\u00f3n de Fleshlight, usted puede estirarlo, hacerlo girar, tirar de el, guardarlo donde quieras o utilizarlo como un divertido regalo. El m\u00e1s original para despedidas o simplemente para dejarlo sobre la mesa mientras tomas [&hellip;]<\/p>\n","protected":false},"featured_media":5366,"comment_status":"open","ping_status":"closed","template":"","meta":{"_eb_attr":"","site-sidebar-layout":"default","site-content-layout":"default","ast-site-content-layout":"default","site-content-style":"default","site-sidebar-style":"default","ast-global-header-display":"","ast-banner-title-visibility":"","ast-main-header-display":"","ast-hfb-above-header-display":"","ast-hfb-below-header-display":"","ast-hfb-mobile-header-display":"","site-post-title":"","ast-breadcrumbs-content":"","ast-featured-img":"","footer-sml-layout":"","ast-disable-related-posts":"","theme-transparent-header-meta":"default","adv-header-id-meta":"","stick-header-meta":"","header-above-stick-meta":"","header-main-stick-meta":"","header-below-stick-meta":"","astra-migrate-meta-layouts":"default","ast-page-background-enabled":"default","ast-page-background-meta":{"desktop":{"background-color":"var(--ast-global-color-4)","background-image":"","background-repeat":"repeat","background-position":"center center","background-size":"auto","background-attachment":"scroll","background-type":"","background-media":"","overlay-type":"","overlay-color":"","overlay-opacity":"","overlay-gradient":""},"tablet":{"background-color":"","background-image":"","background-repeat":"repeat","background-position":"center center","background-size":"auto","background-attachment":"scroll","background-type":"","background-media":"","overlay-type":"","overlay-color":"","overlay-opacity":"","overlay-gradient":""},"mobile":{"background-color":"","background-image":"","background-repeat":"repeat","background-position":"center center","background-size":"auto","background-attachment":"scroll","background-type":"","background-media":"","overlay-type":"","overlay-color":"","overlay-opacity":"","overlay-gradient":""}},"ast-content-background-meta":{"desktop":{"background-color":"var(--ast-global-color-5)","background-image":"","background-repeat":"repeat","background-position":"center center","background-size":"auto","background-attachment":"scroll","background-type":"","background-media":"","overlay-type":"","overlay-color":"","overlay-opacity":"","overlay-gradient":""},"tablet":{"background-color":"var(--ast-global-color-5)","background-image":"","background-repeat":"repeat","background-position":"center center","background-size":"auto","background-attachment":"scroll","background-type":"","background-media":"","overlay-type":"","overlay-color":"","overlay-opacity":"","overlay-gradient":""},"mobile":{"background-color":"var(--ast-global-color-5)","background-image":"","background-repeat":"repeat","background-position":"center center","background-size":"auto","background-attachment":"scroll","background-type":"","background-media":"","overlay-type":"","overlay-color":"","overlay-opacity":"","overlay-gradient":""}}},"product_brand":[],"product_cat":[269,261,260,268],"product_tag":[],"class_list":{"0":"post-5365","1":"product","2":"type-product","3":"status-publish","4":"has-post-thumbnail","6":"product_cat-crossdresser","7":"product_cat-dildos","8":"product_cat-dildos-y-vibradores","9":"product_cat-special-gay","10":"desktop-align-left","11":"tablet-align-left","12":"mobile-align-left","14":"first","15":"instock","16":"shipping-taxable","17":"purchasable","18":"product-type-simple"},"_links":{"self":[{"href":"https:\/\/chibolita.es\/index.php\/wp-json\/wp\/v2\/product\/5365","targetHints":{"allow":["GET"]}}],"collection":[{"href":"https:\/\/chibolita.es\/index.php\/wp-json\/wp\/v2\/product"}],"about":[{"href":"https:\/\/chibolita.es\/index.php\/wp-json\/wp\/v2\/types\/product"}],"replies":[{"embeddable":true,"href":"https:\/\/chibolita.es\/index.php\/wp-json\/wp\/v2\/comments?post=5365"}],"wp:featuredmedia":[{"embeddable":true,"href":"https:\/\/chibolita.es\/index.php\/wp-json\/wp\/v2\/media\/5366"}],"wp:attachment":[{"href":"https:\/\/chibolita.es\/index.php\/wp-json\/wp\/v2\/media?parent=5365"}],"wp:term":[{"taxonomy":"product_brand","embeddable":true,"href":"https:\/\/chibolita.es\/index.php\/wp-json\/wp\/v2\/product_brand?post=5365"},{"taxonomy":"product_cat","embeddable":true,"href":"https:\/\/chibolita.es\/index.php\/wp-json\/wp\/v2\/product_cat?post=5365"},{"taxonomy":"product_tag","embeddable":true,"href":"https:\/\/chibolita.es\/index.php\/wp-json\/wp\/v2\/product_tag?post=5365"}],"curies":[{"name":"wp","href":"https:\/\/api.w.org\/{rel}","templated":true}]}}