{"id":5358,"date":"2023-05-12T22:21:28","date_gmt":"2023-05-12T22:21:28","guid":{"rendered":"https:\/\/chibolita.es\/?post_type=product&#038;p=5358"},"modified":"2023-05-12T22:22:42","modified_gmt":"2023-05-12T22:22:42","slug":"california-exotics-silicone-studs-2032-cm-brown","status":"publish","type":"product","link":"https:\/\/chibolita.es\/index.php\/product\/california-exotics-silicone-studs-2032-cm-brown\/","title":{"rendered":"CALIFORNIA EXOTICS SILICONE STUDS 20,32 CM BROWN"},"content":{"rendered":"<p>Se trata del tama\u00f1o de su placer y el Calexotics Silicone Studs 8 ha llegado para ofrecer una experiencia de golpe para cualquier tama\u00f1o queen. El dong real se crea con un amplio eje de 8 pulgadas, un dise\u00f1o flexible realista y una base de taza de succi\u00f3n. Lleva el placer que has estado ansiando con un dong de 8 pulgadas de largo con punta sensual, eje texturizado y bolas realistas. El eje texturizado tiene una sensaci\u00f3n firme pero flexible que seguramente ofrecer\u00e1 una experiencia de penetraci\u00f3n verdaderamente realista. La base con bridas tiene una resistencia de succi\u00f3n que se puede usar en un arn\u00e9s o montar en una superficie plana para una diversi\u00f3n sensacional con manos libres .<\/p>\n<ul>\n<li>8 \/20.25 cm de silicona pura<\/li>\n<li>Feel Firm, firme y realista<\/li>\n<li>La curva suave se flexiona y se mueve con usted<\/li>\n<li>Base de copa de succi\u00f3n resistente<\/li>\n<\/ul>\n<p>calexotics ha estado convirtiendo constantemente fantas\u00eda en realidad para Durante una d\u00e9cada. Con una atenci\u00f3n incomparable, la atenci\u00f3n al detalle, la fundadora y propietaria de Calexotics, Susan Colvin, ha hecho que la marca de novedad ex\u00f3tica de California sea sin\u00f3nimo de juguetes para adultos de calidad. El hecho de que Calexotics es una empresa de propiedad y operaci\u00f3n femenina, juega no una peque\u00f1a parte. en su ascenso mete\u00f3rico a la cima de la industria de juguetes y novedades para adultos.<\/p>\n","protected":false},"excerpt":{"rendered":"<p>Se trata del tama\u00f1o de su placer y el Calexotics Silicone Studs 8 ha llegado para ofrecer una experiencia de golpe para cualquier tama\u00f1o queen. El dong real se crea con un amplio eje de 8 pulgadas, un dise\u00f1o flexible realista y una base de taza de succi\u00f3n. Lleva el placer que has estado ansiando [&hellip;]<\/p>\n","protected":false},"featured_media":5364,"comment_status":"open","ping_status":"closed","template":"","meta":{"_eb_attr":"","site-sidebar-layout":"default","site-content-layout":"default","ast-site-content-layout":"default","site-content-style":"default","site-sidebar-style":"default","ast-global-header-display":"","ast-banner-title-visibility":"","ast-main-header-display":"","ast-hfb-above-header-display":"","ast-hfb-below-header-display":"","ast-hfb-mobile-header-display":"","site-post-title":"","ast-breadcrumbs-content":"","ast-featured-img":"","footer-sml-layout":"","ast-disable-related-posts":"","theme-transparent-header-meta":"default","adv-header-id-meta":"","stick-header-meta":"","header-above-stick-meta":"","header-main-stick-meta":"","header-below-stick-meta":"","astra-migrate-meta-layouts":"default","ast-page-background-enabled":"default","ast-page-background-meta":{"desktop":{"background-color":"var(--ast-global-color-4)","background-image":"","background-repeat":"repeat","background-position":"center center","background-size":"auto","background-attachment":"scroll","background-type":"","background-media":"","overlay-type":"","overlay-color":"","overlay-opacity":"","overlay-gradient":""},"tablet":{"background-color":"","background-image":"","background-repeat":"repeat","background-position":"center center","background-size":"auto","background-attachment":"scroll","background-type":"","background-media":"","overlay-type":"","overlay-color":"","overlay-opacity":"","overlay-gradient":""},"mobile":{"background-color":"","background-image":"","background-repeat":"repeat","background-position":"center center","background-size":"auto","background-attachment":"scroll","background-type":"","background-media":"","overlay-type":"","overlay-color":"","overlay-opacity":"","overlay-gradient":""}},"ast-content-background-meta":{"desktop":{"background-color":"var(--ast-global-color-5)","background-image":"","background-repeat":"repeat","background-position":"center center","background-size":"auto","background-attachment":"scroll","background-type":"","background-media":"","overlay-type":"","overlay-color":"","overlay-opacity":"","overlay-gradient":""},"tablet":{"background-color":"var(--ast-global-color-5)","background-image":"","background-repeat":"repeat","background-position":"center center","background-size":"auto","background-attachment":"scroll","background-type":"","background-media":"","overlay-type":"","overlay-color":"","overlay-opacity":"","overlay-gradient":""},"mobile":{"background-color":"var(--ast-global-color-5)","background-image":"","background-repeat":"repeat","background-position":"center center","background-size":"auto","background-attachment":"scroll","background-type":"","background-media":"","overlay-type":"","overlay-color":"","overlay-opacity":"","overlay-gradient":""}}},"product_brand":[],"product_cat":[261,260],"product_tag":[],"class_list":{"0":"post-5358","1":"product","2":"type-product","3":"status-publish","4":"has-post-thumbnail","6":"product_cat-dildos","7":"product_cat-dildos-y-vibradores","8":"desktop-align-left","9":"tablet-align-left","10":"mobile-align-left","12":"first","13":"instock","14":"shipping-taxable","15":"purchasable","16":"product-type-simple"},"_links":{"self":[{"href":"https:\/\/chibolita.es\/index.php\/wp-json\/wp\/v2\/product\/5358","targetHints":{"allow":["GET"]}}],"collection":[{"href":"https:\/\/chibolita.es\/index.php\/wp-json\/wp\/v2\/product"}],"about":[{"href":"https:\/\/chibolita.es\/index.php\/wp-json\/wp\/v2\/types\/product"}],"replies":[{"embeddable":true,"href":"https:\/\/chibolita.es\/index.php\/wp-json\/wp\/v2\/comments?post=5358"}],"wp:featuredmedia":[{"embeddable":true,"href":"https:\/\/chibolita.es\/index.php\/wp-json\/wp\/v2\/media\/5364"}],"wp:attachment":[{"href":"https:\/\/chibolita.es\/index.php\/wp-json\/wp\/v2\/media?parent=5358"}],"wp:term":[{"taxonomy":"product_brand","embeddable":true,"href":"https:\/\/chibolita.es\/index.php\/wp-json\/wp\/v2\/product_brand?post=5358"},{"taxonomy":"product_cat","embeddable":true,"href":"https:\/\/chibolita.es\/index.php\/wp-json\/wp\/v2\/product_cat?post=5358"},{"taxonomy":"product_tag","embeddable":true,"href":"https:\/\/chibolita.es\/index.php\/wp-json\/wp\/v2\/product_tag?post=5358"}],"curies":[{"name":"wp","href":"https:\/\/api.w.org\/{rel}","templated":true}]}}