{"id":5348,"date":"2023-05-12T22:17:35","date_gmt":"2023-05-12T22:17:35","guid":{"rendered":"https:\/\/chibolita.es\/?post_type=product&#038;p=5348"},"modified":"2023-05-12T22:18:57","modified_gmt":"2023-05-12T22:18:57","slug":"fleshjack-pene-brent-corrigan","status":"publish","type":"product","link":"https:\/\/chibolita.es\/index.php\/product\/fleshjack-pene-brent-corrigan\/","title":{"rendered":"FLESHJACK PENE BRENT CORRIGAN"},"content":{"rendered":"<p>Lleve sus fantas\u00edas a nuevas alturas con esta r\u00e9plica hecha de silicona de alta calidad del bonito pene de Brent Corrigan<\/p>\n<p>Fleshjack se complace en anunciar una nueva l\u00ednea de productos Fleshjack Boys. Al igual que nuestro gran \u00e9xito Fleshlight Girls, cada producto de Fleshlight Boys es una r\u00e9plica exacta de la anatom\u00eda de la estrella.<\/p>\n<p>El dildo de Brent est\u00e1 moldeado de su propia anatom\u00eda en silicona de grado m\u00e9dico, y supone la vuelta a la producci\u00f3n de dildos de silicona para ILF. Cada producto incluye una tarjeta postal firmada por el propio Brent Corrigan.<\/p>\n<p>Detalles:<\/p>\n<ul>\n<li>Longitud: 22.2 cm (hasta la base)<\/li>\n<li>Color: FleshTone<\/li>\n<li>Longitud introducible: 17.8 cm<\/li>\n<li>Circunferencia: 14 cm<\/li>\n<li>Material: silicona de grado medicinal, firme pero flexible.<\/li>\n<li>Color: realista tono piel.<\/li>\n<\/ul>\n<p>Fleshlight\u00ae es l\u00edder mundial en la fabricacion de masturbadores masculinos utilizando moldes de personas reales, sus grandes calidades y cualidades han dado lugar a una marca pensada para el hombre\u00a0 y su placer unica en el Mundo!!<\/p>\n<ul>\n<li>Se adapta a todos los tama\u00f1os de pene.<\/li>\n<\/ul>\n<p>Incluye una pr\u00e1ctica tapa, para poder guardarlo y protegerlo, una vez utilizado.<\/p>\n","protected":false},"excerpt":{"rendered":"<p>Lleve sus fantas\u00edas a nuevas alturas con esta r\u00e9plica hecha de silicona de alta calidad del bonito pene de Brent Corrigan Fleshjack se complace en anunciar una nueva l\u00ednea de productos Fleshjack Boys. Al igual que nuestro gran \u00e9xito Fleshlight Girls, cada producto de Fleshlight Boys es una r\u00e9plica exacta de la anatom\u00eda de la [&hellip;]<\/p>\n","protected":false},"featured_media":5353,"comment_status":"open","ping_status":"closed","template":"","meta":{"_eb_attr":"","site-sidebar-layout":"default","site-content-layout":"default","ast-site-content-layout":"default","site-content-style":"default","site-sidebar-style":"default","ast-global-header-display":"","ast-banner-title-visibility":"","ast-main-header-display":"","ast-hfb-above-header-display":"","ast-hfb-below-header-display":"","ast-hfb-mobile-header-display":"","site-post-title":"","ast-breadcrumbs-content":"","ast-featured-img":"","footer-sml-layout":"","ast-disable-related-posts":"","theme-transparent-header-meta":"default","adv-header-id-meta":"","stick-header-meta":"","header-above-stick-meta":"","header-main-stick-meta":"","header-below-stick-meta":"","astra-migrate-meta-layouts":"default","ast-page-background-enabled":"default","ast-page-background-meta":{"desktop":{"background-color":"var(--ast-global-color-4)","background-image":"","background-repeat":"repeat","background-position":"center center","background-size":"auto","background-attachment":"scroll","background-type":"","background-media":"","overlay-type":"","overlay-color":"","overlay-opacity":"","overlay-gradient":""},"tablet":{"background-color":"","background-image":"","background-repeat":"repeat","background-position":"center center","background-size":"auto","background-attachment":"scroll","background-type":"","background-media":"","overlay-type":"","overlay-color":"","overlay-opacity":"","overlay-gradient":""},"mobile":{"background-color":"","background-image":"","background-repeat":"repeat","background-position":"center center","background-size":"auto","background-attachment":"scroll","background-type":"","background-media":"","overlay-type":"","overlay-color":"","overlay-opacity":"","overlay-gradient":""}},"ast-content-background-meta":{"desktop":{"background-color":"var(--ast-global-color-5)","background-image":"","background-repeat":"repeat","background-position":"center center","background-size":"auto","background-attachment":"scroll","background-type":"","background-media":"","overlay-type":"","overlay-color":"","overlay-opacity":"","overlay-gradient":""},"tablet":{"background-color":"var(--ast-global-color-5)","background-image":"","background-repeat":"repeat","background-position":"center center","background-size":"auto","background-attachment":"scroll","background-type":"","background-media":"","overlay-type":"","overlay-color":"","overlay-opacity":"","overlay-gradient":""},"mobile":{"background-color":"var(--ast-global-color-5)","background-image":"","background-repeat":"repeat","background-position":"center center","background-size":"auto","background-attachment":"scroll","background-type":"","background-media":"","overlay-type":"","overlay-color":"","overlay-opacity":"","overlay-gradient":""}}},"product_brand":[],"product_cat":[261,260,268],"product_tag":[],"class_list":{"0":"post-5348","1":"product","2":"type-product","3":"status-publish","4":"has-post-thumbnail","6":"product_cat-dildos","7":"product_cat-dildos-y-vibradores","8":"product_cat-special-gay","9":"desktop-align-left","10":"tablet-align-left","11":"mobile-align-left","13":"first","14":"instock","15":"sale","16":"shipping-taxable","17":"purchasable","18":"product-type-simple"},"_links":{"self":[{"href":"https:\/\/chibolita.es\/index.php\/wp-json\/wp\/v2\/product\/5348","targetHints":{"allow":["GET"]}}],"collection":[{"href":"https:\/\/chibolita.es\/index.php\/wp-json\/wp\/v2\/product"}],"about":[{"href":"https:\/\/chibolita.es\/index.php\/wp-json\/wp\/v2\/types\/product"}],"replies":[{"embeddable":true,"href":"https:\/\/chibolita.es\/index.php\/wp-json\/wp\/v2\/comments?post=5348"}],"wp:featuredmedia":[{"embeddable":true,"href":"https:\/\/chibolita.es\/index.php\/wp-json\/wp\/v2\/media\/5353"}],"wp:attachment":[{"href":"https:\/\/chibolita.es\/index.php\/wp-json\/wp\/v2\/media?parent=5348"}],"wp:term":[{"taxonomy":"product_brand","embeddable":true,"href":"https:\/\/chibolita.es\/index.php\/wp-json\/wp\/v2\/product_brand?post=5348"},{"taxonomy":"product_cat","embeddable":true,"href":"https:\/\/chibolita.es\/index.php\/wp-json\/wp\/v2\/product_cat?post=5348"},{"taxonomy":"product_tag","embeddable":true,"href":"https:\/\/chibolita.es\/index.php\/wp-json\/wp\/v2\/product_tag?post=5348"}],"curies":[{"name":"wp","href":"https:\/\/api.w.org\/{rel}","templated":true}]}}