{"id":5335,"date":"2023-05-12T22:10:45","date_gmt":"2023-05-12T22:10:45","guid":{"rendered":"https:\/\/chibolita.es\/?post_type=product&#038;p=5335"},"modified":"2023-05-12T22:11:48","modified_gmt":"2023-05-12T22:11:48","slug":"replica-pene-nacho-vidal-24cm-natural","status":"publish","type":"product","link":"https:\/\/chibolita.es\/index.php\/product\/replica-pene-nacho-vidal-24cm-natural\/","title":{"rendered":"REPLICA PENE NACHO VIDAL 24CM NATURAL"},"content":{"rendered":"<p>Veinticinco impresionantes cent\u00edmetros con todo lujo de detalles.<\/p>\n<p>La autentica polla de Nacho es la r\u00e9plica del pene de la estrella del porno Nacho Vidal, a tama\u00f1o\u00a0 real.<\/p>\n<p>Si alguna vez has so\u00f1ado con tener el pene de Nacho, con el mismo tama\u00f1o y grosor y disfrutar del sexo con el rey del porno, deja de hacerlo. Ya tienes la oportunidad de disfrutar del placer con su r\u00e9plica real.<br \/>\nNo te lo puedes perder !!!<\/p>\n<p>Va provisto de una ventosa para garantizar una \u00f3ptima sujeci\u00f3n.<\/p>\n<p>Medidas:<\/p>\n<ul>\n<li>Longitud \u00fatil 24 cm<\/li>\n<li>Longitud Total 25 cm<\/li>\n<li>6 cm de di\u00e1metro<\/li>\n<li>Color: Natural<\/li>\n<li>Peso: 470 grs.<\/li>\n<li>Material: TPR<\/li>\n<\/ul>\n","protected":false},"excerpt":{"rendered":"<p>Veinticinco impresionantes cent\u00edmetros con todo lujo de detalles. La autentica polla de Nacho es la r\u00e9plica del pene de la estrella del porno Nacho Vidal, a tama\u00f1o\u00a0 real. Si alguna vez has so\u00f1ado con tener el pene de Nacho, con el mismo tama\u00f1o y grosor y disfrutar del sexo con el rey del porno, deja [&hellip;]<\/p>\n","protected":false},"featured_media":5337,"comment_status":"open","ping_status":"closed","template":"","meta":{"_eb_attr":"","site-sidebar-layout":"default","site-content-layout":"default","ast-site-content-layout":"default","site-content-style":"default","site-sidebar-style":"default","ast-global-header-display":"","ast-banner-title-visibility":"","ast-main-header-display":"","ast-hfb-above-header-display":"","ast-hfb-below-header-display":"","ast-hfb-mobile-header-display":"","site-post-title":"","ast-breadcrumbs-content":"","ast-featured-img":"","footer-sml-layout":"","ast-disable-related-posts":"","theme-transparent-header-meta":"default","adv-header-id-meta":"","stick-header-meta":"","header-above-stick-meta":"","header-main-stick-meta":"","header-below-stick-meta":"","astra-migrate-meta-layouts":"default","ast-page-background-enabled":"default","ast-page-background-meta":{"desktop":{"background-color":"var(--ast-global-color-4)","background-image":"","background-repeat":"repeat","background-position":"center center","background-size":"auto","background-attachment":"scroll","background-type":"","background-media":"","overlay-type":"","overlay-color":"","overlay-opacity":"","overlay-gradient":""},"tablet":{"background-color":"","background-image":"","background-repeat":"repeat","background-position":"center center","background-size":"auto","background-attachment":"scroll","background-type":"","background-media":"","overlay-type":"","overlay-color":"","overlay-opacity":"","overlay-gradient":""},"mobile":{"background-color":"","background-image":"","background-repeat":"repeat","background-position":"center center","background-size":"auto","background-attachment":"scroll","background-type":"","background-media":"","overlay-type":"","overlay-color":"","overlay-opacity":"","overlay-gradient":""}},"ast-content-background-meta":{"desktop":{"background-color":"var(--ast-global-color-5)","background-image":"","background-repeat":"repeat","background-position":"center center","background-size":"auto","background-attachment":"scroll","background-type":"","background-media":"","overlay-type":"","overlay-color":"","overlay-opacity":"","overlay-gradient":""},"tablet":{"background-color":"var(--ast-global-color-5)","background-image":"","background-repeat":"repeat","background-position":"center center","background-size":"auto","background-attachment":"scroll","background-type":"","background-media":"","overlay-type":"","overlay-color":"","overlay-opacity":"","overlay-gradient":""},"mobile":{"background-color":"var(--ast-global-color-5)","background-image":"","background-repeat":"repeat","background-position":"center center","background-size":"auto","background-attachment":"scroll","background-type":"","background-media":"","overlay-type":"","overlay-color":"","overlay-opacity":"","overlay-gradient":""}}},"product_brand":[],"product_cat":[261,260,268],"product_tag":[],"class_list":{"0":"post-5335","1":"product","2":"type-product","3":"status-publish","4":"has-post-thumbnail","6":"product_cat-dildos","7":"product_cat-dildos-y-vibradores","8":"product_cat-special-gay","9":"desktop-align-left","10":"tablet-align-left","11":"mobile-align-left","13":"first","14":"instock","15":"sale","16":"shipping-taxable","17":"purchasable","18":"product-type-simple"},"_links":{"self":[{"href":"https:\/\/chibolita.es\/index.php\/wp-json\/wp\/v2\/product\/5335","targetHints":{"allow":["GET"]}}],"collection":[{"href":"https:\/\/chibolita.es\/index.php\/wp-json\/wp\/v2\/product"}],"about":[{"href":"https:\/\/chibolita.es\/index.php\/wp-json\/wp\/v2\/types\/product"}],"replies":[{"embeddable":true,"href":"https:\/\/chibolita.es\/index.php\/wp-json\/wp\/v2\/comments?post=5335"}],"wp:featuredmedia":[{"embeddable":true,"href":"https:\/\/chibolita.es\/index.php\/wp-json\/wp\/v2\/media\/5337"}],"wp:attachment":[{"href":"https:\/\/chibolita.es\/index.php\/wp-json\/wp\/v2\/media?parent=5335"}],"wp:term":[{"taxonomy":"product_brand","embeddable":true,"href":"https:\/\/chibolita.es\/index.php\/wp-json\/wp\/v2\/product_brand?post=5335"},{"taxonomy":"product_cat","embeddable":true,"href":"https:\/\/chibolita.es\/index.php\/wp-json\/wp\/v2\/product_cat?post=5335"},{"taxonomy":"product_tag","embeddable":true,"href":"https:\/\/chibolita.es\/index.php\/wp-json\/wp\/v2\/product_tag?post=5335"}],"curies":[{"name":"wp","href":"https:\/\/api.w.org\/{rel}","templated":true}]}}