{"id":5324,"date":"2023-05-12T22:07:19","date_gmt":"2023-05-12T22:07:19","guid":{"rendered":"https:\/\/chibolita.es\/?post_type=product&#038;p=5324"},"modified":"2026-04-14T07:57:27","modified_gmt":"2026-04-14T07:57:27","slug":"bigger-joy-pene-hinchable-16-cm","status":"publish","type":"product","link":"https:\/\/chibolita.es\/index.php\/product\/bigger-joy-pene-hinchable-16-cm\/","title":{"rendered":"BIGGER JOY PENE HINCHABLE 16 CM"},"content":{"rendered":"<p>Este consolador inflable de l\u00e1tex te garantizar\u00e1\u00a0el\u00a0intenso placer org\u00e1smico toda la noche.<\/p>\n<p>El l\u00e1tex de alta calidad,\u00a0est\u00e1 hecho para resistir todos los juegos\u00a0de tu dormitorio\u00a0para que puedas usarlo durante todo el tiempo que desees con total confianza.<\/p>\n<p>Inserta\u00a0el consolador\u00a0y empieza\u00a0a apretar la bomba de mano hasta que alcance el tama\u00f1o deseado.\u00a0Ll\u00e9nalo y\u00a0disfruta\u00a0de nuevas sensaciones.\u00a0Pero no te preocupes, si se pone un poco grande para manejar, puedes presionar el bot\u00f3n de liberaci\u00f3n r\u00e1pida en la bomba para liberar algo de aire y disminuir el tama\u00f1o del consolador. Puedes controlarlo t\u00fa o tu pareja.\u00a0Haz algo diferente esta vez y experimenta un orgasmo como nunca antes.<\/p>\n<p>Caracter\u00edsticas:<\/p>\n<ul>\n<li>Material: Caucho<\/li>\n<li>Inflar para agrandar<\/li>\n<li>Medidas: Ver foto<\/li>\n<li>Liberaci\u00f3n de aire r\u00e1pida<\/li>\n<\/ul>\n","protected":false},"excerpt":{"rendered":"<p>Este consolador inflable de l\u00e1tex te garantizar\u00e1\u00a0el\u00a0intenso placer org\u00e1smico toda la noche. El l\u00e1tex de alta calidad,\u00a0est\u00e1 hecho para resistir todos los juegos\u00a0de tu dormitorio\u00a0para que puedas usarlo durante todo el tiempo que desees con total confianza. Inserta\u00a0el consolador\u00a0y empieza\u00a0a apretar la bomba de mano hasta que alcance el tama\u00f1o deseado.\u00a0Ll\u00e9nalo y\u00a0disfruta\u00a0de nuevas sensaciones.\u00a0Pero no [&hellip;]<\/p>\n","protected":false},"featured_media":5330,"comment_status":"open","ping_status":"closed","template":"","meta":{"_eb_attr":"","site-sidebar-layout":"default","site-content-layout":"default","ast-site-content-layout":"default","site-content-style":"default","site-sidebar-style":"default","ast-global-header-display":"","ast-banner-title-visibility":"","ast-main-header-display":"","ast-hfb-above-header-display":"","ast-hfb-below-header-display":"","ast-hfb-mobile-header-display":"","site-post-title":"","ast-breadcrumbs-content":"","ast-featured-img":"","footer-sml-layout":"","ast-disable-related-posts":"","theme-transparent-header-meta":"default","adv-header-id-meta":"","stick-header-meta":"","header-above-stick-meta":"","header-main-stick-meta":"","header-below-stick-meta":"","astra-migrate-meta-layouts":"default","ast-page-background-enabled":"default","ast-page-background-meta":{"desktop":{"background-color":"var(--ast-global-color-4)","background-image":"","background-repeat":"repeat","background-position":"center center","background-size":"auto","background-attachment":"scroll","background-type":"","background-media":"","overlay-type":"","overlay-color":"","overlay-opacity":"","overlay-gradient":""},"tablet":{"background-color":"","background-image":"","background-repeat":"repeat","background-position":"center center","background-size":"auto","background-attachment":"scroll","background-type":"","background-media":"","overlay-type":"","overlay-color":"","overlay-opacity":"","overlay-gradient":""},"mobile":{"background-color":"","background-image":"","background-repeat":"repeat","background-position":"center center","background-size":"auto","background-attachment":"scroll","background-type":"","background-media":"","overlay-type":"","overlay-color":"","overlay-opacity":"","overlay-gradient":""}},"ast-content-background-meta":{"desktop":{"background-color":"var(--ast-global-color-5)","background-image":"","background-repeat":"repeat","background-position":"center center","background-size":"auto","background-attachment":"scroll","background-type":"","background-media":"","overlay-type":"","overlay-color":"","overlay-opacity":"","overlay-gradient":""},"tablet":{"background-color":"var(--ast-global-color-5)","background-image":"","background-repeat":"repeat","background-position":"center center","background-size":"auto","background-attachment":"scroll","background-type":"","background-media":"","overlay-type":"","overlay-color":"","overlay-opacity":"","overlay-gradient":""},"mobile":{"background-color":"var(--ast-global-color-5)","background-image":"","background-repeat":"repeat","background-position":"center center","background-size":"auto","background-attachment":"scroll","background-type":"","background-media":"","overlay-type":"","overlay-color":"","overlay-opacity":"","overlay-gradient":""}}},"product_brand":[],"product_cat":[261,260,265,270,268],"product_tag":[],"class_list":{"0":"post-5324","1":"product","2":"type-product","3":"status-publish","4":"has-post-thumbnail","6":"product_cat-dildos","7":"product_cat-dildos-y-vibradores","8":"product_cat-fetish-bdsm","9":"product_cat-sexo-anal","10":"product_cat-special-gay","11":"desktop-align-left","12":"tablet-align-left","13":"mobile-align-left","15":"first","16":"instock","17":"shipping-taxable","18":"purchasable","19":"product-type-simple"},"_links":{"self":[{"href":"https:\/\/chibolita.es\/index.php\/wp-json\/wp\/v2\/product\/5324","targetHints":{"allow":["GET"]}}],"collection":[{"href":"https:\/\/chibolita.es\/index.php\/wp-json\/wp\/v2\/product"}],"about":[{"href":"https:\/\/chibolita.es\/index.php\/wp-json\/wp\/v2\/types\/product"}],"replies":[{"embeddable":true,"href":"https:\/\/chibolita.es\/index.php\/wp-json\/wp\/v2\/comments?post=5324"}],"wp:featuredmedia":[{"embeddable":true,"href":"https:\/\/chibolita.es\/index.php\/wp-json\/wp\/v2\/media\/5330"}],"wp:attachment":[{"href":"https:\/\/chibolita.es\/index.php\/wp-json\/wp\/v2\/media?parent=5324"}],"wp:term":[{"taxonomy":"product_brand","embeddable":true,"href":"https:\/\/chibolita.es\/index.php\/wp-json\/wp\/v2\/product_brand?post=5324"},{"taxonomy":"product_cat","embeddable":true,"href":"https:\/\/chibolita.es\/index.php\/wp-json\/wp\/v2\/product_cat?post=5324"},{"taxonomy":"product_tag","embeddable":true,"href":"https:\/\/chibolita.es\/index.php\/wp-json\/wp\/v2\/product_tag?post=5324"}],"curies":[{"name":"wp","href":"https:\/\/api.w.org\/{rel}","templated":true}]}}