{"id":5268,"date":"2023-05-12T21:30:29","date_gmt":"2023-05-12T21:30:29","guid":{"rendered":"https:\/\/chibolita.es\/?post_type=product&#038;p=5268"},"modified":"2023-05-12T21:42:10","modified_gmt":"2023-05-12T21:42:10","slug":"pene-realistico-doble-penetracion","status":"publish","type":"product","link":"https:\/\/chibolita.es\/index.php\/product\/pene-realistico-doble-penetracion\/","title":{"rendered":"PENE REALISTICO DOBLE PENETRACION"},"content":{"rendered":"<p>Un fant\u00e1stico Pene Doble Penetraci\u00f3n fabricado en l\u00e1tex.<\/p>\n<p>Lleva incorporado un mando con vibracion regulable.<\/p>\n<p>La doble estimulaci\u00f3n es la \u00faltima frontera del placer, es bien sabido que hay mujeres que gozan con la penetraci\u00f3n Anal pero tambi\u00e9n es reconocido que la penetraci\u00f3n doble es el cl\u00edmax de un buen coito.<\/p>\n<ul>\n<li>Incorpora una potente ventosa con la que podremos situarla en cualquier superficie sin necesidad de usar las manos,aunque tambien se puede usar de forma manual si lo requerimos.<\/li>\n<li>Utiliza dos pilas AA que no estan incluidas, las puedes encontrar en la seccion pilas!.<\/li>\n<\/ul>\n<p>Doble estimulaci\u00f3n y doble Penetraci\u00f3n!!<\/p>\n","protected":false},"excerpt":{"rendered":"<p>Un fant\u00e1stico Pene Doble Penetraci\u00f3n fabricado en l\u00e1tex. Lleva incorporado un mando con vibracion regulable. La doble estimulaci\u00f3n es la \u00faltima frontera del placer, es bien sabido que hay mujeres que gozan con la penetraci\u00f3n Anal pero tambi\u00e9n es reconocido que la penetraci\u00f3n doble es el cl\u00edmax de un buen coito. Incorpora una potente ventosa [&hellip;]<\/p>\n","protected":false},"featured_media":5270,"comment_status":"open","ping_status":"closed","template":"","meta":{"_eb_attr":"","site-sidebar-layout":"default","site-content-layout":"default","ast-site-content-layout":"default","site-content-style":"default","site-sidebar-style":"default","ast-global-header-display":"","ast-banner-title-visibility":"","ast-main-header-display":"","ast-hfb-above-header-display":"","ast-hfb-below-header-display":"","ast-hfb-mobile-header-display":"","site-post-title":"","ast-breadcrumbs-content":"","ast-featured-img":"","footer-sml-layout":"","ast-disable-related-posts":"","theme-transparent-header-meta":"default","adv-header-id-meta":"","stick-header-meta":"","header-above-stick-meta":"","header-main-stick-meta":"","header-below-stick-meta":"","astra-migrate-meta-layouts":"default","ast-page-background-enabled":"default","ast-page-background-meta":{"desktop":{"background-color":"var(--ast-global-color-4)","background-image":"","background-repeat":"repeat","background-position":"center center","background-size":"auto","background-attachment":"scroll","background-type":"","background-media":"","overlay-type":"","overlay-color":"","overlay-opacity":"","overlay-gradient":""},"tablet":{"background-color":"","background-image":"","background-repeat":"repeat","background-position":"center center","background-size":"auto","background-attachment":"scroll","background-type":"","background-media":"","overlay-type":"","overlay-color":"","overlay-opacity":"","overlay-gradient":""},"mobile":{"background-color":"","background-image":"","background-repeat":"repeat","background-position":"center center","background-size":"auto","background-attachment":"scroll","background-type":"","background-media":"","overlay-type":"","overlay-color":"","overlay-opacity":"","overlay-gradient":""}},"ast-content-background-meta":{"desktop":{"background-color":"var(--ast-global-color-5)","background-image":"","background-repeat":"repeat","background-position":"center center","background-size":"auto","background-attachment":"scroll","background-type":"","background-media":"","overlay-type":"","overlay-color":"","overlay-opacity":"","overlay-gradient":""},"tablet":{"background-color":"var(--ast-global-color-5)","background-image":"","background-repeat":"repeat","background-position":"center center","background-size":"auto","background-attachment":"scroll","background-type":"","background-media":"","overlay-type":"","overlay-color":"","overlay-opacity":"","overlay-gradient":""},"mobile":{"background-color":"var(--ast-global-color-5)","background-image":"","background-repeat":"repeat","background-position":"center center","background-size":"auto","background-attachment":"scroll","background-type":"","background-media":"","overlay-type":"","overlay-color":"","overlay-opacity":"","overlay-gradient":""}}},"product_brand":[],"product_cat":[264,260,266,262],"product_tag":[],"class_list":{"0":"post-5268","1":"product","2":"type-product","3":"status-publish","4":"has-post-thumbnail","6":"product_cat-dildo-duplo","7":"product_cat-dildos-y-vibradores","8":"product_cat-doble-penetracion","9":"product_cat-vibradores","10":"desktop-align-left","11":"tablet-align-left","12":"mobile-align-left","14":"first","15":"instock","16":"shipping-taxable","17":"purchasable","18":"product-type-simple"},"_links":{"self":[{"href":"https:\/\/chibolita.es\/index.php\/wp-json\/wp\/v2\/product\/5268","targetHints":{"allow":["GET"]}}],"collection":[{"href":"https:\/\/chibolita.es\/index.php\/wp-json\/wp\/v2\/product"}],"about":[{"href":"https:\/\/chibolita.es\/index.php\/wp-json\/wp\/v2\/types\/product"}],"replies":[{"embeddable":true,"href":"https:\/\/chibolita.es\/index.php\/wp-json\/wp\/v2\/comments?post=5268"}],"wp:featuredmedia":[{"embeddable":true,"href":"https:\/\/chibolita.es\/index.php\/wp-json\/wp\/v2\/media\/5270"}],"wp:attachment":[{"href":"https:\/\/chibolita.es\/index.php\/wp-json\/wp\/v2\/media?parent=5268"}],"wp:term":[{"taxonomy":"product_brand","embeddable":true,"href":"https:\/\/chibolita.es\/index.php\/wp-json\/wp\/v2\/product_brand?post=5268"},{"taxonomy":"product_cat","embeddable":true,"href":"https:\/\/chibolita.es\/index.php\/wp-json\/wp\/v2\/product_cat?post=5268"},{"taxonomy":"product_tag","embeddable":true,"href":"https:\/\/chibolita.es\/index.php\/wp-json\/wp\/v2\/product_tag?post=5268"}],"curies":[{"name":"wp","href":"https:\/\/api.w.org\/{rel}","templated":true}]}}