{"id":5238,"date":"2023-05-12T14:37:57","date_gmt":"2023-05-12T14:37:57","guid":{"rendered":"https:\/\/chibolita.es\/?post_type=product&#038;p=5238"},"modified":"2023-05-12T14:38:48","modified_gmt":"2023-05-12T14:38:48","slug":"lelo-nea-2-estimulador-clitoris-negro","status":"publish","type":"product","link":"https:\/\/chibolita.es\/index.php\/product\/lelo-nea-2-estimulador-clitoris-negro\/","title":{"rendered":"LELO NEA 2 ESTIMULADOR CL\u00cdTORIS NEGRO"},"content":{"rendered":"<p>Precioso a la vista y al tacto, NEA\u2122 2 es un exquisito masajeador de cl\u00edtoris que puedes usar a solas o en pareja. Su elegante dise\u00f1o es perfecto para situarlo entre los cuerpos durante el acto sexual, mientras sus intensas vibraciones y bellos detalles florales endulzan tus relaciones \u00edntimas. 100% sumergible y recargable, los 8 patrones de estimulaci\u00f3n de NEA\u2122 2 llevan el m\u00e1s potente placer a la palma de tu mano.<\/p>\n<p><strong>Un lujoso placer a solas o en pareja<\/strong>\u00a0NEA\u2122 2 pone el placer en la punta de tus dedos con un elegante dise\u00f1o perfeccionado para la estimulaci\u00f3n externa, a solas o situado entre los cuerpos durante el acto sexual.<\/p>\n<p><strong>Potencia y discreci\u00f3n<\/strong>, all\u00e1 donde el placer te lleve Con el doble de potencia para explorar m\u00faltiples y prolijas sensaciones, NEA\u2122 2 permanece sigiloso a trav\u00e9s de sus 8 potentes patrones de vibraci\u00f3n, para que te lleves el placer all\u00e1 donde desees.<\/p>\n<p>100% sumergible y recargable por USB Ofrece 4 horas de satisfactorio placer con una carga de 2 horas y versatilidad, para usarlo en el ba\u00f1o o en la ducha.<\/p>\n<p>Abrir una caja de productos LELO es un ritual sensual y sexy. El primer momento de excitaci\u00f3n se convierte en una fiesta de placer que es la expresi\u00f3n definitiva de la compra m\u00e1s satisfactoria.<\/p>\n<ul>\n<li>NEA\u2122 2<\/li>\n<li>Cable USB<\/li>\n<li>Funda de sat\u00e9n<\/li>\n<li>1 a\u00f1o de Garant\u00eda\/10 a\u00f1os de Garant\u00eda de Calidad<\/li>\n<li>Manual de usuario<\/li>\n<\/ul>\n","protected":false},"excerpt":{"rendered":"<p>Precioso a la vista y al tacto, NEA\u2122 2 es un exquisito masajeador de cl\u00edtoris que puedes usar a solas o en pareja. Su elegante dise\u00f1o es perfecto para situarlo entre los cuerpos durante el acto sexual, mientras sus intensas vibraciones y bellos detalles florales endulzan tus relaciones \u00edntimas. 100% sumergible y recargable, los 8 [&hellip;]<\/p>\n","protected":false},"featured_media":5240,"comment_status":"open","ping_status":"closed","template":"","meta":{"_eb_attr":"","site-sidebar-layout":"default","site-content-layout":"default","ast-site-content-layout":"default","site-content-style":"default","site-sidebar-style":"default","ast-global-header-display":"","ast-banner-title-visibility":"","ast-main-header-display":"","ast-hfb-above-header-display":"","ast-hfb-below-header-display":"","ast-hfb-mobile-header-display":"","site-post-title":"","ast-breadcrumbs-content":"","ast-featured-img":"","footer-sml-layout":"","ast-disable-related-posts":"","theme-transparent-header-meta":"default","adv-header-id-meta":"","stick-header-meta":"","header-above-stick-meta":"","header-main-stick-meta":"","header-below-stick-meta":"","astra-migrate-meta-layouts":"default","ast-page-background-enabled":"default","ast-page-background-meta":{"desktop":{"background-color":"var(--ast-global-color-4)","background-image":"","background-repeat":"repeat","background-position":"center center","background-size":"auto","background-attachment":"scroll","background-type":"","background-media":"","overlay-type":"","overlay-color":"","overlay-opacity":"","overlay-gradient":""},"tablet":{"background-color":"","background-image":"","background-repeat":"repeat","background-position":"center center","background-size":"auto","background-attachment":"scroll","background-type":"","background-media":"","overlay-type":"","overlay-color":"","overlay-opacity":"","overlay-gradient":""},"mobile":{"background-color":"","background-image":"","background-repeat":"repeat","background-position":"center center","background-size":"auto","background-attachment":"scroll","background-type":"","background-media":"","overlay-type":"","overlay-color":"","overlay-opacity":"","overlay-gradient":""}},"ast-content-background-meta":{"desktop":{"background-color":"var(--ast-global-color-5)","background-image":"","background-repeat":"repeat","background-position":"center center","background-size":"auto","background-attachment":"scroll","background-type":"","background-media":"","overlay-type":"","overlay-color":"","overlay-opacity":"","overlay-gradient":""},"tablet":{"background-color":"var(--ast-global-color-5)","background-image":"","background-repeat":"repeat","background-position":"center center","background-size":"auto","background-attachment":"scroll","background-type":"","background-media":"","overlay-type":"","overlay-color":"","overlay-opacity":"","overlay-gradient":""},"mobile":{"background-color":"var(--ast-global-color-5)","background-image":"","background-repeat":"repeat","background-position":"center center","background-size":"auto","background-attachment":"scroll","background-type":"","background-media":"","overlay-type":"","overlay-color":"","overlay-opacity":"","overlay-gradient":""}}},"product_brand":[],"product_cat":[260,263],"product_tag":[],"class_list":{"0":"post-5238","1":"product","2":"type-product","3":"status-publish","4":"has-post-thumbnail","6":"product_cat-dildos-y-vibradores","7":"product_cat-vibradores-lay-on-clitoris","8":"desktop-align-left","9":"tablet-align-left","10":"mobile-align-left","12":"first","13":"instock","14":"sale","15":"shipping-taxable","16":"purchasable","17":"product-type-simple"},"_links":{"self":[{"href":"https:\/\/chibolita.es\/index.php\/wp-json\/wp\/v2\/product\/5238","targetHints":{"allow":["GET"]}}],"collection":[{"href":"https:\/\/chibolita.es\/index.php\/wp-json\/wp\/v2\/product"}],"about":[{"href":"https:\/\/chibolita.es\/index.php\/wp-json\/wp\/v2\/types\/product"}],"replies":[{"embeddable":true,"href":"https:\/\/chibolita.es\/index.php\/wp-json\/wp\/v2\/comments?post=5238"}],"wp:featuredmedia":[{"embeddable":true,"href":"https:\/\/chibolita.es\/index.php\/wp-json\/wp\/v2\/media\/5240"}],"wp:attachment":[{"href":"https:\/\/chibolita.es\/index.php\/wp-json\/wp\/v2\/media?parent=5238"}],"wp:term":[{"taxonomy":"product_brand","embeddable":true,"href":"https:\/\/chibolita.es\/index.php\/wp-json\/wp\/v2\/product_brand?post=5238"},{"taxonomy":"product_cat","embeddable":true,"href":"https:\/\/chibolita.es\/index.php\/wp-json\/wp\/v2\/product_cat?post=5238"},{"taxonomy":"product_tag","embeddable":true,"href":"https:\/\/chibolita.es\/index.php\/wp-json\/wp\/v2\/product_tag?post=5238"}],"curies":[{"name":"wp","href":"https:\/\/api.w.org\/{rel}","templated":true}]}}