{"id":5233,"date":"2023-05-12T14:34:54","date_gmt":"2023-05-12T14:34:54","guid":{"rendered":"https:\/\/chibolita.es\/?post_type=product&#038;p=5233"},"modified":"2026-04-14T07:57:27","modified_gmt":"2026-04-14T07:57:27","slug":"satisfyer-layons-purple-pleasure","status":"publish","type":"product","link":"https:\/\/chibolita.es\/index.php\/product\/satisfyer-layons-purple-pleasure\/","title":{"rendered":"SATISFYER LAYONS PURPLE PLEASURE"},"content":{"rendered":"<p>JUGUETE ER\u00d3TICO LI-LA Con su lengua redondeada, este vibrador de contacto te satisface justo en el sitio exacto, aunque gracias a su generoso cuerpo, tambi\u00e9n puede utilizarse en toda su extensi\u00f3n para estimular todo el cl\u00edtoris. \u00a1As\u00ed los orgasmos desenfrenados son inevitables!<\/p>\n<p>La suave silicona y un excelente dise\u00f1o convierten a Purple Pleasure en un compa\u00f1ero de juegos elegante y fiel. Gracias a su pr\u00e1ctico tama\u00f1o y su forma ovalada, el juguete er\u00f3tico se maneja con facilidad y afina la punter\u00eda.<\/p>\n<p>El silencioso motor del vibrador de contacto ofrece 15 modos de vibraci\u00f3n diferentes que dar\u00e1n lo mejor de s\u00ed para hacerte completamente feliz. Los programas se componen de 5 velocidades y 10 ritmos, que se controlan presionando un bot\u00f3n.<\/p>\n<ul>\n<li>Estimulaci\u00f3n superpotente<\/li>\n<li>Silicona m\u00e9dica<\/li>\n<li>15 intensos programas de vibraci\u00f3n<\/li>\n<li>Acabado impermeable<\/li>\n<li>Recargable, incl. cable USB de carga<\/li>\n<\/ul>\n<p>\u00bfHay algo m\u00e1s delicioso que un ba\u00f1o relajante tras un largo d\u00eda? Llena la ba\u00f1era y ll\u00e9vate directamente tu patito de goma y tu juguete er\u00f3tico, porque el vibrador de contacto es impermeable. \u00a1All\u00ed, los deliciosamente h\u00famedos orgasmos resultan el doble de divertidos!<\/p>\n","protected":false},"excerpt":{"rendered":"<p>JUGUETE ER\u00d3TICO LI-LA Con su lengua redondeada, este vibrador de contacto te satisface justo en el sitio exacto, aunque gracias a su generoso cuerpo, tambi\u00e9n puede utilizarse en toda su extensi\u00f3n para estimular todo el cl\u00edtoris. \u00a1As\u00ed los orgasmos desenfrenados son inevitables! La suave silicona y un excelente dise\u00f1o convierten a Purple Pleasure en un [&hellip;]<\/p>\n","protected":false},"featured_media":5237,"comment_status":"open","ping_status":"closed","template":"","meta":{"_eb_attr":"","site-sidebar-layout":"default","site-content-layout":"default","ast-site-content-layout":"default","site-content-style":"default","site-sidebar-style":"default","ast-global-header-display":"","ast-banner-title-visibility":"","ast-main-header-display":"","ast-hfb-above-header-display":"","ast-hfb-below-header-display":"","ast-hfb-mobile-header-display":"","site-post-title":"","ast-breadcrumbs-content":"","ast-featured-img":"","footer-sml-layout":"","ast-disable-related-posts":"","theme-transparent-header-meta":"default","adv-header-id-meta":"","stick-header-meta":"","header-above-stick-meta":"","header-main-stick-meta":"","header-below-stick-meta":"","astra-migrate-meta-layouts":"default","ast-page-background-enabled":"default","ast-page-background-meta":{"desktop":{"background-color":"var(--ast-global-color-4)","background-image":"","background-repeat":"repeat","background-position":"center center","background-size":"auto","background-attachment":"scroll","background-type":"","background-media":"","overlay-type":"","overlay-color":"","overlay-opacity":"","overlay-gradient":""},"tablet":{"background-color":"","background-image":"","background-repeat":"repeat","background-position":"center center","background-size":"auto","background-attachment":"scroll","background-type":"","background-media":"","overlay-type":"","overlay-color":"","overlay-opacity":"","overlay-gradient":""},"mobile":{"background-color":"","background-image":"","background-repeat":"repeat","background-position":"center center","background-size":"auto","background-attachment":"scroll","background-type":"","background-media":"","overlay-type":"","overlay-color":"","overlay-opacity":"","overlay-gradient":""}},"ast-content-background-meta":{"desktop":{"background-color":"var(--ast-global-color-5)","background-image":"","background-repeat":"repeat","background-position":"center center","background-size":"auto","background-attachment":"scroll","background-type":"","background-media":"","overlay-type":"","overlay-color":"","overlay-opacity":"","overlay-gradient":""},"tablet":{"background-color":"var(--ast-global-color-5)","background-image":"","background-repeat":"repeat","background-position":"center center","background-size":"auto","background-attachment":"scroll","background-type":"","background-media":"","overlay-type":"","overlay-color":"","overlay-opacity":"","overlay-gradient":""},"mobile":{"background-color":"var(--ast-global-color-5)","background-image":"","background-repeat":"repeat","background-position":"center center","background-size":"auto","background-attachment":"scroll","background-type":"","background-media":"","overlay-type":"","overlay-color":"","overlay-opacity":"","overlay-gradient":""}}},"product_brand":[],"product_cat":[260,263],"product_tag":[],"class_list":{"0":"post-5233","1":"product","2":"type-product","3":"status-publish","4":"has-post-thumbnail","6":"product_cat-dildos-y-vibradores","7":"product_cat-vibradores-lay-on-clitoris","8":"desktop-align-left","9":"tablet-align-left","10":"mobile-align-left","12":"first","13":"instock","14":"shipping-taxable","15":"purchasable","16":"product-type-simple"},"_links":{"self":[{"href":"https:\/\/chibolita.es\/index.php\/wp-json\/wp\/v2\/product\/5233","targetHints":{"allow":["GET"]}}],"collection":[{"href":"https:\/\/chibolita.es\/index.php\/wp-json\/wp\/v2\/product"}],"about":[{"href":"https:\/\/chibolita.es\/index.php\/wp-json\/wp\/v2\/types\/product"}],"replies":[{"embeddable":true,"href":"https:\/\/chibolita.es\/index.php\/wp-json\/wp\/v2\/comments?post=5233"}],"wp:featuredmedia":[{"embeddable":true,"href":"https:\/\/chibolita.es\/index.php\/wp-json\/wp\/v2\/media\/5237"}],"wp:attachment":[{"href":"https:\/\/chibolita.es\/index.php\/wp-json\/wp\/v2\/media?parent=5233"}],"wp:term":[{"taxonomy":"product_brand","embeddable":true,"href":"https:\/\/chibolita.es\/index.php\/wp-json\/wp\/v2\/product_brand?post=5233"},{"taxonomy":"product_cat","embeddable":true,"href":"https:\/\/chibolita.es\/index.php\/wp-json\/wp\/v2\/product_cat?post=5233"},{"taxonomy":"product_tag","embeddable":true,"href":"https:\/\/chibolita.es\/index.php\/wp-json\/wp\/v2\/product_tag?post=5233"}],"curies":[{"name":"wp","href":"https:\/\/api.w.org\/{rel}","templated":true}]}}