{"id":5209,"date":"2023-05-12T14:21:54","date_gmt":"2023-05-12T14:21:54","guid":{"rendered":"https:\/\/chibolita.es\/?post_type=product&#038;p=5209"},"modified":"2023-05-12T14:23:11","modified_gmt":"2023-05-12T14:23:11","slug":"fun-factory-amorino-mini-vibrador-petrol-neon-yellow","status":"publish","type":"product","link":"https:\/\/chibolita.es\/index.php\/product\/fun-factory-amorino-mini-vibrador-petrol-neon-yellow\/","title":{"rendered":"FUN FACTORY &#8211; AMORINO MINI VIBRADOR PETROL &#038; NEON YELLOW"},"content":{"rendered":"<p><strong>\u00a1AMORINO! Dios del amor moderno.<\/strong><\/p>\n<p>AMORINO: El MiniVibrador con banda tensada. Emocionante y nuevo.<\/p>\n<p>La banda de color amarillo ne\u00f3n de este minivibrador recargable emana su magia celestial a trav\u00e9s de los extremos suavemente redondeados del AMORINO y su estimulador de cl\u00edtoris bulboso. La banda de silicona suavemente tensa transmite las vibraciones de los juguetes. Cruce o estire las bandas alrededor del AMORINO y explore una variedad de sensaciones. \u00daselo como un vibrador de colocaci\u00f3n y estimula externamente transfiriendo las vibraciones de los motores a trav\u00e9s de la banda al monte de\u00a0Venus, el cl\u00edtoris y los labios. Por supuesto, el AMORINO nunca pierde de vista su objetivo cuando se usa internamente. La punta suavemente curvada encuentra f\u00e1cilmente el punto G y el punto P y el bulbo externo del vibrador estimula el cl\u00edtoris o el perineo.\u00a0<strong>Para uso anal siempre se debe quitar la banda.<\/strong><\/p>\n<p>&#8211; MiniVibrator presenta una banda de estimulaci\u00f3n \u00fanica que transmite vibraciones intensamente<br \/>\n&#8211; Recargable con cable\u00a0 USB de carga magn\u00e9tico, incluido.<br \/>\n&#8211; Si se cruza y se estira sobre los motores duales, la banda de silicona se activa. Cuando se coloca directamente sobre las puntas estimulantes de los vibradores, la banda transmite m\u00e1s vibraci\u00f3n en un \u00e1rea m\u00e1s grande.<br \/>\n&#8211; Este vibrador lay-on potencia los efectos de un vibrador cl\u00e1sico con su banda estimulante.<br \/>\n&#8211; Forma suavemente curvada para una estimulaci\u00f3n intensa del punto G o de la pr\u00f3stata de un hombre.<br \/>\n&#8211; Durante el uso anal quitar siempre la banda.<br \/>\n&#8211; La unidad de control de forma ergon\u00f3mica viene en un elegante tono dorado.<br \/>\n&#8211; Los botones t\u00e1ctiles son f\u00e1ciles de operar, simplemente PRESIONE FUN TO PLAY.<br \/>\n&#8211; Se puede acceder f\u00e1cilmente a la funci\u00f3n de apagado r\u00e1pido\u00a0(Instant Off)\u00a0con el bot\u00f3n FUN.<br \/>\n&#8211; La funci\u00f3n de bloqueo asegura que su ambiente no se encienda inesperadamente, lo que lo hace perfecto para guardarlo mientras viaja.<br \/>\n&#8211; Explora las 6 intensidades de vibraci\u00f3n y los 6 ritmos de vibraci\u00f3n de AMORINO.<br \/>\n&#8211; Motor potente, silencioso y duradero.<br \/>\n&#8211; Fabricado en Alemania con los m\u00e1s altos est\u00e1ndares de calidad.<br \/>\n&#8211; Hecho de 100 % silicona de grado m\u00e9dico, seguro y suave para el cuerpo y sin olor.<br \/>\n&#8211; Superficie de silicona suave y aterciopelada.<br \/>\n&#8211; 100 % impermeable.<br \/>\n&#8211; Lavado f\u00e1cil con limpiador de juguetes o agua y un jab\u00f3n suave.<br \/>\n&#8211; Disponible en Rosa o Verde.<\/p>\n<p><strong>AMORINO, Dios del amor moderno<\/strong><\/p>\n<p>Cuando Amour de la antigua Roma llega con arco y flecha, atraviesa el coraz\u00f3n y el amor florece. El Cupido de hoy en d\u00eda est\u00e1 armado con un tipo diferente de accesorio. Los momentos apasionantes florecen tan pronto como la banda de estimulaci\u00f3n flexible se une a las curvas sensibles de este peque\u00f1o vibrador. Tanto la superficie sedosa del eje de silicona como la banda complacen e inspiran. Con un trabajo en equipo \u00edntimo, la delicadeza de los juguetes creada por la banda de estimulaci\u00f3n colocada externamente aporta a\u00fan m\u00e1s emoci\u00f3n al juego y transporta a los usuarios al s\u00e9ptimo cielo.<\/p>\n<p><strong>El erotismo de una banda vibradora.<\/strong><\/p>\n<p>Los amigos del nuevo AMORINO est\u00e1n encantados de confirmarlo:\u00a0El vibrador\u00a0perfecto para cualquier bolso de mano, equipado con una peque\u00f1a &#8211;\u00a0<em>pero en todos los aspectos sobresaliente-\u00a0<\/em>innovaci\u00f3n<i>\u00a0<\/i>que\u00a0cosecha muchos aplausos. Entre la punta suavemente redondeada y el capullo lateral se encuentra la banda de estimulaci\u00f3n de silicona suavemente tensada para la excitaci\u00f3n del cl\u00edtoris. Externamente estimula el monte\u00a0de Venus y los labios vaginales: este peque\u00f1o detalle garantiza niveles de excitaci\u00f3n de un tipo especial. Para uso vaginal y anal, basta con retirar la banda de color amarillo ne\u00f3n. La punta suavemente curvada encuentra f\u00e1cilmente el punto G y P, la curvatura en el extremo inferior del MiniVibrador\u00a0estimula el cl\u00edtoris o el ano.<\/p>\n<p>El AMORINO, se apoya fant\u00e1sticamente en la sensible y potente tecnolog\u00eda del interior del juguete. El potente y silencioso motor con seis ritmos y seis intensidades permite alcanzar nuevas cotas de cl\u00edmax de forma f\u00e1cil y fiable. Basta con pulsar un bot\u00f3n en la elegante unidad de control de color dorado. Lo que tambi\u00e9n convierte al AMORINO\u00a0en un verdadero atractivo, son sus seductores y modernos colores. Rosa y verde con una brillante banda de estimulaci\u00f3n amarillo ne\u00f3n.<\/p>\n<p>&nbsp;<\/p>\n<p>&nbsp;<\/p>\n","protected":false},"excerpt":{"rendered":"<p>\u00a1AMORINO! Dios del amor moderno. AMORINO: El MiniVibrador con banda tensada. Emocionante y nuevo. La banda de color amarillo ne\u00f3n de este minivibrador recargable emana su magia celestial a trav\u00e9s de los extremos suavemente redondeados del AMORINO y su estimulador de cl\u00edtoris bulboso. La banda de silicona suavemente tensa transmite las vibraciones de los juguetes. [&hellip;]<\/p>\n","protected":false},"featured_media":5214,"comment_status":"open","ping_status":"closed","template":"","meta":{"_eb_attr":"","site-sidebar-layout":"default","site-content-layout":"default","ast-site-content-layout":"default","site-content-style":"default","site-sidebar-style":"default","ast-global-header-display":"","ast-banner-title-visibility":"","ast-main-header-display":"","ast-hfb-above-header-display":"","ast-hfb-below-header-display":"","ast-hfb-mobile-header-display":"","site-post-title":"","ast-breadcrumbs-content":"","ast-featured-img":"","footer-sml-layout":"","ast-disable-related-posts":"","theme-transparent-header-meta":"default","adv-header-id-meta":"","stick-header-meta":"","header-above-stick-meta":"","header-main-stick-meta":"","header-below-stick-meta":"","astra-migrate-meta-layouts":"default","ast-page-background-enabled":"default","ast-page-background-meta":{"desktop":{"background-color":"var(--ast-global-color-4)","background-image":"","background-repeat":"repeat","background-position":"center center","background-size":"auto","background-attachment":"scroll","background-type":"","background-media":"","overlay-type":"","overlay-color":"","overlay-opacity":"","overlay-gradient":""},"tablet":{"background-color":"","background-image":"","background-repeat":"repeat","background-position":"center center","background-size":"auto","background-attachment":"scroll","background-type":"","background-media":"","overlay-type":"","overlay-color":"","overlay-opacity":"","overlay-gradient":""},"mobile":{"background-color":"","background-image":"","background-repeat":"repeat","background-position":"center center","background-size":"auto","background-attachment":"scroll","background-type":"","background-media":"","overlay-type":"","overlay-color":"","overlay-opacity":"","overlay-gradient":""}},"ast-content-background-meta":{"desktop":{"background-color":"var(--ast-global-color-5)","background-image":"","background-repeat":"repeat","background-position":"center center","background-size":"auto","background-attachment":"scroll","background-type":"","background-media":"","overlay-type":"","overlay-color":"","overlay-opacity":"","overlay-gradient":""},"tablet":{"background-color":"var(--ast-global-color-5)","background-image":"","background-repeat":"repeat","background-position":"center center","background-size":"auto","background-attachment":"scroll","background-type":"","background-media":"","overlay-type":"","overlay-color":"","overlay-opacity":"","overlay-gradient":""},"mobile":{"background-color":"var(--ast-global-color-5)","background-image":"","background-repeat":"repeat","background-position":"center center","background-size":"auto","background-attachment":"scroll","background-type":"","background-media":"","overlay-type":"","overlay-color":"","overlay-opacity":"","overlay-gradient":""}}},"product_brand":[],"product_cat":[260,263],"product_tag":[],"class_list":{"0":"post-5209","1":"product","2":"type-product","3":"status-publish","4":"has-post-thumbnail","6":"product_cat-dildos-y-vibradores","7":"product_cat-vibradores-lay-on-clitoris","8":"desktop-align-left","9":"tablet-align-left","10":"mobile-align-left","12":"first","13":"instock","14":"shipping-taxable","15":"product-type-simple"},"_links":{"self":[{"href":"https:\/\/chibolita.es\/index.php\/wp-json\/wp\/v2\/product\/5209","targetHints":{"allow":["GET"]}}],"collection":[{"href":"https:\/\/chibolita.es\/index.php\/wp-json\/wp\/v2\/product"}],"about":[{"href":"https:\/\/chibolita.es\/index.php\/wp-json\/wp\/v2\/types\/product"}],"replies":[{"embeddable":true,"href":"https:\/\/chibolita.es\/index.php\/wp-json\/wp\/v2\/comments?post=5209"}],"wp:featuredmedia":[{"embeddable":true,"href":"https:\/\/chibolita.es\/index.php\/wp-json\/wp\/v2\/media\/5214"}],"wp:attachment":[{"href":"https:\/\/chibolita.es\/index.php\/wp-json\/wp\/v2\/media?parent=5209"}],"wp:term":[{"taxonomy":"product_brand","embeddable":true,"href":"https:\/\/chibolita.es\/index.php\/wp-json\/wp\/v2\/product_brand?post=5209"},{"taxonomy":"product_cat","embeddable":true,"href":"https:\/\/chibolita.es\/index.php\/wp-json\/wp\/v2\/product_cat?post=5209"},{"taxonomy":"product_tag","embeddable":true,"href":"https:\/\/chibolita.es\/index.php\/wp-json\/wp\/v2\/product_tag?post=5209"}],"curies":[{"name":"wp","href":"https:\/\/api.w.org\/{rel}","templated":true}]}}