{"id":5204,"date":"2023-05-12T14:19:34","date_gmt":"2023-05-12T14:19:34","guid":{"rendered":"https:\/\/chibolita.es\/?post_type=product&#038;p=5204"},"modified":"2023-05-12T14:21:06","modified_gmt":"2023-05-12T14:21:06","slug":"satisfyer-dark-desire-vibrador-lay-on","status":"publish","type":"product","link":"https:\/\/chibolita.es\/index.php\/product\/satisfyer-dark-desire-vibrador-lay-on\/","title":{"rendered":"SATISFYER DARK DESIRE VIBRADOR LAY-ON"},"content":{"rendered":"<p>Nuestro vibrador de contacto Dark Desire se adapta perfectamente a tu mano como un control remoto de lo m\u00e1s sexy. Su amplia superficie, fabricada con silicona flexible y adornada con surcos, es perfecta para jugar en solitario o para un sensual masaje en pareja.<\/p>\n<p><strong>Informaci\u00f3n del producto \u00abSatisfyer Dark Desire\u00bb<\/strong><\/p>\n<ul>\n<li>Los potentes patrones de vibraci\u00f3n proporcionan una intensa estimulaci\u00f3n del cl\u00edtoris<\/li>\n<li>Fabricado con silicona de grado m\u00e9dico supersuave, agradable para la piel, suave al tacto y extremadamente higi\u00e9nica<\/li>\n<li>Gracias a su acabado impermeable (IPX7), este juguete se puede usar de forma segura en el agua, adem\u00e1s de ser f\u00e1cil de limpiar<\/li>\n<li>Estimulaci\u00f3n del cl\u00edtoris mediante potente vibraci\u00f3n<\/li>\n<li>15 programas de vibraci\u00f3n<\/li>\n<li>Modo de susurro<\/li>\n<li>Garant\u00eda de 15 a\u00f1os<\/li>\n<li>F\u00e1cil de limpiar<\/li>\n<li>Bater\u00eda de iones de litio<\/li>\n<li>Cable de carga magn\u00e9tico por USB<\/li>\n<\/ul>\n<p><strong>\u00bfCu\u00e1les son las caracter\u00edsticas especiales de Dark Desire?<\/strong><\/p>\n<p>El Satisfyer Dark Desire es un vibrador c\u00f3modo y pr\u00e1ctico que te proporcionar\u00e1 unas impresionantes demostraciones de placer gracias a sus potentes vibraciones. Debido a su dise\u00f1o amplio, permite estimular el cl\u00edtoris en una gran \u00e1rea y su superficie de contacto acanalada ofrece una sensaci\u00f3n de cosquilleo en la piel. La punta redondeada y voluminosa es capaz de estimular la perla de placer, pero sin olvidar los nervios que la rodean. Pese a su dise\u00f1o compacto, Satisfyer Dark Desire oculta un potente motor que te har\u00e1 disfrutar con sus 15 excitantes niveles de vibraci\u00f3n. Los niveles de vibraci\u00f3n comprenden 10 ritmos y 5 velocidades, por lo que este generador de placer est\u00e1 perfectamente adaptado a cada uno de tus estados de \u00e1nimo. El aparato es silencioso como un susurro y se puede manejar f\u00e1cilmente mediante los suaves botones de silicona. Si tu compa\u00f1ero de juego est\u00e1 agotado despu\u00e9s de usarlo, podr\u00e1s recargarlo mediante el cable magn\u00e9tico de carga por USB incluido.<\/p>\n<p><strong>\u00bfEs Satisfyer Dark Desire resistente al agua?<\/strong><\/p>\n<p>Este vibrador de contacto te acompa\u00f1ar\u00e1 a cualquier lugar que desees. Ya sea en la ba\u00f1era, la ducha o bajo las c\u00f3modas s\u00e1banas, Satisfyer Dark Desire es impermeable (IPX7) y por tanto siempre est\u00e1 preparado para aventuras emocionantes, a solas o en compa\u00f1\u00eda de tu pareja. Reg\u00e1late un c\u00e1lido y placentero ba\u00f1o de espuma y disfruta de unos momentos de placer intensos hasta alcanzar unas sensaciones impresionantes con tu nueva pieza de joyer\u00eda. La silicona delicada y respetuosa con la piel se puede limpiar f\u00e1cilmente con un poco de agua, jab\u00f3n y un limpiador de juguetes y estar\u00e1 lista de inmediato para una nueva sesi\u00f3n. Este genio de la vibraci\u00f3n no deber\u00eda faltar en ninguna caja de juguetes.<\/p>\n","protected":false},"excerpt":{"rendered":"<p>Nuestro vibrador de contacto Dark Desire se adapta perfectamente a tu mano como un control remoto de lo m\u00e1s sexy. Su amplia superficie, fabricada con silicona flexible y adornada con surcos, es perfecta para jugar en solitario o para un sensual masaje en pareja. Informaci\u00f3n del producto \u00abSatisfyer Dark Desire\u00bb Los potentes patrones de vibraci\u00f3n [&hellip;]<\/p>\n","protected":false},"featured_media":5207,"comment_status":"open","ping_status":"closed","template":"","meta":{"_eb_attr":"","site-sidebar-layout":"default","site-content-layout":"default","ast-site-content-layout":"default","site-content-style":"default","site-sidebar-style":"default","ast-global-header-display":"","ast-banner-title-visibility":"","ast-main-header-display":"","ast-hfb-above-header-display":"","ast-hfb-below-header-display":"","ast-hfb-mobile-header-display":"","site-post-title":"","ast-breadcrumbs-content":"","ast-featured-img":"","footer-sml-layout":"","ast-disable-related-posts":"","theme-transparent-header-meta":"default","adv-header-id-meta":"","stick-header-meta":"","header-above-stick-meta":"","header-main-stick-meta":"","header-below-stick-meta":"","astra-migrate-meta-layouts":"default","ast-page-background-enabled":"default","ast-page-background-meta":{"desktop":{"background-color":"var(--ast-global-color-4)","background-image":"","background-repeat":"repeat","background-position":"center center","background-size":"auto","background-attachment":"scroll","background-type":"","background-media":"","overlay-type":"","overlay-color":"","overlay-opacity":"","overlay-gradient":""},"tablet":{"background-color":"","background-image":"","background-repeat":"repeat","background-position":"center center","background-size":"auto","background-attachment":"scroll","background-type":"","background-media":"","overlay-type":"","overlay-color":"","overlay-opacity":"","overlay-gradient":""},"mobile":{"background-color":"","background-image":"","background-repeat":"repeat","background-position":"center center","background-size":"auto","background-attachment":"scroll","background-type":"","background-media":"","overlay-type":"","overlay-color":"","overlay-opacity":"","overlay-gradient":""}},"ast-content-background-meta":{"desktop":{"background-color":"var(--ast-global-color-5)","background-image":"","background-repeat":"repeat","background-position":"center center","background-size":"auto","background-attachment":"scroll","background-type":"","background-media":"","overlay-type":"","overlay-color":"","overlay-opacity":"","overlay-gradient":""},"tablet":{"background-color":"var(--ast-global-color-5)","background-image":"","background-repeat":"repeat","background-position":"center center","background-size":"auto","background-attachment":"scroll","background-type":"","background-media":"","overlay-type":"","overlay-color":"","overlay-opacity":"","overlay-gradient":""},"mobile":{"background-color":"var(--ast-global-color-5)","background-image":"","background-repeat":"repeat","background-position":"center center","background-size":"auto","background-attachment":"scroll","background-type":"","background-media":"","overlay-type":"","overlay-color":"","overlay-opacity":"","overlay-gradient":""}}},"product_brand":[],"product_cat":[260,263],"product_tag":[],"class_list":{"0":"post-5204","1":"product","2":"type-product","3":"status-publish","4":"has-post-thumbnail","6":"product_cat-dildos-y-vibradores","7":"product_cat-vibradores-lay-on-clitoris","8":"desktop-align-left","9":"tablet-align-left","10":"mobile-align-left","12":"first","13":"instock","14":"shipping-taxable","15":"purchasable","16":"product-type-simple"},"_links":{"self":[{"href":"https:\/\/chibolita.es\/index.php\/wp-json\/wp\/v2\/product\/5204","targetHints":{"allow":["GET"]}}],"collection":[{"href":"https:\/\/chibolita.es\/index.php\/wp-json\/wp\/v2\/product"}],"about":[{"href":"https:\/\/chibolita.es\/index.php\/wp-json\/wp\/v2\/types\/product"}],"replies":[{"embeddable":true,"href":"https:\/\/chibolita.es\/index.php\/wp-json\/wp\/v2\/comments?post=5204"}],"wp:featuredmedia":[{"embeddable":true,"href":"https:\/\/chibolita.es\/index.php\/wp-json\/wp\/v2\/media\/5207"}],"wp:attachment":[{"href":"https:\/\/chibolita.es\/index.php\/wp-json\/wp\/v2\/media?parent=5204"}],"wp:term":[{"taxonomy":"product_brand","embeddable":true,"href":"https:\/\/chibolita.es\/index.php\/wp-json\/wp\/v2\/product_brand?post=5204"},{"taxonomy":"product_cat","embeddable":true,"href":"https:\/\/chibolita.es\/index.php\/wp-json\/wp\/v2\/product_cat?post=5204"},{"taxonomy":"product_tag","embeddable":true,"href":"https:\/\/chibolita.es\/index.php\/wp-json\/wp\/v2\/product_tag?post=5204"}],"curies":[{"name":"wp","href":"https:\/\/api.w.org\/{rel}","templated":true}]}}