{"id":5199,"date":"2023-05-12T14:16:40","date_gmt":"2023-05-12T14:16:40","guid":{"rendered":"https:\/\/chibolita.es\/?post_type=product&#038;p=5199"},"modified":"2023-05-12T14:18:26","modified_gmt":"2023-05-12T14:18:26","slug":"bijoux-indiscrets-twenty-one-diamante-vibrador","status":"publish","type":"product","link":"https:\/\/chibolita.es\/index.php\/product\/bijoux-indiscrets-twenty-one-diamante-vibrador\/","title":{"rendered":"BIJOUX INDISCRETS TWENTY ONE DIAMANTE VIBRADOR"},"content":{"rendered":"<p>\u00bfSab\u00edas que 75 de cada 100 mujeres necesitan estimular el cl\u00edtoris para llegar al orgasmo? Twenty One est\u00e1 dise\u00f1ado para llevar el placer femenino a lo m\u00e1s alto. Con el tama\u00f1o y forma perfectos, est\u00e1 pensado para estimular externamente combinando sus distintos modos y zonas de vibraci\u00f3n.<\/p>\n<p>\u00a1R\u00edndete al placer sin limites!<\/p>\n<p>Contenidos: Masajeador \u00edntimo externo (diamante), bolsa de sat\u00e9n, manual de uso, gu\u00eda de inicio r\u00e1pido, cargador USB.<\/p>\n<p>Caracter\u00edsticas: 7 modos de vibraci\u00f3n, 3 intensidades de vibraci\u00f3n, Sumergible, Recargable.<\/p>\n<ul>\n<li>Dimensiones: 4,6&#215;6,5 cm<\/li>\n<\/ul>\n<p>Material: Pl\u00e1stico ABS Dorado<\/p>\n<p>1 a\u00f1o de garant\u00eda<\/p>\n<div class=\"ast-oembed-container \" style=\"height: 100%;\"><iframe title=\"Functions twentyone\" width=\"500\" height=\"281\" src=\"https:\/\/www.youtube.com\/embed\/5Eqn6MK6tus?feature=oembed\" frameborder=\"0\" allow=\"accelerometer; autoplay; clipboard-write; encrypted-media; gyroscope; picture-in-picture; web-share\" referrerpolicy=\"strict-origin-when-cross-origin\" allowfullscreen><\/iframe><\/div>\n","protected":false},"excerpt":{"rendered":"<p>\u00bfSab\u00edas que 75 de cada 100 mujeres necesitan estimular el cl\u00edtoris para llegar al orgasmo? Twenty One est\u00e1 dise\u00f1ado para llevar el placer femenino a lo m\u00e1s alto. Con el tama\u00f1o y forma perfectos, est\u00e1 pensado para estimular externamente combinando sus distintos modos y zonas de vibraci\u00f3n. \u00a1R\u00edndete al placer sin limites! Contenidos: Masajeador \u00edntimo [&hellip;]<\/p>\n","protected":false},"featured_media":5200,"comment_status":"open","ping_status":"closed","template":"","meta":{"_eb_attr":"","site-sidebar-layout":"default","site-content-layout":"default","ast-site-content-layout":"default","site-content-style":"default","site-sidebar-style":"default","ast-global-header-display":"","ast-banner-title-visibility":"","ast-main-header-display":"","ast-hfb-above-header-display":"","ast-hfb-below-header-display":"","ast-hfb-mobile-header-display":"","site-post-title":"","ast-breadcrumbs-content":"","ast-featured-img":"","footer-sml-layout":"","ast-disable-related-posts":"","theme-transparent-header-meta":"default","adv-header-id-meta":"","stick-header-meta":"","header-above-stick-meta":"","header-main-stick-meta":"","header-below-stick-meta":"","astra-migrate-meta-layouts":"default","ast-page-background-enabled":"default","ast-page-background-meta":{"desktop":{"background-color":"var(--ast-global-color-4)","background-image":"","background-repeat":"repeat","background-position":"center center","background-size":"auto","background-attachment":"scroll","background-type":"","background-media":"","overlay-type":"","overlay-color":"","overlay-opacity":"","overlay-gradient":""},"tablet":{"background-color":"","background-image":"","background-repeat":"repeat","background-position":"center center","background-size":"auto","background-attachment":"scroll","background-type":"","background-media":"","overlay-type":"","overlay-color":"","overlay-opacity":"","overlay-gradient":""},"mobile":{"background-color":"","background-image":"","background-repeat":"repeat","background-position":"center center","background-size":"auto","background-attachment":"scroll","background-type":"","background-media":"","overlay-type":"","overlay-color":"","overlay-opacity":"","overlay-gradient":""}},"ast-content-background-meta":{"desktop":{"background-color":"var(--ast-global-color-5)","background-image":"","background-repeat":"repeat","background-position":"center center","background-size":"auto","background-attachment":"scroll","background-type":"","background-media":"","overlay-type":"","overlay-color":"","overlay-opacity":"","overlay-gradient":""},"tablet":{"background-color":"var(--ast-global-color-5)","background-image":"","background-repeat":"repeat","background-position":"center center","background-size":"auto","background-attachment":"scroll","background-type":"","background-media":"","overlay-type":"","overlay-color":"","overlay-opacity":"","overlay-gradient":""},"mobile":{"background-color":"var(--ast-global-color-5)","background-image":"","background-repeat":"repeat","background-position":"center center","background-size":"auto","background-attachment":"scroll","background-type":"","background-media":"","overlay-type":"","overlay-color":"","overlay-opacity":"","overlay-gradient":""}}},"product_brand":[],"product_cat":[260,263],"product_tag":[],"class_list":{"0":"post-5199","1":"product","2":"type-product","3":"status-publish","4":"has-post-thumbnail","6":"product_cat-dildos-y-vibradores","7":"product_cat-vibradores-lay-on-clitoris","8":"desktop-align-left","9":"tablet-align-left","10":"mobile-align-left","12":"first","13":"instock","14":"shipping-taxable","15":"product-type-simple"},"_links":{"self":[{"href":"https:\/\/chibolita.es\/index.php\/wp-json\/wp\/v2\/product\/5199","targetHints":{"allow":["GET"]}}],"collection":[{"href":"https:\/\/chibolita.es\/index.php\/wp-json\/wp\/v2\/product"}],"about":[{"href":"https:\/\/chibolita.es\/index.php\/wp-json\/wp\/v2\/types\/product"}],"replies":[{"embeddable":true,"href":"https:\/\/chibolita.es\/index.php\/wp-json\/wp\/v2\/comments?post=5199"}],"wp:featuredmedia":[{"embeddable":true,"href":"https:\/\/chibolita.es\/index.php\/wp-json\/wp\/v2\/media\/5200"}],"wp:attachment":[{"href":"https:\/\/chibolita.es\/index.php\/wp-json\/wp\/v2\/media?parent=5199"}],"wp:term":[{"taxonomy":"product_brand","embeddable":true,"href":"https:\/\/chibolita.es\/index.php\/wp-json\/wp\/v2\/product_brand?post=5199"},{"taxonomy":"product_cat","embeddable":true,"href":"https:\/\/chibolita.es\/index.php\/wp-json\/wp\/v2\/product_cat?post=5199"},{"taxonomy":"product_tag","embeddable":true,"href":"https:\/\/chibolita.es\/index.php\/wp-json\/wp\/v2\/product_tag?post=5199"}],"curies":[{"name":"wp","href":"https:\/\/api.w.org\/{rel}","templated":true}]}}