{"id":5172,"date":"2023-05-12T14:02:16","date_gmt":"2023-05-12T14:02:16","guid":{"rendered":"https:\/\/chibolita.es\/?post_type=product&#038;p=5172"},"modified":"2023-05-12T14:03:21","modified_gmt":"2023-05-12T14:03:21","slug":"satisfyer-tropical-tip-vibrador-lay-on-azul","status":"publish","type":"product","link":"https:\/\/chibolita.es\/index.php\/product\/satisfyer-tropical-tip-vibrador-lay-on-azul\/","title":{"rendered":"SATISFYER TROPICAL TIP VIBRADOR LAY-ON &#8211; AZUL"},"content":{"rendered":"<p>Un placer abrumador te espera&#8230; \u00bfNecesitas estimular el cl\u00edtoris de forma precisa o profunda o quiz\u00e1s juguetear a \u00absolo la puntita\u00bb?<\/p>\n<p><strong>Informaci\u00f3n del producto \u00abSatisfyer Dipping Delight\u00bb<\/strong><\/p>\n<ul>\n<li>Los potentes patrones de vibraci\u00f3n proporcionan una intensa estimulaci\u00f3n del cl\u00edtoris<\/li>\n<li>Fabricado con silicona de grado m\u00e9dico supersuave, agradable para la piel, suave al tacto y extremadamente higi\u00e9nica<\/li>\n<li>Gracias a su acabado impermeable (IPX7), este juguete se puede usar de forma segura en el agua, adem\u00e1s de ser f\u00e1cil de limpiar<\/li>\n<li>12 programas de vibraci\u00f3n<\/li>\n<li>Compatible con la aplicaci\u00f3n gratuita Satisfyer: disponible en iOS y Android<\/li>\n<li>Tambi\u00e9n se puede utilizar sin la aplicaci\u00f3n<\/li>\n<li>Los programas preestablecidos se pueden editar<\/li>\n<li>La aplicaci\u00f3n ofrece una gama interminable de programas<\/li>\n<li>Estimulaci\u00f3n del clitoris<\/li>\n<li>Super flexible<\/li>\n<li>Modo susurro<\/li>\n<li>15 a\u00f1os de garant\u00eda<\/li>\n<li>Fabricadas con silicona m\u00e9dica s\u00faper suave e inocua para la piel y con un tacto sedoso<\/li>\n<li>Bater\u00eda recargable de iones de litio<\/li>\n<li>Cable de carga USB magn\u00e9tico incluido<\/li>\n<li>F\u00e1cil de limpiar<\/li>\n<\/ul>\n<p><strong>\u00bfCu\u00e1les son las caracter\u00edsticas especiales de Tropical Tip?<\/strong><\/p>\n<p>\u00a1El Tropical Tip Connect App tiene una punta intensificada y puntiaguda para lograr sensaciones que desconoc\u00edas! Ideal para principiantes gracias a su sencillo funcionamiento y dise\u00f1o divertido. Con un cuerpo firme recubierto de silicona suave, la punta est\u00e1 totalmente hecha de silicona, lo que la hace completamente flexible y logra generar sensaciones con toda la punta, perfecto para estimular con precisi\u00f3n cl\u00edtoris o juguetear un poco. El Tropical Tip Connect App tiene una preciosa forma de p\u00e1jaro, con una punta triangular para una estimulaci\u00f3n a\u00fan m\u00e1s amplia.<\/p>\n<p>Gracias a la tecnolog\u00eda Bluetooth, el Tropical Tip Connect App se conecta a la galardonada aplicaci\u00f3n gratuita Satisfyer Connect, ofreci\u00e9ndote la opci\u00f3n de tener un control total sobre los potentes motores y personalizar de verdad el placer. El Tropical Tip Connect App est\u00e1 fabricado con silicona inocua para el cuerpo, es recargable e impermeable (IPX7).<\/p>\n<p>\u00a1Mucho m\u00e1s que una punta!<\/p>\n","protected":false},"excerpt":{"rendered":"<p>Un placer abrumador te espera&#8230; \u00bfNecesitas estimular el cl\u00edtoris de forma precisa o profunda o quiz\u00e1s juguetear a \u00absolo la puntita\u00bb? Informaci\u00f3n del producto \u00abSatisfyer Dipping Delight\u00bb Los potentes patrones de vibraci\u00f3n proporcionan una intensa estimulaci\u00f3n del cl\u00edtoris Fabricado con silicona de grado m\u00e9dico supersuave, agradable para la piel, suave al tacto y extremadamente higi\u00e9nica [&hellip;]<\/p>\n","protected":false},"featured_media":5177,"comment_status":"open","ping_status":"closed","template":"","meta":{"_eb_attr":"","site-sidebar-layout":"default","site-content-layout":"default","ast-site-content-layout":"default","site-content-style":"default","site-sidebar-style":"default","ast-global-header-display":"","ast-banner-title-visibility":"","ast-main-header-display":"","ast-hfb-above-header-display":"","ast-hfb-below-header-display":"","ast-hfb-mobile-header-display":"","site-post-title":"","ast-breadcrumbs-content":"","ast-featured-img":"","footer-sml-layout":"","ast-disable-related-posts":"","theme-transparent-header-meta":"default","adv-header-id-meta":"","stick-header-meta":"","header-above-stick-meta":"","header-main-stick-meta":"","header-below-stick-meta":"","astra-migrate-meta-layouts":"default","ast-page-background-enabled":"default","ast-page-background-meta":{"desktop":{"background-color":"var(--ast-global-color-4)","background-image":"","background-repeat":"repeat","background-position":"center center","background-size":"auto","background-attachment":"scroll","background-type":"","background-media":"","overlay-type":"","overlay-color":"","overlay-opacity":"","overlay-gradient":""},"tablet":{"background-color":"","background-image":"","background-repeat":"repeat","background-position":"center center","background-size":"auto","background-attachment":"scroll","background-type":"","background-media":"","overlay-type":"","overlay-color":"","overlay-opacity":"","overlay-gradient":""},"mobile":{"background-color":"","background-image":"","background-repeat":"repeat","background-position":"center center","background-size":"auto","background-attachment":"scroll","background-type":"","background-media":"","overlay-type":"","overlay-color":"","overlay-opacity":"","overlay-gradient":""}},"ast-content-background-meta":{"desktop":{"background-color":"var(--ast-global-color-5)","background-image":"","background-repeat":"repeat","background-position":"center center","background-size":"auto","background-attachment":"scroll","background-type":"","background-media":"","overlay-type":"","overlay-color":"","overlay-opacity":"","overlay-gradient":""},"tablet":{"background-color":"var(--ast-global-color-5)","background-image":"","background-repeat":"repeat","background-position":"center center","background-size":"auto","background-attachment":"scroll","background-type":"","background-media":"","overlay-type":"","overlay-color":"","overlay-opacity":"","overlay-gradient":""},"mobile":{"background-color":"var(--ast-global-color-5)","background-image":"","background-repeat":"repeat","background-position":"center center","background-size":"auto","background-attachment":"scroll","background-type":"","background-media":"","overlay-type":"","overlay-color":"","overlay-opacity":"","overlay-gradient":""}}},"product_brand":[],"product_cat":[260,263],"product_tag":[],"class_list":{"0":"post-5172","1":"product","2":"type-product","3":"status-publish","4":"has-post-thumbnail","6":"product_cat-dildos-y-vibradores","7":"product_cat-vibradores-lay-on-clitoris","8":"desktop-align-left","9":"tablet-align-left","10":"mobile-align-left","12":"first","13":"instock","14":"shipping-taxable","15":"purchasable","16":"product-type-simple"},"_links":{"self":[{"href":"https:\/\/chibolita.es\/index.php\/wp-json\/wp\/v2\/product\/5172","targetHints":{"allow":["GET"]}}],"collection":[{"href":"https:\/\/chibolita.es\/index.php\/wp-json\/wp\/v2\/product"}],"about":[{"href":"https:\/\/chibolita.es\/index.php\/wp-json\/wp\/v2\/types\/product"}],"replies":[{"embeddable":true,"href":"https:\/\/chibolita.es\/index.php\/wp-json\/wp\/v2\/comments?post=5172"}],"wp:featuredmedia":[{"embeddable":true,"href":"https:\/\/chibolita.es\/index.php\/wp-json\/wp\/v2\/media\/5177"}],"wp:attachment":[{"href":"https:\/\/chibolita.es\/index.php\/wp-json\/wp\/v2\/media?parent=5172"}],"wp:term":[{"taxonomy":"product_brand","embeddable":true,"href":"https:\/\/chibolita.es\/index.php\/wp-json\/wp\/v2\/product_brand?post=5172"},{"taxonomy":"product_cat","embeddable":true,"href":"https:\/\/chibolita.es\/index.php\/wp-json\/wp\/v2\/product_cat?post=5172"},{"taxonomy":"product_tag","embeddable":true,"href":"https:\/\/chibolita.es\/index.php\/wp-json\/wp\/v2\/product_tag?post=5172"}],"curies":[{"name":"wp","href":"https:\/\/api.w.org\/{rel}","templated":true}]}}