{"id":5165,"date":"2023-05-12T14:00:36","date_gmt":"2023-05-12T14:00:36","guid":{"rendered":"https:\/\/chibolita.es\/?post_type=product&#038;p=5165"},"modified":"2023-05-12T14:01:46","modified_gmt":"2023-05-12T14:01:46","slug":"coquette-chic-desire-estimulador-clitoris-negro-gold","status":"publish","type":"product","link":"https:\/\/chibolita.es\/index.php\/product\/coquette-chic-desire-estimulador-clitoris-negro-gold\/","title":{"rendered":"COQUETTE CHIC DESIRE ESTIMULADOR CL\u00cdTORIS NEGRO \/ GOLD"},"content":{"rendered":"<p>Si te gusta la estimulaci\u00f3n del cl\u00edtoris con un tacto suave, sedoso y a la vez potente, te encantar\u00e1 la vibraci\u00f3n recargable del estimulador Clitorial de Coquette Chic Desire\u00ae.<\/p>\n<p>Potentes vibraciones, las 10 velocidades y patrones env\u00edan vibraciones poderosas a lo largo de su estructura \u00a0de silicona directamente a sus puntos dulces externos.<\/p>\n<p>Caracter\u00edsticas:<\/p>\n<ul>\n<li>Vibrador de cl\u00edtoris recargable por USB de lujo con potentes vibraciones de varias velocidades.<\/li>\n<li>10 patrones de vibraci\u00f3n.<\/li>\n<li>Sumergible categor\u00eda IPX6<\/li>\n<li>Dise\u00f1o de f\u00e1cil agarre para ayudarte a identificar tu placer.<\/li>\n<li>USB recargable para jugar en cualquier lugar del mundo.<\/li>\n<li>Dimensiones del producto : 99 X 59MM<\/li>\n<li>Silencioso, tan solo 50db<\/li>\n<li>Tiempo de recarga: 60 min<\/li>\n<li>Vida de la recarga de las bater\u00edas: 70 min<\/li>\n<li>Libre de ftalatos<\/li>\n<li>Materiales: Silicona<\/li>\n<\/ul>\n<p><strong>DETALLES<\/strong><\/p>\n<p>Cada producto incluye una bolsa con cremallera gold que permite guardar el producto tras utilizarlo de forma segura #cuidandoalmaximolosdetalles<\/p>\n<p><strong>LA MARCA COQUETTE CHIC DESIRE<\/strong><\/p>\n<p>Llega las novedades de la colecci\u00f3n COQUETTE CHIC DESIRE con inspiraci\u00f3n femenina y elegante. La marca se une a los adeptos del #lujo #placer #vida # sensualidad #armon\u00eda #elplacercongarant\u00edas y nos ofrece looks \u00fanicos en la jugueter\u00eda sexual aptos para cualquier ocasi\u00f3n. \u201cNos trasladamos a newyork donde las tiendas inspiran a todos los humanos para convertir la inspiraci\u00f3n en realidad a trav\u00e9s de Coquette Chic Desire\u201d<\/p>\n<p>La mujer del siglo XXI es s\u00edmbolo de prosperidad, estabilidad y elegancia. Todo va asociado a la felicidad sexual y la paz interior, y para ello nace\u00a0COQUETTE CHIC DESIRE, una marca 100% inspirada en la mujer del siglo XXI europea.<\/p>\n","protected":false},"excerpt":{"rendered":"<p>Si te gusta la estimulaci\u00f3n del cl\u00edtoris con un tacto suave, sedoso y a la vez potente, te encantar\u00e1 la vibraci\u00f3n recargable del estimulador Clitorial de Coquette Chic Desire\u00ae. Potentes vibraciones, las 10 velocidades y patrones env\u00edan vibraciones poderosas a lo largo de su estructura \u00a0de silicona directamente a sus puntos dulces externos. Caracter\u00edsticas: Vibrador [&hellip;]<\/p>\n","protected":false},"featured_media":5166,"comment_status":"open","ping_status":"closed","template":"","meta":{"_eb_attr":"","site-sidebar-layout":"default","site-content-layout":"default","ast-site-content-layout":"default","site-content-style":"default","site-sidebar-style":"default","ast-global-header-display":"","ast-banner-title-visibility":"","ast-main-header-display":"","ast-hfb-above-header-display":"","ast-hfb-below-header-display":"","ast-hfb-mobile-header-display":"","site-post-title":"","ast-breadcrumbs-content":"","ast-featured-img":"","footer-sml-layout":"","ast-disable-related-posts":"","theme-transparent-header-meta":"default","adv-header-id-meta":"","stick-header-meta":"","header-above-stick-meta":"","header-main-stick-meta":"","header-below-stick-meta":"","astra-migrate-meta-layouts":"default","ast-page-background-enabled":"default","ast-page-background-meta":{"desktop":{"background-color":"var(--ast-global-color-4)","background-image":"","background-repeat":"repeat","background-position":"center center","background-size":"auto","background-attachment":"scroll","background-type":"","background-media":"","overlay-type":"","overlay-color":"","overlay-opacity":"","overlay-gradient":""},"tablet":{"background-color":"","background-image":"","background-repeat":"repeat","background-position":"center center","background-size":"auto","background-attachment":"scroll","background-type":"","background-media":"","overlay-type":"","overlay-color":"","overlay-opacity":"","overlay-gradient":""},"mobile":{"background-color":"","background-image":"","background-repeat":"repeat","background-position":"center center","background-size":"auto","background-attachment":"scroll","background-type":"","background-media":"","overlay-type":"","overlay-color":"","overlay-opacity":"","overlay-gradient":""}},"ast-content-background-meta":{"desktop":{"background-color":"var(--ast-global-color-5)","background-image":"","background-repeat":"repeat","background-position":"center center","background-size":"auto","background-attachment":"scroll","background-type":"","background-media":"","overlay-type":"","overlay-color":"","overlay-opacity":"","overlay-gradient":""},"tablet":{"background-color":"var(--ast-global-color-5)","background-image":"","background-repeat":"repeat","background-position":"center center","background-size":"auto","background-attachment":"scroll","background-type":"","background-media":"","overlay-type":"","overlay-color":"","overlay-opacity":"","overlay-gradient":""},"mobile":{"background-color":"var(--ast-global-color-5)","background-image":"","background-repeat":"repeat","background-position":"center center","background-size":"auto","background-attachment":"scroll","background-type":"","background-media":"","overlay-type":"","overlay-color":"","overlay-opacity":"","overlay-gradient":""}}},"product_brand":[],"product_cat":[260,263],"product_tag":[],"class_list":{"0":"post-5165","1":"product","2":"type-product","3":"status-publish","4":"has-post-thumbnail","6":"product_cat-dildos-y-vibradores","7":"product_cat-vibradores-lay-on-clitoris","8":"desktop-align-left","9":"tablet-align-left","10":"mobile-align-left","12":"first","13":"instock","14":"shipping-taxable","15":"purchasable","16":"product-type-simple"},"_links":{"self":[{"href":"https:\/\/chibolita.es\/index.php\/wp-json\/wp\/v2\/product\/5165","targetHints":{"allow":["GET"]}}],"collection":[{"href":"https:\/\/chibolita.es\/index.php\/wp-json\/wp\/v2\/product"}],"about":[{"href":"https:\/\/chibolita.es\/index.php\/wp-json\/wp\/v2\/types\/product"}],"replies":[{"embeddable":true,"href":"https:\/\/chibolita.es\/index.php\/wp-json\/wp\/v2\/comments?post=5165"}],"wp:featuredmedia":[{"embeddable":true,"href":"https:\/\/chibolita.es\/index.php\/wp-json\/wp\/v2\/media\/5166"}],"wp:attachment":[{"href":"https:\/\/chibolita.es\/index.php\/wp-json\/wp\/v2\/media?parent=5165"}],"wp:term":[{"taxonomy":"product_brand","embeddable":true,"href":"https:\/\/chibolita.es\/index.php\/wp-json\/wp\/v2\/product_brand?post=5165"},{"taxonomy":"product_cat","embeddable":true,"href":"https:\/\/chibolita.es\/index.php\/wp-json\/wp\/v2\/product_cat?post=5165"},{"taxonomy":"product_tag","embeddable":true,"href":"https:\/\/chibolita.es\/index.php\/wp-json\/wp\/v2\/product_tag?post=5165"}],"curies":[{"name":"wp","href":"https:\/\/api.w.org\/{rel}","templated":true}]}}