{"id":5161,"date":"2023-05-12T13:59:00","date_gmt":"2023-05-12T13:59:00","guid":{"rendered":"https:\/\/chibolita.es\/?post_type=product&#038;p=5161"},"modified":"2023-05-12T13:59:57","modified_gmt":"2023-05-12T13:59:57","slug":"moressa-blossom-vibrador-negro","status":"publish","type":"product","link":"https:\/\/chibolita.es\/index.php\/product\/moressa-blossom-vibrador-negro\/","title":{"rendered":"MORESSA BLOSSOM VIBRADOR NEGRO"},"content":{"rendered":"<p>Experimenta la pasi\u00f3n de lujo con el exclusivo Blossom. Es un mini masajeador perfectamente dise\u00f1ado con el tama\u00f1o y curvatura justa para sostener en la palma de la mano.<\/p>\n<p>Blossom incorpora un sistema de vibraci\u00f3n \u00fanico, 6 modos de vibraci\u00f3n con 3 intensidades que estimularan tus zonas m\u00e1s er\u00f3genas como nunca antes lo hab\u00edas sentido.<\/p>\n<p>Creado con tecnolog\u00eda verde, te har\u00e1 sentir a gusto con la causa del medio ambiente y es muy silencioso. La carga completa es de menos de una hora de duraci\u00f3n y puede estar funcionando durante 2 horas seguidas.<\/p>\n<p>La silicona de grado medico certificada hipoalerg\u00e9nica destaca por su tacto sedoso y su excelente capacidad de deslizamiento. Para que puedas disfrutar de tu nuevo amigo durante mucho tiempo, es recomendable que utilices un lubricante a base de agua waterfeel en tus juegos m\u00e1s h\u00famedos. As\u00ed proteges el material y la superficie se mantiene sedosa. Puedes lavar tu juguete muy f\u00e1cilmente con agua y un jab\u00f3n suave. Para una higiene m\u00e1s minuciosa, utiliza tambi\u00e9n un limpiador desinfectante especial para juguetes sexuales como Waterfeel o Nina kik\u00ed toy cleaner.<\/p>\n<ul>\n<li>Masaje interno y externo para una estimulaci\u00f3n completa<\/li>\n<li>Alto rendimiento;\u00a06 modos vibraci\u00f3n y 3 modos de intensidad<\/li>\n<li>Completamente recargable; M\u00e1s potencia<\/li>\n<li>Fabricado con 100% silicona m\u00e9dica: respeta tu cuerpo<\/li>\n<li>Libre de ftalatos<\/li>\n<li>Silencioso, menos de 60 decibelios.<\/li>\n<li>Material seguro para el cuerpo<\/li>\n<li>Recargable v\u00eda USB (Cable incluido)<\/li>\n<li>Sumergible categor\u00eda IPX7 \/ Apto para la ducha o Spa<\/li>\n<li>Control retro iluminado con luces LED<\/li>\n<li>Medida Total; 78 x 40mm<\/li>\n<li>Peso; 177 gramos<\/li>\n<li>Certificado; aprobado por la FDA.<\/li>\n<\/ul>\n","protected":false},"excerpt":{"rendered":"<p>Experimenta la pasi\u00f3n de lujo con el exclusivo Blossom. Es un mini masajeador perfectamente dise\u00f1ado con el tama\u00f1o y curvatura justa para sostener en la palma de la mano. Blossom incorpora un sistema de vibraci\u00f3n \u00fanico, 6 modos de vibraci\u00f3n con 3 intensidades que estimularan tus zonas m\u00e1s er\u00f3genas como nunca antes lo hab\u00edas sentido. [&hellip;]<\/p>\n","protected":false},"featured_media":5164,"comment_status":"open","ping_status":"closed","template":"","meta":{"_eb_attr":"","site-sidebar-layout":"default","site-content-layout":"default","ast-site-content-layout":"default","site-content-style":"default","site-sidebar-style":"default","ast-global-header-display":"","ast-banner-title-visibility":"","ast-main-header-display":"","ast-hfb-above-header-display":"","ast-hfb-below-header-display":"","ast-hfb-mobile-header-display":"","site-post-title":"","ast-breadcrumbs-content":"","ast-featured-img":"","footer-sml-layout":"","ast-disable-related-posts":"","theme-transparent-header-meta":"default","adv-header-id-meta":"","stick-header-meta":"","header-above-stick-meta":"","header-main-stick-meta":"","header-below-stick-meta":"","astra-migrate-meta-layouts":"default","ast-page-background-enabled":"default","ast-page-background-meta":{"desktop":{"background-color":"var(--ast-global-color-4)","background-image":"","background-repeat":"repeat","background-position":"center center","background-size":"auto","background-attachment":"scroll","background-type":"","background-media":"","overlay-type":"","overlay-color":"","overlay-opacity":"","overlay-gradient":""},"tablet":{"background-color":"","background-image":"","background-repeat":"repeat","background-position":"center center","background-size":"auto","background-attachment":"scroll","background-type":"","background-media":"","overlay-type":"","overlay-color":"","overlay-opacity":"","overlay-gradient":""},"mobile":{"background-color":"","background-image":"","background-repeat":"repeat","background-position":"center center","background-size":"auto","background-attachment":"scroll","background-type":"","background-media":"","overlay-type":"","overlay-color":"","overlay-opacity":"","overlay-gradient":""}},"ast-content-background-meta":{"desktop":{"background-color":"var(--ast-global-color-5)","background-image":"","background-repeat":"repeat","background-position":"center center","background-size":"auto","background-attachment":"scroll","background-type":"","background-media":"","overlay-type":"","overlay-color":"","overlay-opacity":"","overlay-gradient":""},"tablet":{"background-color":"var(--ast-global-color-5)","background-image":"","background-repeat":"repeat","background-position":"center center","background-size":"auto","background-attachment":"scroll","background-type":"","background-media":"","overlay-type":"","overlay-color":"","overlay-opacity":"","overlay-gradient":""},"mobile":{"background-color":"var(--ast-global-color-5)","background-image":"","background-repeat":"repeat","background-position":"center center","background-size":"auto","background-attachment":"scroll","background-type":"","background-media":"","overlay-type":"","overlay-color":"","overlay-opacity":"","overlay-gradient":""}}},"product_brand":[],"product_cat":[260,263],"product_tag":[],"class_list":{"0":"post-5161","1":"product","2":"type-product","3":"status-publish","4":"has-post-thumbnail","6":"product_cat-dildos-y-vibradores","7":"product_cat-vibradores-lay-on-clitoris","8":"desktop-align-left","9":"tablet-align-left","10":"mobile-align-left","12":"first","13":"instock","14":"shipping-taxable","15":"purchasable","16":"product-type-simple"},"_links":{"self":[{"href":"https:\/\/chibolita.es\/index.php\/wp-json\/wp\/v2\/product\/5161","targetHints":{"allow":["GET"]}}],"collection":[{"href":"https:\/\/chibolita.es\/index.php\/wp-json\/wp\/v2\/product"}],"about":[{"href":"https:\/\/chibolita.es\/index.php\/wp-json\/wp\/v2\/types\/product"}],"replies":[{"embeddable":true,"href":"https:\/\/chibolita.es\/index.php\/wp-json\/wp\/v2\/comments?post=5161"}],"wp:featuredmedia":[{"embeddable":true,"href":"https:\/\/chibolita.es\/index.php\/wp-json\/wp\/v2\/media\/5164"}],"wp:attachment":[{"href":"https:\/\/chibolita.es\/index.php\/wp-json\/wp\/v2\/media?parent=5161"}],"wp:term":[{"taxonomy":"product_brand","embeddable":true,"href":"https:\/\/chibolita.es\/index.php\/wp-json\/wp\/v2\/product_brand?post=5161"},{"taxonomy":"product_cat","embeddable":true,"href":"https:\/\/chibolita.es\/index.php\/wp-json\/wp\/v2\/product_cat?post=5161"},{"taxonomy":"product_tag","embeddable":true,"href":"https:\/\/chibolita.es\/index.php\/wp-json\/wp\/v2\/product_tag?post=5161"}],"curies":[{"name":"wp","href":"https:\/\/api.w.org\/{rel}","templated":true}]}}