{"id":5077,"date":"2023-05-12T13:13:07","date_gmt":"2023-05-12T13:13:07","guid":{"rendered":"https:\/\/chibolita.es\/?post_type=product&#038;p=5077"},"modified":"2023-05-12T13:15:10","modified_gmt":"2023-05-12T13:15:10","slug":"highgrade-pretty-love-mystic-rotador-lila","status":"publish","type":"product","link":"https:\/\/chibolita.es\/index.php\/product\/highgrade-pretty-love-mystic-rotador-lila\/","title":{"rendered":"HIGHGRADE PRETTY LOVE MYSTIC ROTADOR LILA"},"content":{"rendered":"<p>Elegante masajeador \/ rotador\u00a0 en color Lila\u00a0 de calidad inigualable que puede ofrecer una estimulaci\u00f3n altamente irresistible.<\/p>\n<p>Pretty Love Mystic es un masajedor \/ rotador de altas prestaciones, Mystic tiene 7 modos de rotacion y 30 modos de vibraci\u00f3n en su estimulador de clitoris con dise\u00f1o ergonomico y elegante.<\/p>\n<p>Te dar\u00e1 sin duda un paseo inolvidable, al mismo tiempo que se introduce dentro de ti, haci\u00e9ndote sentir a\u00fan m\u00e1s profundamente sus vibraciones, masajeando tu interior.<\/p>\n<p>Sus principales caracteristicas son;<\/p>\n<ul>\n<li>100% Silicona aprobada por la FDA<\/li>\n<li>Sumergible, apto para la ducha<\/li>\n<li>Vibraci\u00f3n silenciosa y potente<\/li>\n<li>Recargable por usb o directamente a la red.<\/li>\n<li>30 modos de Vibraci\u00f3n y 7 modos de Rotaci\u00f3n.<\/li>\n<li>Suave y Sedoso<\/li>\n<li>Rotacion Inversa<\/li>\n<li>Led rojo de retroiluminacion en sus pulsadores<\/li>\n<\/ul>\n<p>Los patrones de vibraci\u00f3n son de facil uso y dispone de hasta 30 modos distintos, utilizando la parte que mas deseas en el momento que prefieras.<\/p>\n<p>Fabricado en silicona ABS\/TPR, respetar\u00e1 tu cuerpo y tu piel.<\/p>\n<p>Medidas: 23.1 cm x 3,7 cm.<\/p>\n<p>Incluye practica bolsa de tela para guardar el producto despues de su uso, libro de instrucciones y Cargador Usb con encuche para conectarlo directamente la red.<\/p>\n<p>Pretty Love fabrica productos con exigentes normas de calidad, todos sus productos estan dise\u00f1ados en Estados Unidos y tienen 1 a\u00f1o de garant\u00eda en defectos tecnicos<\/p>\n","protected":false},"excerpt":{"rendered":"<p>Elegante masajeador \/ rotador\u00a0 en color Lila\u00a0 de calidad inigualable que puede ofrecer una estimulaci\u00f3n altamente irresistible. Pretty Love Mystic es un masajedor \/ rotador de altas prestaciones, Mystic tiene 7 modos de rotacion y 30 modos de vibraci\u00f3n en su estimulador de clitoris con dise\u00f1o ergonomico y elegante. Te dar\u00e1 sin duda un paseo [&hellip;]<\/p>\n","protected":false},"featured_media":5082,"comment_status":"open","ping_status":"closed","template":"","meta":{"_eb_attr":"","site-sidebar-layout":"default","site-content-layout":"default","ast-site-content-layout":"default","site-content-style":"default","site-sidebar-style":"default","ast-global-header-display":"","ast-banner-title-visibility":"","ast-main-header-display":"","ast-hfb-above-header-display":"","ast-hfb-below-header-display":"","ast-hfb-mobile-header-display":"","site-post-title":"","ast-breadcrumbs-content":"","ast-featured-img":"","footer-sml-layout":"","ast-disable-related-posts":"","theme-transparent-header-meta":"default","adv-header-id-meta":"","stick-header-meta":"","header-above-stick-meta":"","header-main-stick-meta":"","header-below-stick-meta":"","astra-migrate-meta-layouts":"default","ast-page-background-enabled":"default","ast-page-background-meta":{"desktop":{"background-color":"var(--ast-global-color-4)","background-image":"","background-repeat":"repeat","background-position":"center center","background-size":"auto","background-attachment":"scroll","background-type":"","background-media":"","overlay-type":"","overlay-color":"","overlay-opacity":"","overlay-gradient":""},"tablet":{"background-color":"","background-image":"","background-repeat":"repeat","background-position":"center center","background-size":"auto","background-attachment":"scroll","background-type":"","background-media":"","overlay-type":"","overlay-color":"","overlay-opacity":"","overlay-gradient":""},"mobile":{"background-color":"","background-image":"","background-repeat":"repeat","background-position":"center center","background-size":"auto","background-attachment":"scroll","background-type":"","background-media":"","overlay-type":"","overlay-color":"","overlay-opacity":"","overlay-gradient":""}},"ast-content-background-meta":{"desktop":{"background-color":"var(--ast-global-color-5)","background-image":"","background-repeat":"repeat","background-position":"center center","background-size":"auto","background-attachment":"scroll","background-type":"","background-media":"","overlay-type":"","overlay-color":"","overlay-opacity":"","overlay-gradient":""},"tablet":{"background-color":"var(--ast-global-color-5)","background-image":"","background-repeat":"repeat","background-position":"center center","background-size":"auto","background-attachment":"scroll","background-type":"","background-media":"","overlay-type":"","overlay-color":"","overlay-opacity":"","overlay-gradient":""},"mobile":{"background-color":"var(--ast-global-color-5)","background-image":"","background-repeat":"repeat","background-position":"center center","background-size":"auto","background-attachment":"scroll","background-type":"","background-media":"","overlay-type":"","overlay-color":"","overlay-opacity":"","overlay-gradient":""}}},"product_brand":[],"product_cat":[260,262],"product_tag":[],"class_list":{"0":"post-5077","1":"product","2":"type-product","3":"status-publish","4":"has-post-thumbnail","6":"product_cat-dildos-y-vibradores","7":"product_cat-vibradores","8":"desktop-align-left","9":"tablet-align-left","10":"mobile-align-left","12":"first","13":"instock","14":"sale","15":"shipping-taxable","16":"purchasable","17":"product-type-simple"},"_links":{"self":[{"href":"https:\/\/chibolita.es\/index.php\/wp-json\/wp\/v2\/product\/5077","targetHints":{"allow":["GET"]}}],"collection":[{"href":"https:\/\/chibolita.es\/index.php\/wp-json\/wp\/v2\/product"}],"about":[{"href":"https:\/\/chibolita.es\/index.php\/wp-json\/wp\/v2\/types\/product"}],"replies":[{"embeddable":true,"href":"https:\/\/chibolita.es\/index.php\/wp-json\/wp\/v2\/comments?post=5077"}],"wp:featuredmedia":[{"embeddable":true,"href":"https:\/\/chibolita.es\/index.php\/wp-json\/wp\/v2\/media\/5082"}],"wp:attachment":[{"href":"https:\/\/chibolita.es\/index.php\/wp-json\/wp\/v2\/media?parent=5077"}],"wp:term":[{"taxonomy":"product_brand","embeddable":true,"href":"https:\/\/chibolita.es\/index.php\/wp-json\/wp\/v2\/product_brand?post=5077"},{"taxonomy":"product_cat","embeddable":true,"href":"https:\/\/chibolita.es\/index.php\/wp-json\/wp\/v2\/product_cat?post=5077"},{"taxonomy":"product_tag","embeddable":true,"href":"https:\/\/chibolita.es\/index.php\/wp-json\/wp\/v2\/product_tag?post=5077"}],"curies":[{"name":"wp","href":"https:\/\/api.w.org\/{rel}","templated":true}]}}