{"id":5059,"date":"2023-05-12T12:55:43","date_gmt":"2023-05-12T12:55:43","guid":{"rendered":"https:\/\/chibolita.es\/?post_type=product&#038;p=5059"},"modified":"2023-05-12T12:56:33","modified_gmt":"2023-05-12T12:56:33","slug":"ly-baile-u-s-super-sex-rabbit","status":"publish","type":"product","link":"https:\/\/chibolita.es\/index.php\/product\/ly-baile-u-s-super-sex-rabbit\/","title":{"rendered":"LY-BAILE U.S. SUPER SEX RABBIT"},"content":{"rendered":"<p>Super Sex Rabbit, el vibrador perfecto para estimular todas tu zona er\u00f3gena \u00a0a la maxima elevaci\u00f3n del placer.<\/p>\n<p>Super Sex Rabbit,\u00a0tiene las siguientes caracteristicas;<\/p>\n<ul>\n<li>Doble rotaci\u00f3n, dispone de bolas metalicas, girando en un sentido contrario a la punta.<\/li>\n<li>Boton de facil encendido retroiluminado.<\/li>\n<li>Adem\u00e1s se puede encender el conejo por separado, que har\u00e1 vibrar el peque\u00f1o extremo con vibraci\u00f3n regulable.<\/li>\n<li>Vibracion multifuncion.<\/li>\n<\/ul>\n<p>\u00a1Es algo realmente imprescindible!<\/p>\n<p>Este vibrador rotador te har\u00e1 sentir grandes emociones!<\/p>\n<ul>\n<li>Estimulaci\u00f3n del punto G<\/li>\n<li>Estimulaci\u00f3n clitorial<\/li>\n<li>100% libre de phalatos , Silicona &amp; Tpe<\/li>\n<\/ul>\n<p>Funciona con 3\u00a0pilas AAA No incluidas que puedes encontrar en la secci\u00f3n Pilas<\/p>\n<p>Medidas; 23\u00a0cm longitud total x 3.5\u00a0cm de ancho.<\/p>\n<p>Dise\u00f1ado en Estados Unidos.<\/p>\n","protected":false},"excerpt":{"rendered":"<p>Super Sex Rabbit, el vibrador perfecto para estimular todas tu zona er\u00f3gena \u00a0a la maxima elevaci\u00f3n del placer. Super Sex Rabbit,\u00a0tiene las siguientes caracteristicas; Doble rotaci\u00f3n, dispone de bolas metalicas, girando en un sentido contrario a la punta. Boton de facil encendido retroiluminado. Adem\u00e1s se puede encender el conejo por separado, que har\u00e1 vibrar el [&hellip;]<\/p>\n","protected":false},"featured_media":5062,"comment_status":"open","ping_status":"closed","template":"","meta":{"_eb_attr":"","site-sidebar-layout":"default","site-content-layout":"default","ast-site-content-layout":"default","site-content-style":"default","site-sidebar-style":"default","ast-global-header-display":"","ast-banner-title-visibility":"","ast-main-header-display":"","ast-hfb-above-header-display":"","ast-hfb-below-header-display":"","ast-hfb-mobile-header-display":"","site-post-title":"","ast-breadcrumbs-content":"","ast-featured-img":"","footer-sml-layout":"","ast-disable-related-posts":"","theme-transparent-header-meta":"default","adv-header-id-meta":"","stick-header-meta":"","header-above-stick-meta":"","header-main-stick-meta":"","header-below-stick-meta":"","astra-migrate-meta-layouts":"default","ast-page-background-enabled":"default","ast-page-background-meta":{"desktop":{"background-color":"var(--ast-global-color-4)","background-image":"","background-repeat":"repeat","background-position":"center center","background-size":"auto","background-attachment":"scroll","background-type":"","background-media":"","overlay-type":"","overlay-color":"","overlay-opacity":"","overlay-gradient":""},"tablet":{"background-color":"","background-image":"","background-repeat":"repeat","background-position":"center center","background-size":"auto","background-attachment":"scroll","background-type":"","background-media":"","overlay-type":"","overlay-color":"","overlay-opacity":"","overlay-gradient":""},"mobile":{"background-color":"","background-image":"","background-repeat":"repeat","background-position":"center center","background-size":"auto","background-attachment":"scroll","background-type":"","background-media":"","overlay-type":"","overlay-color":"","overlay-opacity":"","overlay-gradient":""}},"ast-content-background-meta":{"desktop":{"background-color":"var(--ast-global-color-5)","background-image":"","background-repeat":"repeat","background-position":"center center","background-size":"auto","background-attachment":"scroll","background-type":"","background-media":"","overlay-type":"","overlay-color":"","overlay-opacity":"","overlay-gradient":""},"tablet":{"background-color":"var(--ast-global-color-5)","background-image":"","background-repeat":"repeat","background-position":"center center","background-size":"auto","background-attachment":"scroll","background-type":"","background-media":"","overlay-type":"","overlay-color":"","overlay-opacity":"","overlay-gradient":""},"mobile":{"background-color":"var(--ast-global-color-5)","background-image":"","background-repeat":"repeat","background-position":"center center","background-size":"auto","background-attachment":"scroll","background-type":"","background-media":"","overlay-type":"","overlay-color":"","overlay-opacity":"","overlay-gradient":""}}},"product_brand":[],"product_cat":[260,262],"product_tag":[],"class_list":{"0":"post-5059","1":"product","2":"type-product","3":"status-publish","4":"has-post-thumbnail","6":"product_cat-dildos-y-vibradores","7":"product_cat-vibradores","8":"desktop-align-left","9":"tablet-align-left","10":"mobile-align-left","12":"first","13":"instock","14":"shipping-taxable","15":"purchasable","16":"product-type-simple"},"_links":{"self":[{"href":"https:\/\/chibolita.es\/index.php\/wp-json\/wp\/v2\/product\/5059","targetHints":{"allow":["GET"]}}],"collection":[{"href":"https:\/\/chibolita.es\/index.php\/wp-json\/wp\/v2\/product"}],"about":[{"href":"https:\/\/chibolita.es\/index.php\/wp-json\/wp\/v2\/types\/product"}],"replies":[{"embeddable":true,"href":"https:\/\/chibolita.es\/index.php\/wp-json\/wp\/v2\/comments?post=5059"}],"wp:featuredmedia":[{"embeddable":true,"href":"https:\/\/chibolita.es\/index.php\/wp-json\/wp\/v2\/media\/5062"}],"wp:attachment":[{"href":"https:\/\/chibolita.es\/index.php\/wp-json\/wp\/v2\/media?parent=5059"}],"wp:term":[{"taxonomy":"product_brand","embeddable":true,"href":"https:\/\/chibolita.es\/index.php\/wp-json\/wp\/v2\/product_brand?post=5059"},{"taxonomy":"product_cat","embeddable":true,"href":"https:\/\/chibolita.es\/index.php\/wp-json\/wp\/v2\/product_cat?post=5059"},{"taxonomy":"product_tag","embeddable":true,"href":"https:\/\/chibolita.es\/index.php\/wp-json\/wp\/v2\/product_tag?post=5059"}],"curies":[{"name":"wp","href":"https:\/\/api.w.org\/{rel}","templated":true}]}}