{"id":5047,"date":"2023-05-12T12:50:27","date_gmt":"2023-05-12T12:50:27","guid":{"rendered":"https:\/\/chibolita.es\/?post_type=product&#038;p=5047"},"modified":"2026-04-14T07:57:35","modified_gmt":"2026-04-14T07:57:35","slug":"rotador-rabbit-rosa-c-superestimulador","status":"publish","type":"product","link":"https:\/\/chibolita.es\/index.php\/product\/rotador-rabbit-rosa-c-superestimulador\/","title":{"rendered":"ROTADOR RABBIT ROSA C\/SUPERESTIMULADOR"},"content":{"rendered":"<p>Es un novedoso vibrador de alta tecnolog\u00eda fabricado en suave GELATINA con m\u00faltiples capacidades de utilizaci\u00f3nn.<\/p>\n<p>Debido a su tama\u00f1o, es ideal para utilizar tanto en penetraciones vaginales como anales.<br \/>\nIncorpora un revolucionario vibrador con ruletas para graduar tanto de velocidad como de oscilaci\u00f3n y rotaci\u00f3n.<\/p>\n<ul>\n<li>Hasta 20 diferentes posibilidades de utilizaci\u00f3n: Velocidad baja, media, alta, incremental, impulsos, super velocidad, etc., todo en combinaci\u00f3n con las perlas giratorias internas que te har\u00e1n enloquecer de placer.<\/li>\n<li><\/li>\n<li>Adem\u00e1s tambi\u00e9n incorpora otro vibrador espec\u00edficamente indicado para estimular el cl\u00edtoris mediante un dise\u00f1o que simula una suave lengua.<\/li>\n<li><\/li>\n<li>En definitiva, el vibrador perfecto.<\/li>\n<\/ul>\n<p>Con este exclusivo juguete conseguir\u00e1s experimentar placeres que ni siquiera has so\u00f1ado nunca, es realmente incre\u00edble.<\/p>\n<ul>\n<li>Funciona con 3 pilas LR03\/AAA que puedes encontrar en la secci\u00f3n Pilas.<\/li>\n<li>Color; Lila<\/li>\n<li>23 cm de largo x 4 cm de ancho<\/li>\n<\/ul>\n","protected":false},"excerpt":{"rendered":"<p>Es un novedoso vibrador de alta tecnolog\u00eda fabricado en suave GELATINA con m\u00faltiples capacidades de utilizaci\u00f3nn. Debido a su tama\u00f1o, es ideal para utilizar tanto en penetraciones vaginales como anales. Incorpora un revolucionario vibrador con ruletas para graduar tanto de velocidad como de oscilaci\u00f3n y rotaci\u00f3n. Hasta 20 diferentes posibilidades de utilizaci\u00f3n: Velocidad baja, media, [&hellip;]<\/p>\n","protected":false},"featured_media":5050,"comment_status":"open","ping_status":"closed","template":"","meta":{"_eb_attr":"","site-sidebar-layout":"default","site-content-layout":"default","ast-site-content-layout":"default","site-content-style":"default","site-sidebar-style":"default","ast-global-header-display":"","ast-banner-title-visibility":"","ast-main-header-display":"","ast-hfb-above-header-display":"","ast-hfb-below-header-display":"","ast-hfb-mobile-header-display":"","site-post-title":"","ast-breadcrumbs-content":"","ast-featured-img":"","footer-sml-layout":"","ast-disable-related-posts":"","theme-transparent-header-meta":"default","adv-header-id-meta":"","stick-header-meta":"","header-above-stick-meta":"","header-main-stick-meta":"","header-below-stick-meta":"","astra-migrate-meta-layouts":"default","ast-page-background-enabled":"default","ast-page-background-meta":{"desktop":{"background-color":"var(--ast-global-color-4)","background-image":"","background-repeat":"repeat","background-position":"center center","background-size":"auto","background-attachment":"scroll","background-type":"","background-media":"","overlay-type":"","overlay-color":"","overlay-opacity":"","overlay-gradient":""},"tablet":{"background-color":"","background-image":"","background-repeat":"repeat","background-position":"center center","background-size":"auto","background-attachment":"scroll","background-type":"","background-media":"","overlay-type":"","overlay-color":"","overlay-opacity":"","overlay-gradient":""},"mobile":{"background-color":"","background-image":"","background-repeat":"repeat","background-position":"center center","background-size":"auto","background-attachment":"scroll","background-type":"","background-media":"","overlay-type":"","overlay-color":"","overlay-opacity":"","overlay-gradient":""}},"ast-content-background-meta":{"desktop":{"background-color":"var(--ast-global-color-5)","background-image":"","background-repeat":"repeat","background-position":"center center","background-size":"auto","background-attachment":"scroll","background-type":"","background-media":"","overlay-type":"","overlay-color":"","overlay-opacity":"","overlay-gradient":""},"tablet":{"background-color":"var(--ast-global-color-5)","background-image":"","background-repeat":"repeat","background-position":"center center","background-size":"auto","background-attachment":"scroll","background-type":"","background-media":"","overlay-type":"","overlay-color":"","overlay-opacity":"","overlay-gradient":""},"mobile":{"background-color":"var(--ast-global-color-5)","background-image":"","background-repeat":"repeat","background-position":"center center","background-size":"auto","background-attachment":"scroll","background-type":"","background-media":"","overlay-type":"","overlay-color":"","overlay-opacity":"","overlay-gradient":""}}},"product_brand":[],"product_cat":[260,262],"product_tag":[],"class_list":{"0":"post-5047","1":"product","2":"type-product","3":"status-publish","4":"has-post-thumbnail","6":"product_cat-dildos-y-vibradores","7":"product_cat-vibradores","8":"desktop-align-left","9":"tablet-align-left","10":"mobile-align-left","12":"first","13":"instock","14":"shipping-taxable","15":"purchasable","16":"product-type-simple"},"_links":{"self":[{"href":"https:\/\/chibolita.es\/index.php\/wp-json\/wp\/v2\/product\/5047","targetHints":{"allow":["GET"]}}],"collection":[{"href":"https:\/\/chibolita.es\/index.php\/wp-json\/wp\/v2\/product"}],"about":[{"href":"https:\/\/chibolita.es\/index.php\/wp-json\/wp\/v2\/types\/product"}],"replies":[{"embeddable":true,"href":"https:\/\/chibolita.es\/index.php\/wp-json\/wp\/v2\/comments?post=5047"}],"wp:featuredmedia":[{"embeddable":true,"href":"https:\/\/chibolita.es\/index.php\/wp-json\/wp\/v2\/media\/5050"}],"wp:attachment":[{"href":"https:\/\/chibolita.es\/index.php\/wp-json\/wp\/v2\/media?parent=5047"}],"wp:term":[{"taxonomy":"product_brand","embeddable":true,"href":"https:\/\/chibolita.es\/index.php\/wp-json\/wp\/v2\/product_brand?post=5047"},{"taxonomy":"product_cat","embeddable":true,"href":"https:\/\/chibolita.es\/index.php\/wp-json\/wp\/v2\/product_cat?post=5047"},{"taxonomy":"product_tag","embeddable":true,"href":"https:\/\/chibolita.es\/index.php\/wp-json\/wp\/v2\/product_tag?post=5047"}],"curies":[{"name":"wp","href":"https:\/\/api.w.org\/{rel}","templated":true}]}}