{"id":5043,"date":"2023-05-12T12:48:14","date_gmt":"2023-05-12T12:48:14","guid":{"rendered":"https:\/\/chibolita.es\/?post_type=product&#038;p=5043"},"modified":"2023-05-12T12:49:39","modified_gmt":"2023-05-12T12:49:39","slug":"mini-rotador-con-rabbit-happy-angel-lila","status":"publish","type":"product","link":"https:\/\/chibolita.es\/index.php\/product\/mini-rotador-con-rabbit-happy-angel-lila\/","title":{"rendered":"MINI ROTADOR CON RABBIT HAPPY ANGEL LILA"},"content":{"rendered":"<p>Es un novedoso vibrador de alta tecnolog\u00eda fabricado en suave GELATINA con m\u00faltiples capacidades de utilizaci\u00f3n. Debido a su tama\u00f1o, es ideal para utilizar tanto en penetraciones vaginales como anales.<\/p>\n<p>Incorpora un revolucionario vibrador con control electr\u00f3nico tanto de velocidad como de oscilaci\u00f3n y rotaci\u00f3n.<\/p>\n<p>Hasta 20 diferentes posibilidades de utilizaci\u00f3n: Velocidad baja, media, alta, incremental, impulsos, super velocidad, etc., todo en combinaci\u00f3n con las perlas giratorias internas que te har\u00e1n enloquecer de placer.<\/p>\n<p>Adem\u00e1s tambi\u00e9n incorpora otro vibrador espec\u00edficamente indicado para estimular el cl\u00edtoris mediante un dise\u00f1o que simula una suave lengua. Con este exclusivo juguete conseguir\u00e1s experimentar placeres que ni siquiera has so\u00f1ado nunca, es realmente incre\u00edble.<\/p>\n<p>Medidas:<\/p>\n<ul>\n<li>Longitud total: 21.5 cm<\/li>\n<li>Longitud insertable: 11.5 cm<\/li>\n<li>Di\u00e1metro total: 3.5\u00a0cm.<\/li>\n<li>Di\u00e1metro insertable 2.3cm<\/li>\n<\/ul>\n<p>Funciona con 4 pilas LR03\/AAA que puedes encontrar en la secci\u00f3n Pilas.<\/p>\n","protected":false},"excerpt":{"rendered":"<p>Es un novedoso vibrador de alta tecnolog\u00eda fabricado en suave GELATINA con m\u00faltiples capacidades de utilizaci\u00f3n. Debido a su tama\u00f1o, es ideal para utilizar tanto en penetraciones vaginales como anales. Incorpora un revolucionario vibrador con control electr\u00f3nico tanto de velocidad como de oscilaci\u00f3n y rotaci\u00f3n. Hasta 20 diferentes posibilidades de utilizaci\u00f3n: Velocidad baja, media, alta, [&hellip;]<\/p>\n","protected":false},"featured_media":5046,"comment_status":"open","ping_status":"closed","template":"","meta":{"_eb_attr":"","site-sidebar-layout":"default","site-content-layout":"default","ast-site-content-layout":"default","site-content-style":"default","site-sidebar-style":"default","ast-global-header-display":"","ast-banner-title-visibility":"","ast-main-header-display":"","ast-hfb-above-header-display":"","ast-hfb-below-header-display":"","ast-hfb-mobile-header-display":"","site-post-title":"","ast-breadcrumbs-content":"","ast-featured-img":"","footer-sml-layout":"","ast-disable-related-posts":"","theme-transparent-header-meta":"default","adv-header-id-meta":"","stick-header-meta":"","header-above-stick-meta":"","header-main-stick-meta":"","header-below-stick-meta":"","astra-migrate-meta-layouts":"default","ast-page-background-enabled":"default","ast-page-background-meta":{"desktop":{"background-color":"var(--ast-global-color-4)","background-image":"","background-repeat":"repeat","background-position":"center center","background-size":"auto","background-attachment":"scroll","background-type":"","background-media":"","overlay-type":"","overlay-color":"","overlay-opacity":"","overlay-gradient":""},"tablet":{"background-color":"","background-image":"","background-repeat":"repeat","background-position":"center center","background-size":"auto","background-attachment":"scroll","background-type":"","background-media":"","overlay-type":"","overlay-color":"","overlay-opacity":"","overlay-gradient":""},"mobile":{"background-color":"","background-image":"","background-repeat":"repeat","background-position":"center center","background-size":"auto","background-attachment":"scroll","background-type":"","background-media":"","overlay-type":"","overlay-color":"","overlay-opacity":"","overlay-gradient":""}},"ast-content-background-meta":{"desktop":{"background-color":"var(--ast-global-color-5)","background-image":"","background-repeat":"repeat","background-position":"center center","background-size":"auto","background-attachment":"scroll","background-type":"","background-media":"","overlay-type":"","overlay-color":"","overlay-opacity":"","overlay-gradient":""},"tablet":{"background-color":"var(--ast-global-color-5)","background-image":"","background-repeat":"repeat","background-position":"center center","background-size":"auto","background-attachment":"scroll","background-type":"","background-media":"","overlay-type":"","overlay-color":"","overlay-opacity":"","overlay-gradient":""},"mobile":{"background-color":"var(--ast-global-color-5)","background-image":"","background-repeat":"repeat","background-position":"center center","background-size":"auto","background-attachment":"scroll","background-type":"","background-media":"","overlay-type":"","overlay-color":"","overlay-opacity":"","overlay-gradient":""}}},"product_brand":[],"product_cat":[260,262],"product_tag":[],"class_list":{"0":"post-5043","1":"product","2":"type-product","3":"status-publish","4":"has-post-thumbnail","6":"product_cat-dildos-y-vibradores","7":"product_cat-vibradores","8":"desktop-align-left","9":"tablet-align-left","10":"mobile-align-left","12":"first","13":"instock","14":"shipping-taxable","15":"purchasable","16":"product-type-simple"},"_links":{"self":[{"href":"https:\/\/chibolita.es\/index.php\/wp-json\/wp\/v2\/product\/5043","targetHints":{"allow":["GET"]}}],"collection":[{"href":"https:\/\/chibolita.es\/index.php\/wp-json\/wp\/v2\/product"}],"about":[{"href":"https:\/\/chibolita.es\/index.php\/wp-json\/wp\/v2\/types\/product"}],"replies":[{"embeddable":true,"href":"https:\/\/chibolita.es\/index.php\/wp-json\/wp\/v2\/comments?post=5043"}],"wp:featuredmedia":[{"embeddable":true,"href":"https:\/\/chibolita.es\/index.php\/wp-json\/wp\/v2\/media\/5046"}],"wp:attachment":[{"href":"https:\/\/chibolita.es\/index.php\/wp-json\/wp\/v2\/media?parent=5043"}],"wp:term":[{"taxonomy":"product_brand","embeddable":true,"href":"https:\/\/chibolita.es\/index.php\/wp-json\/wp\/v2\/product_brand?post=5043"},{"taxonomy":"product_cat","embeddable":true,"href":"https:\/\/chibolita.es\/index.php\/wp-json\/wp\/v2\/product_cat?post=5043"},{"taxonomy":"product_tag","embeddable":true,"href":"https:\/\/chibolita.es\/index.php\/wp-json\/wp\/v2\/product_tag?post=5043"}],"curies":[{"name":"wp","href":"https:\/\/api.w.org\/{rel}","templated":true}]}}