{"id":5036,"date":"2023-05-12T12:45:27","date_gmt":"2023-05-12T12:45:27","guid":{"rendered":"https:\/\/chibolita.es\/?post_type=product&#038;p=5036"},"modified":"2023-05-12T12:47:38","modified_gmt":"2023-05-12T12:47:38","slug":"baile-pretty-bunny-triple-vibrador-rotador","status":"publish","type":"product","link":"https:\/\/chibolita.es\/index.php\/product\/baile-pretty-bunny-triple-vibrador-rotador\/","title":{"rendered":"BAILE PRETTY BUNNY TRIPLE VIBRADOR ROTADOR"},"content":{"rendered":"<p>El Pretty Bunny\u00a0\u00a0es el vibrador \/ rotador \u00a0perfecto para llegar a cualquier punto sensible. El vibrador tiene 12 velocidades distintas + funciones de rotacion.. Adem\u00e1s, puede encender el estimulador anal para dejar que el Pretty bunny vibre.<\/p>\n<p>La direcci\u00f3n de rotaci\u00f3n tambi\u00e9n puede ajustarse.<\/p>\n<p>\u00a1Un elemento verdaderamente esencial!<\/p>\n<ul>\n<li>100% Tpr tacto suave<\/li>\n<li>Estimulador del punto G\u00a0<strong>Rotador<\/strong><\/li>\n<li>Perlas metalicas estimulantes<\/li>\n<li>Potente estimualador de cl\u00edtoris<\/li>\n<li>Potente estimulador Anal<\/li>\n<li>12 Funciones de Vibraci\u00f3n<\/li>\n<li>4 Funciones de Rotacion<\/li>\n<li>Vibraci\u00f3n silenciosa y potente<\/li>\n<li>3 Motores internos.<\/li>\n<\/ul>\n","protected":false},"excerpt":{"rendered":"<p>El Pretty Bunny\u00a0\u00a0es el vibrador \/ rotador \u00a0perfecto para llegar a cualquier punto sensible. El vibrador tiene 12 velocidades distintas + funciones de rotacion.. Adem\u00e1s, puede encender el estimulador anal para dejar que el Pretty bunny vibre. La direcci\u00f3n de rotaci\u00f3n tambi\u00e9n puede ajustarse. \u00a1Un elemento verdaderamente esencial! 100% Tpr tacto suave Estimulador del punto [&hellip;]<\/p>\n","protected":false},"featured_media":5042,"comment_status":"open","ping_status":"closed","template":"","meta":{"_eb_attr":"","site-sidebar-layout":"default","site-content-layout":"default","ast-site-content-layout":"default","site-content-style":"default","site-sidebar-style":"default","ast-global-header-display":"","ast-banner-title-visibility":"","ast-main-header-display":"","ast-hfb-above-header-display":"","ast-hfb-below-header-display":"","ast-hfb-mobile-header-display":"","site-post-title":"","ast-breadcrumbs-content":"","ast-featured-img":"","footer-sml-layout":"","ast-disable-related-posts":"","theme-transparent-header-meta":"default","adv-header-id-meta":"","stick-header-meta":"","header-above-stick-meta":"","header-main-stick-meta":"","header-below-stick-meta":"","astra-migrate-meta-layouts":"default","ast-page-background-enabled":"default","ast-page-background-meta":{"desktop":{"background-color":"var(--ast-global-color-4)","background-image":"","background-repeat":"repeat","background-position":"center center","background-size":"auto","background-attachment":"scroll","background-type":"","background-media":"","overlay-type":"","overlay-color":"","overlay-opacity":"","overlay-gradient":""},"tablet":{"background-color":"","background-image":"","background-repeat":"repeat","background-position":"center center","background-size":"auto","background-attachment":"scroll","background-type":"","background-media":"","overlay-type":"","overlay-color":"","overlay-opacity":"","overlay-gradient":""},"mobile":{"background-color":"","background-image":"","background-repeat":"repeat","background-position":"center center","background-size":"auto","background-attachment":"scroll","background-type":"","background-media":"","overlay-type":"","overlay-color":"","overlay-opacity":"","overlay-gradient":""}},"ast-content-background-meta":{"desktop":{"background-color":"var(--ast-global-color-5)","background-image":"","background-repeat":"repeat","background-position":"center center","background-size":"auto","background-attachment":"scroll","background-type":"","background-media":"","overlay-type":"","overlay-color":"","overlay-opacity":"","overlay-gradient":""},"tablet":{"background-color":"var(--ast-global-color-5)","background-image":"","background-repeat":"repeat","background-position":"center center","background-size":"auto","background-attachment":"scroll","background-type":"","background-media":"","overlay-type":"","overlay-color":"","overlay-opacity":"","overlay-gradient":""},"mobile":{"background-color":"var(--ast-global-color-5)","background-image":"","background-repeat":"repeat","background-position":"center center","background-size":"auto","background-attachment":"scroll","background-type":"","background-media":"","overlay-type":"","overlay-color":"","overlay-opacity":"","overlay-gradient":""}}},"product_brand":[],"product_cat":[260,262],"product_tag":[],"class_list":{"0":"post-5036","1":"product","2":"type-product","3":"status-publish","4":"has-post-thumbnail","6":"product_cat-dildos-y-vibradores","7":"product_cat-vibradores","8":"desktop-align-left","9":"tablet-align-left","10":"mobile-align-left","12":"first","13":"instock","14":"shipping-taxable","15":"purchasable","16":"product-type-simple"},"_links":{"self":[{"href":"https:\/\/chibolita.es\/index.php\/wp-json\/wp\/v2\/product\/5036","targetHints":{"allow":["GET"]}}],"collection":[{"href":"https:\/\/chibolita.es\/index.php\/wp-json\/wp\/v2\/product"}],"about":[{"href":"https:\/\/chibolita.es\/index.php\/wp-json\/wp\/v2\/types\/product"}],"replies":[{"embeddable":true,"href":"https:\/\/chibolita.es\/index.php\/wp-json\/wp\/v2\/comments?post=5036"}],"wp:featuredmedia":[{"embeddable":true,"href":"https:\/\/chibolita.es\/index.php\/wp-json\/wp\/v2\/media\/5042"}],"wp:attachment":[{"href":"https:\/\/chibolita.es\/index.php\/wp-json\/wp\/v2\/media?parent=5036"}],"wp:term":[{"taxonomy":"product_brand","embeddable":true,"href":"https:\/\/chibolita.es\/index.php\/wp-json\/wp\/v2\/product_brand?post=5036"},{"taxonomy":"product_cat","embeddable":true,"href":"https:\/\/chibolita.es\/index.php\/wp-json\/wp\/v2\/product_cat?post=5036"},{"taxonomy":"product_tag","embeddable":true,"href":"https:\/\/chibolita.es\/index.php\/wp-json\/wp\/v2\/product_tag?post=5036"}],"curies":[{"name":"wp","href":"https:\/\/api.w.org\/{rel}","templated":true}]}}