{"id":5020,"date":"2023-05-11T22:22:04","date_gmt":"2023-05-11T22:22:04","guid":{"rendered":"https:\/\/chibolita.es\/?post_type=product&#038;p=5020"},"modified":"2023-05-11T22:24:20","modified_gmt":"2023-05-11T22:24:20","slug":"mia-eiffel-vibrador-rotador-azul-turquesa","status":"publish","type":"product","link":"https:\/\/chibolita.es\/index.php\/product\/mia-eiffel-vibrador-rotador-azul-turquesa\/","title":{"rendered":"MIA EIFFEL VIBRADOR ROTADOR AZUL TURQUESA"},"content":{"rendered":"<p>Eiffel\u00a0es vibraci\u00f3n extraintensa estimula al mismo tiempo tu punto G y tu cl\u00edtoris.<\/p>\n<p>Este compacto juguete er\u00f3tico de silicona flexible es una sorpresa muy dulce que nos proporciona la marca MIA. \u00a0Eiffel tiene una excelente habilidad para proporcionarte orgasmos inimaginables estimulando al mismo tiempo el punto G y el cl\u00edtoris. \u00a1Puede parecer peque\u00f1o e inocente, pero detr\u00e1s de sus orejas se oculta toda la potencia de este conejo, que, con 2 potent\u00edsimos motores y 10 programas de vibraci\u00f3n, te har\u00e1 sentir toda su magia! Y qu\u00e9 gran fortuna el tama\u00f1o compacto de Eiffel, que le convierte en el compa\u00f1ero de viaje ideal. As\u00ed no lo sacar\u00e1s de la chistera, pero s\u00ed que podr\u00e1s sacarlo del bolso cada vez que te asalte la lujuria.<\/p>\n<p>En el pr\u00e1ctico mango de sujeci\u00f3n con panel de mando encontrar\u00e1s de manera intuitiva las vibraciones que m\u00e1s te gustan simplemente pulsando un bot\u00f3n, mientras sujetas con firmeza este simp\u00e1tico conejito incluso en los momentos m\u00e1s h\u00famedos e intensos. Los 10 programas de vibraci\u00f3n, especialmente potentes te dejar\u00e1n sin habla. Los 2 motores distribuyen las vibraciones por todo el tallo y el estimulador del cl\u00edtoris, por lo que proporciona una intensa estimulaci\u00f3n por todo tu cuerpo. El acabado impermeable (IPX7) del MIA\u00a0\u00a0Eiffe\u00a0te invita tambi\u00e9n a disfrutar de momentos de placer en la ducha o la ba\u00f1era.<\/p>\n<ul>\n<li>Silicona medica anti alerg\u00e9nica<\/li>\n<li>Potente Motor doble<\/li>\n<li>Cuerpo Flexible<\/li>\n<li>Silencioso<\/li>\n<li>10 programas de Vibraci\u00f3n<\/li>\n<li>Resistente al agua<\/li>\n<li>Recargable<\/li>\n<li>Medidas; Longitud 20.7cm x 3.5cm<\/li>\n<\/ul>\n<p>Las bater\u00edas de tu nuevo juguete favorito permiten recargarlo y respetar el medio ambiente.<\/p>\n<p>La silicona anti alerg\u00e9nica posee un tacto muy agradable, y es el material ideal para pas\u00e1rselo en grande. Es muy higi\u00e9nico, y favorece el deslizamiento, sobre todo con la ayuda de lubricantes con base de agua de la marca waterfeel, que convierten la experiencia en un placer \u00fanico. Tu juguete se puede limpiar f\u00e1cilmente con agua y un jab\u00f3n suave. Si deseas una higiene m\u00e1s exhaustiva, puedes utilizar un producto limpiador de dildos waterfeel: basta con rociarlo un par de veces para que tu juguete quede perfectamente limpio.<\/p>\n<p>&nbsp;<\/p>\n<div class=\"ast-oembed-container \" style=\"height: 100%;\"><iframe title=\"M\u00cdA THE BRAND OF HIGH-QUALITY SILICONE TOYS\" src=\"https:\/\/player.vimeo.com\/video\/791932343?dnt=1&amp;app_id=122963\" width=\"500\" height=\"281\" frameborder=\"0\" allow=\"autoplay; fullscreen; picture-in-picture; clipboard-write; encrypted-media\"><\/iframe><\/div>\n","protected":false},"excerpt":{"rendered":"<p>Eiffel\u00a0es vibraci\u00f3n extraintensa estimula al mismo tiempo tu punto G y tu cl\u00edtoris. Este compacto juguete er\u00f3tico de silicona flexible es una sorpresa muy dulce que nos proporciona la marca MIA. \u00a0Eiffel tiene una excelente habilidad para proporcionarte orgasmos inimaginables estimulando al mismo tiempo el punto G y el cl\u00edtoris. \u00a1Puede parecer peque\u00f1o e inocente, [&hellip;]<\/p>\n","protected":false},"featured_media":5023,"comment_status":"open","ping_status":"closed","template":"","meta":{"_eb_attr":"","site-sidebar-layout":"default","site-content-layout":"default","ast-site-content-layout":"default","site-content-style":"default","site-sidebar-style":"default","ast-global-header-display":"","ast-banner-title-visibility":"","ast-main-header-display":"","ast-hfb-above-header-display":"","ast-hfb-below-header-display":"","ast-hfb-mobile-header-display":"","site-post-title":"","ast-breadcrumbs-content":"","ast-featured-img":"","footer-sml-layout":"","ast-disable-related-posts":"","theme-transparent-header-meta":"default","adv-header-id-meta":"","stick-header-meta":"","header-above-stick-meta":"","header-main-stick-meta":"","header-below-stick-meta":"","astra-migrate-meta-layouts":"default","ast-page-background-enabled":"default","ast-page-background-meta":{"desktop":{"background-color":"var(--ast-global-color-4)","background-image":"","background-repeat":"repeat","background-position":"center center","background-size":"auto","background-attachment":"scroll","background-type":"","background-media":"","overlay-type":"","overlay-color":"","overlay-opacity":"","overlay-gradient":""},"tablet":{"background-color":"","background-image":"","background-repeat":"repeat","background-position":"center center","background-size":"auto","background-attachment":"scroll","background-type":"","background-media":"","overlay-type":"","overlay-color":"","overlay-opacity":"","overlay-gradient":""},"mobile":{"background-color":"","background-image":"","background-repeat":"repeat","background-position":"center center","background-size":"auto","background-attachment":"scroll","background-type":"","background-media":"","overlay-type":"","overlay-color":"","overlay-opacity":"","overlay-gradient":""}},"ast-content-background-meta":{"desktop":{"background-color":"var(--ast-global-color-5)","background-image":"","background-repeat":"repeat","background-position":"center center","background-size":"auto","background-attachment":"scroll","background-type":"","background-media":"","overlay-type":"","overlay-color":"","overlay-opacity":"","overlay-gradient":""},"tablet":{"background-color":"var(--ast-global-color-5)","background-image":"","background-repeat":"repeat","background-position":"center center","background-size":"auto","background-attachment":"scroll","background-type":"","background-media":"","overlay-type":"","overlay-color":"","overlay-opacity":"","overlay-gradient":""},"mobile":{"background-color":"var(--ast-global-color-5)","background-image":"","background-repeat":"repeat","background-position":"center center","background-size":"auto","background-attachment":"scroll","background-type":"","background-media":"","overlay-type":"","overlay-color":"","overlay-opacity":"","overlay-gradient":""}}},"product_brand":[],"product_cat":[260,262],"product_tag":[],"class_list":{"0":"post-5020","1":"product","2":"type-product","3":"status-publish","4":"has-post-thumbnail","6":"product_cat-dildos-y-vibradores","7":"product_cat-vibradores","8":"desktop-align-left","9":"tablet-align-left","10":"mobile-align-left","12":"first","13":"instock","14":"shipping-taxable","15":"purchasable","16":"product-type-simple"},"_links":{"self":[{"href":"https:\/\/chibolita.es\/index.php\/wp-json\/wp\/v2\/product\/5020","targetHints":{"allow":["GET"]}}],"collection":[{"href":"https:\/\/chibolita.es\/index.php\/wp-json\/wp\/v2\/product"}],"about":[{"href":"https:\/\/chibolita.es\/index.php\/wp-json\/wp\/v2\/types\/product"}],"replies":[{"embeddable":true,"href":"https:\/\/chibolita.es\/index.php\/wp-json\/wp\/v2\/comments?post=5020"}],"wp:featuredmedia":[{"embeddable":true,"href":"https:\/\/chibolita.es\/index.php\/wp-json\/wp\/v2\/media\/5023"}],"wp:attachment":[{"href":"https:\/\/chibolita.es\/index.php\/wp-json\/wp\/v2\/media?parent=5020"}],"wp:term":[{"taxonomy":"product_brand","embeddable":true,"href":"https:\/\/chibolita.es\/index.php\/wp-json\/wp\/v2\/product_brand?post=5020"},{"taxonomy":"product_cat","embeddable":true,"href":"https:\/\/chibolita.es\/index.php\/wp-json\/wp\/v2\/product_cat?post=5020"},{"taxonomy":"product_tag","embeddable":true,"href":"https:\/\/chibolita.es\/index.php\/wp-json\/wp\/v2\/product_tag?post=5020"}],"curies":[{"name":"wp","href":"https:\/\/api.w.org\/{rel}","templated":true}]}}