{"id":5009,"date":"2023-05-11T22:17:10","date_gmt":"2023-05-11T22:17:10","guid":{"rendered":"https:\/\/chibolita.es\/?post_type=product&#038;p=5009"},"modified":"2023-05-11T22:18:40","modified_gmt":"2023-05-11T22:18:40","slug":"treasure-montana-rotador-imperioso-silicona-rosa","status":"publish","type":"product","link":"https:\/\/chibolita.es\/index.php\/product\/treasure-montana-rotador-imperioso-silicona-rosa\/","title":{"rendered":"TREASURE MONTANA ROTADOR IMPERIOSO SILICONA ROSA"},"content":{"rendered":"<p>Reg\u00e1late una noche de placer en estado puro. Este juguete vers\u00e1til te propone algo diferente. Invita a poner en pr\u00e1ctica tus fantas\u00edas por muy atrevidas que sean. 2 juguetes en 1. Este practico estimulador de forma redondeada cubierto en una silicona suave y sedosa mejora tu capacidad sexual.<\/p>\n<p>Treasure Montana Curve estimulador, es altamente potente e incorpora un motor de baja frecuencia silencioso, \u00fasalo en el cl\u00edtoris o para masajear tus pezones, o bien \u00fasalo a la vez que practicas una felaci\u00f3n.<\/p>\n<p>Treasure Montana Curve estimulador tiene el control remoto de las bolas que se activan f\u00e1cilmente desde un bot\u00f3n del estimulador. Aumenta la sensaci\u00f3n en cualquier lugar y de cualquier forma, porque al tener un control de tu pareja, a la vez que practicas sexo estimular\u00e1s a otra zona o a otra persona\u2026este juguete es muy perverso.<\/p>\n<p>Peque\u00f1o y discreto lo puedes llevar contigo en cualquier maleta o cualquier bolso.<\/p>\n<ul>\n<li>Incluye un rabbit estimulador para uso externo y ondulaciones para mayor estimulaci\u00f3n\u00a0 interna<\/li>\n<li>Aprox 2 horas de intenso placer es su m\u00e1ximo nivel.<\/li>\n<li>Tama\u00f1o compacto de ambos juguetes con medidas; 36 x 67 x 27mm y 88 x 44mm<\/li>\n<li>Funcion Rotacion<\/li>\n<li>Silencioso y discreto<\/li>\n<li>Teclas de f\u00e1cil manejo<\/li>\n<li>Indicador de Carga<\/li>\n<li>Materiales que no irritan la piel<\/li>\n<li>Resistente al agua categor\u00eda Ipx7<\/li>\n<li>2 a\u00f1os de garant\u00eda.<\/li>\n<\/ul>\n<p>&nbsp;<\/p>\n<p>&nbsp;<\/p>\n<p>&nbsp;<\/p>\n<div class=\"ast-oembed-container \" style=\"height: 100%;\"><iframe title=\"Treasure Pleasure Collection\" src=\"https:\/\/player.vimeo.com\/video\/521890533?dnt=1&amp;app_id=122963\" width=\"500\" height=\"281\" frameborder=\"0\" allow=\"autoplay; fullscreen; picture-in-picture; clipboard-write; encrypted-media\"><\/iframe><\/div>\n","protected":false},"excerpt":{"rendered":"<p>Reg\u00e1late una noche de placer en estado puro. Este juguete vers\u00e1til te propone algo diferente. Invita a poner en pr\u00e1ctica tus fantas\u00edas por muy atrevidas que sean. 2 juguetes en 1. Este practico estimulador de forma redondeada cubierto en una silicona suave y sedosa mejora tu capacidad sexual. Treasure Montana Curve estimulador, es altamente potente [&hellip;]<\/p>\n","protected":false},"featured_media":5011,"comment_status":"open","ping_status":"closed","template":"","meta":{"_eb_attr":"","site-sidebar-layout":"default","site-content-layout":"default","ast-site-content-layout":"default","site-content-style":"default","site-sidebar-style":"default","ast-global-header-display":"","ast-banner-title-visibility":"","ast-main-header-display":"","ast-hfb-above-header-display":"","ast-hfb-below-header-display":"","ast-hfb-mobile-header-display":"","site-post-title":"","ast-breadcrumbs-content":"","ast-featured-img":"","footer-sml-layout":"","ast-disable-related-posts":"","theme-transparent-header-meta":"default","adv-header-id-meta":"","stick-header-meta":"","header-above-stick-meta":"","header-main-stick-meta":"","header-below-stick-meta":"","astra-migrate-meta-layouts":"default","ast-page-background-enabled":"default","ast-page-background-meta":{"desktop":{"background-color":"var(--ast-global-color-4)","background-image":"","background-repeat":"repeat","background-position":"center center","background-size":"auto","background-attachment":"scroll","background-type":"","background-media":"","overlay-type":"","overlay-color":"","overlay-opacity":"","overlay-gradient":""},"tablet":{"background-color":"","background-image":"","background-repeat":"repeat","background-position":"center center","background-size":"auto","background-attachment":"scroll","background-type":"","background-media":"","overlay-type":"","overlay-color":"","overlay-opacity":"","overlay-gradient":""},"mobile":{"background-color":"","background-image":"","background-repeat":"repeat","background-position":"center center","background-size":"auto","background-attachment":"scroll","background-type":"","background-media":"","overlay-type":"","overlay-color":"","overlay-opacity":"","overlay-gradient":""}},"ast-content-background-meta":{"desktop":{"background-color":"var(--ast-global-color-5)","background-image":"","background-repeat":"repeat","background-position":"center center","background-size":"auto","background-attachment":"scroll","background-type":"","background-media":"","overlay-type":"","overlay-color":"","overlay-opacity":"","overlay-gradient":""},"tablet":{"background-color":"var(--ast-global-color-5)","background-image":"","background-repeat":"repeat","background-position":"center center","background-size":"auto","background-attachment":"scroll","background-type":"","background-media":"","overlay-type":"","overlay-color":"","overlay-opacity":"","overlay-gradient":""},"mobile":{"background-color":"var(--ast-global-color-5)","background-image":"","background-repeat":"repeat","background-position":"center center","background-size":"auto","background-attachment":"scroll","background-type":"","background-media":"","overlay-type":"","overlay-color":"","overlay-opacity":"","overlay-gradient":""}}},"product_brand":[],"product_cat":[260,262],"product_tag":[],"class_list":{"0":"post-5009","1":"product","2":"type-product","3":"status-publish","4":"has-post-thumbnail","6":"product_cat-dildos-y-vibradores","7":"product_cat-vibradores","8":"desktop-align-left","9":"tablet-align-left","10":"mobile-align-left","12":"first","13":"instock","14":"shipping-taxable","15":"purchasable","16":"product-type-simple"},"_links":{"self":[{"href":"https:\/\/chibolita.es\/index.php\/wp-json\/wp\/v2\/product\/5009","targetHints":{"allow":["GET"]}}],"collection":[{"href":"https:\/\/chibolita.es\/index.php\/wp-json\/wp\/v2\/product"}],"about":[{"href":"https:\/\/chibolita.es\/index.php\/wp-json\/wp\/v2\/types\/product"}],"replies":[{"embeddable":true,"href":"https:\/\/chibolita.es\/index.php\/wp-json\/wp\/v2\/comments?post=5009"}],"wp:featuredmedia":[{"embeddable":true,"href":"https:\/\/chibolita.es\/index.php\/wp-json\/wp\/v2\/media\/5011"}],"wp:attachment":[{"href":"https:\/\/chibolita.es\/index.php\/wp-json\/wp\/v2\/media?parent=5009"}],"wp:term":[{"taxonomy":"product_brand","embeddable":true,"href":"https:\/\/chibolita.es\/index.php\/wp-json\/wp\/v2\/product_brand?post=5009"},{"taxonomy":"product_cat","embeddable":true,"href":"https:\/\/chibolita.es\/index.php\/wp-json\/wp\/v2\/product_cat?post=5009"},{"taxonomy":"product_tag","embeddable":true,"href":"https:\/\/chibolita.es\/index.php\/wp-json\/wp\/v2\/product_tag?post=5009"}],"curies":[{"name":"wp","href":"https:\/\/api.w.org\/{rel}","templated":true}]}}