{"id":4999,"date":"2023-05-11T22:12:42","date_gmt":"2023-05-11T22:12:42","guid":{"rendered":"https:\/\/chibolita.es\/?post_type=product&#038;p=4999"},"modified":"2026-04-14T07:57:34","modified_gmt":"2026-04-14T07:57:34","slug":"rithual-sita-huevo-control-remoto-rotacion-de-perlas-vibracion","status":"publish","type":"product","link":"https:\/\/chibolita.es\/index.php\/product\/rithual-sita-huevo-control-remoto-rotacion-de-perlas-vibracion\/","title":{"rendered":"RITHUAL SITA HUEVO CONTROL REMOTO ROTACI\u00d3N DE PERLAS + VIBRACI\u00d3N"},"content":{"rendered":"<p>\u00bfEst\u00e1n detr\u00e1s de un tr\u00edo sin tercera persona? \u00a1Entonces haz que las nuevas balas rithual suban a bordo, porque le da un gran impulso a tu vida sexual! Disfrazado de una bala vibradora usual, esconde todo un torbellino de pasi\u00f3n deseando de explorar tus zonas intimas.<\/p>\n<ul>\n<li>Se puede controlar de forma inal\u00e1mbrica con el mando a distancia incluido, lo que hace que sus experiencias sensuales sean m\u00e1s creativas y excitantes<\/li>\n<\/ul>\n<p>Las balas vibradoras Rithual miman mucho con 10 programas intensivos de vibraci\u00f3n. Lo mejor de ella es el pr\u00e1ctico mando a distancia, con el que puedes elegir entre los programas con solo pulsar un bot\u00f3n. \u00a1Para esa vibraci\u00f3n especial, tambi\u00e9n puedes dejar el control a tu amante! \u00a0Ya sea en la universidad, en celebraciones familiares, en el trabajo o simplemente entre las s\u00e1banas, con las balas vibradoras de Rithaul tu vida diaria ser\u00e1 mucho m\u00e1s brillante. Gracias a su material impermeable puede usarse bajo el agua con categor\u00eda IPX5 .<\/p>\n<p>Se caracterizan principalmente por ser las primeras balas control remoto con funciones innovadoras \u00fanicas.<\/p>\n<ul>\n<li><strong>Sistema Rotational Pearls &amp; Vibration; Activalo y sentir\u00e1s una ola de placer. Las bolas interiores giran estimulando el interior de la vagina , simultaneamente\u00a0 siente la vibraci\u00f3n.\u00a0\u00a0<\/strong><\/li>\n<\/ul>\n<p><strong>UNA Y OTRA Y OTRA VEZ<\/strong><\/p>\n<p>Impresionante con su dise\u00f1o en color Rithual. Adem\u00e1s, la silicona agradable para la piel le da a la superficie un toque sedoso. Se puede recargar a trav\u00e9s de USB con el cable incluido en menos de 2 horas para\u00a0 una estimulaci\u00f3n de 2 horas.<\/p>\n<p><strong>MATERIAL Y CUIDADO<\/strong><\/p>\n<p>La silicona agradable para la piel de este juguete se caracteriza por su superficie no porosa. Esta propiedad lo hace extremadamente higi\u00e9nico. La textura suave y flexible asegura que la silicona se deslice muy bien. Absorbe el calor de su cuerpo r\u00e1pidamente y lo almacena. Para el uso de lubricantes, recomendamos un lubricante a base de agua AQUA.<\/p>\n<p>Principales caracter\u00edsticas.<\/p>\n<ul>\n<li>10 modos de vibraci\u00f3n<\/li>\n<li>Dos Motores<\/li>\n<li>Silicona suave sedosa\u00a0 y detalle dorado en abs<\/li>\n<li>Recargable por usb ( incluido )<\/li>\n<li>Seguro para el cuerpo libre de BPA<\/li>\n<li>Sumergible categor\u00eda IPX5<\/li>\n<li>Control remoto.<\/li>\n<li>Bateria de iones de litio<\/li>\n<li>F\u00e1cil de limpiar<\/li>\n<li>2 A\u00f1os de garant\u00eda.<\/li>\n<li>Longitud insertable : 6 cm<\/li>\n<li>Grosor 3.5 cm<\/li>\n<\/ul>\n","protected":false},"excerpt":{"rendered":"<p>\u00bfEst\u00e1n detr\u00e1s de un tr\u00edo sin tercera persona? \u00a1Entonces haz que las nuevas balas rithual suban a bordo, porque le da un gran impulso a tu vida sexual! Disfrazado de una bala vibradora usual, esconde todo un torbellino de pasi\u00f3n deseando de explorar tus zonas intimas. Se puede controlar de forma inal\u00e1mbrica con el mando [&hellip;]<\/p>\n","protected":false},"featured_media":5002,"comment_status":"open","ping_status":"closed","template":"","meta":{"_eb_attr":"","site-sidebar-layout":"default","site-content-layout":"default","ast-site-content-layout":"default","site-content-style":"default","site-sidebar-style":"default","ast-global-header-display":"","ast-banner-title-visibility":"","ast-main-header-display":"","ast-hfb-above-header-display":"","ast-hfb-below-header-display":"","ast-hfb-mobile-header-display":"","site-post-title":"","ast-breadcrumbs-content":"","ast-featured-img":"","footer-sml-layout":"","ast-disable-related-posts":"","theme-transparent-header-meta":"default","adv-header-id-meta":"","stick-header-meta":"","header-above-stick-meta":"","header-main-stick-meta":"","header-below-stick-meta":"","astra-migrate-meta-layouts":"default","ast-page-background-enabled":"default","ast-page-background-meta":{"desktop":{"background-color":"var(--ast-global-color-4)","background-image":"","background-repeat":"repeat","background-position":"center center","background-size":"auto","background-attachment":"scroll","background-type":"","background-media":"","overlay-type":"","overlay-color":"","overlay-opacity":"","overlay-gradient":""},"tablet":{"background-color":"","background-image":"","background-repeat":"repeat","background-position":"center center","background-size":"auto","background-attachment":"scroll","background-type":"","background-media":"","overlay-type":"","overlay-color":"","overlay-opacity":"","overlay-gradient":""},"mobile":{"background-color":"","background-image":"","background-repeat":"repeat","background-position":"center center","background-size":"auto","background-attachment":"scroll","background-type":"","background-media":"","overlay-type":"","overlay-color":"","overlay-opacity":"","overlay-gradient":""}},"ast-content-background-meta":{"desktop":{"background-color":"var(--ast-global-color-5)","background-image":"","background-repeat":"repeat","background-position":"center center","background-size":"auto","background-attachment":"scroll","background-type":"","background-media":"","overlay-type":"","overlay-color":"","overlay-opacity":"","overlay-gradient":""},"tablet":{"background-color":"var(--ast-global-color-5)","background-image":"","background-repeat":"repeat","background-position":"center center","background-size":"auto","background-attachment":"scroll","background-type":"","background-media":"","overlay-type":"","overlay-color":"","overlay-opacity":"","overlay-gradient":""},"mobile":{"background-color":"var(--ast-global-color-5)","background-image":"","background-repeat":"repeat","background-position":"center center","background-size":"auto","background-attachment":"scroll","background-type":"","background-media":"","overlay-type":"","overlay-color":"","overlay-opacity":"","overlay-gradient":""}}},"product_brand":[],"product_cat":[260,262],"product_tag":[],"class_list":{"0":"post-4999","1":"product","2":"type-product","3":"status-publish","4":"has-post-thumbnail","6":"product_cat-dildos-y-vibradores","7":"product_cat-vibradores","8":"desktop-align-left","9":"tablet-align-left","10":"mobile-align-left","12":"first","13":"instock","14":"shipping-taxable","15":"purchasable","16":"product-type-simple"},"_links":{"self":[{"href":"https:\/\/chibolita.es\/index.php\/wp-json\/wp\/v2\/product\/4999","targetHints":{"allow":["GET"]}}],"collection":[{"href":"https:\/\/chibolita.es\/index.php\/wp-json\/wp\/v2\/product"}],"about":[{"href":"https:\/\/chibolita.es\/index.php\/wp-json\/wp\/v2\/types\/product"}],"replies":[{"embeddable":true,"href":"https:\/\/chibolita.es\/index.php\/wp-json\/wp\/v2\/comments?post=4999"}],"wp:featuredmedia":[{"embeddable":true,"href":"https:\/\/chibolita.es\/index.php\/wp-json\/wp\/v2\/media\/5002"}],"wp:attachment":[{"href":"https:\/\/chibolita.es\/index.php\/wp-json\/wp\/v2\/media?parent=4999"}],"wp:term":[{"taxonomy":"product_brand","embeddable":true,"href":"https:\/\/chibolita.es\/index.php\/wp-json\/wp\/v2\/product_brand?post=4999"},{"taxonomy":"product_cat","embeddable":true,"href":"https:\/\/chibolita.es\/index.php\/wp-json\/wp\/v2\/product_cat?post=4999"},{"taxonomy":"product_tag","embeddable":true,"href":"https:\/\/chibolita.es\/index.php\/wp-json\/wp\/v2\/product_tag?post=4999"}],"curies":[{"name":"wp","href":"https:\/\/api.w.org\/{rel}","templated":true}]}}