{"id":4981,"date":"2023-05-11T22:02:22","date_gmt":"2023-05-11T22:02:22","guid":{"rendered":"https:\/\/chibolita.es\/?post_type=product&#038;p=4981"},"modified":"2023-05-11T22:05:01","modified_gmt":"2023-05-11T22:05:01","slug":"happy-loky-pluto-rabbit-vibrator-rotator-compatible-con-watchme-wireless-technology","status":"publish","type":"product","link":"https:\/\/chibolita.es\/index.php\/product\/happy-loky-pluto-rabbit-vibrator-rotator-compatible-con-watchme-wireless-technology\/","title":{"rendered":"HAPPY LOKY PLUTO RABBIT VIBRATOR &#038; ROTATOR COMPATIBLE CON WATCHME WIRELESS TECHNOLOGY"},"content":{"rendered":"<p>No tienes excusas, \u00a1con HAPPY LOKY ser\u00e1s m\u00e1s feliz! Los nuevos juguetes de HAPPY LOKY arrasan gracias a sus potentes motores de baja frecuencia. La silicona suave y sedosa realza el dise\u00f1o joven de un juguete que siempre deja con ganas de m\u00e1s.<\/p>\n<p>La gama PLUTO RABBIT VIBRATOR &amp; ROTATOR incorpora un conjunto de funciones nunca antes visto en un vibrador: estimulaci\u00f3n del punto G gracias a su base de suaves perlas giratorias y su potente punta vibradora, estimulaci\u00f3n del cl\u00edtoris gracias a su incre\u00edble \u00abrabbit\u00bb y, adem\u00e1s, es compatible con la novedosa tecnolog\u00eda de control remoto Watchme.<\/p>\n<p><strong>Especificaciones:<\/strong><\/p>\n<ul>\n<li>10 modos de vibraci\u00f3n<\/li>\n<li>4 velocidades de rotaci\u00f3n<\/li>\n<li>Perlas giratorias<\/li>\n<li>2 motores\u00a0super\u00a0potentes<\/li>\n<li>Estimulaci\u00f3n del cl\u00edtoris y del punto G<\/li>\n<li>24.0 cm x 3.2\u00a0cm (Insertable 12.5\u00a0cm)<\/li>\n<li>Compatible con\u00a0<strong>Watchme\u00a0Wireless Technology\u00a0<\/strong>(no incluye reloj control remoto)<\/li>\n<li>Recargable por USB<\/li>\n<li>Impermeable IPX7<\/li>\n<li>Silicona s\u00faper suave y ABS<\/li>\n<li>Material seguro para el cuerpo<\/li>\n<li>Libre de\u00a0ftalatos<\/li>\n<li><strong>Regalo\u00a0<\/strong>Lubricante WATERFEEL Neutro 6 ml<\/li>\n<\/ul>\n","protected":false},"excerpt":{"rendered":"<p>No tienes excusas, \u00a1con HAPPY LOKY ser\u00e1s m\u00e1s feliz! Los nuevos juguetes de HAPPY LOKY arrasan gracias a sus potentes motores de baja frecuencia. La silicona suave y sedosa realza el dise\u00f1o joven de un juguete que siempre deja con ganas de m\u00e1s. La gama PLUTO RABBIT VIBRATOR &amp; ROTATOR incorpora un conjunto de funciones [&hellip;]<\/p>\n","protected":false},"featured_media":4988,"comment_status":"open","ping_status":"closed","template":"","meta":{"_eb_attr":"","site-sidebar-layout":"default","site-content-layout":"default","ast-site-content-layout":"default","site-content-style":"default","site-sidebar-style":"default","ast-global-header-display":"","ast-banner-title-visibility":"","ast-main-header-display":"","ast-hfb-above-header-display":"","ast-hfb-below-header-display":"","ast-hfb-mobile-header-display":"","site-post-title":"","ast-breadcrumbs-content":"","ast-featured-img":"","footer-sml-layout":"","ast-disable-related-posts":"","theme-transparent-header-meta":"default","adv-header-id-meta":"","stick-header-meta":"","header-above-stick-meta":"","header-main-stick-meta":"","header-below-stick-meta":"","astra-migrate-meta-layouts":"default","ast-page-background-enabled":"default","ast-page-background-meta":{"desktop":{"background-color":"var(--ast-global-color-4)","background-image":"","background-repeat":"repeat","background-position":"center center","background-size":"auto","background-attachment":"scroll","background-type":"","background-media":"","overlay-type":"","overlay-color":"","overlay-opacity":"","overlay-gradient":""},"tablet":{"background-color":"","background-image":"","background-repeat":"repeat","background-position":"center center","background-size":"auto","background-attachment":"scroll","background-type":"","background-media":"","overlay-type":"","overlay-color":"","overlay-opacity":"","overlay-gradient":""},"mobile":{"background-color":"","background-image":"","background-repeat":"repeat","background-position":"center center","background-size":"auto","background-attachment":"scroll","background-type":"","background-media":"","overlay-type":"","overlay-color":"","overlay-opacity":"","overlay-gradient":""}},"ast-content-background-meta":{"desktop":{"background-color":"var(--ast-global-color-5)","background-image":"","background-repeat":"repeat","background-position":"center center","background-size":"auto","background-attachment":"scroll","background-type":"","background-media":"","overlay-type":"","overlay-color":"","overlay-opacity":"","overlay-gradient":""},"tablet":{"background-color":"var(--ast-global-color-5)","background-image":"","background-repeat":"repeat","background-position":"center center","background-size":"auto","background-attachment":"scroll","background-type":"","background-media":"","overlay-type":"","overlay-color":"","overlay-opacity":"","overlay-gradient":""},"mobile":{"background-color":"var(--ast-global-color-5)","background-image":"","background-repeat":"repeat","background-position":"center center","background-size":"auto","background-attachment":"scroll","background-type":"","background-media":"","overlay-type":"","overlay-color":"","overlay-opacity":"","overlay-gradient":""}}},"product_brand":[],"product_cat":[260,262],"product_tag":[],"class_list":{"0":"post-4981","1":"product","2":"type-product","3":"status-publish","4":"has-post-thumbnail","6":"product_cat-dildos-y-vibradores","7":"product_cat-vibradores","8":"desktop-align-left","9":"tablet-align-left","10":"mobile-align-left","12":"first","13":"instock","14":"shipping-taxable","15":"purchasable","16":"product-type-simple"},"_links":{"self":[{"href":"https:\/\/chibolita.es\/index.php\/wp-json\/wp\/v2\/product\/4981","targetHints":{"allow":["GET"]}}],"collection":[{"href":"https:\/\/chibolita.es\/index.php\/wp-json\/wp\/v2\/product"}],"about":[{"href":"https:\/\/chibolita.es\/index.php\/wp-json\/wp\/v2\/types\/product"}],"replies":[{"embeddable":true,"href":"https:\/\/chibolita.es\/index.php\/wp-json\/wp\/v2\/comments?post=4981"}],"wp:featuredmedia":[{"embeddable":true,"href":"https:\/\/chibolita.es\/index.php\/wp-json\/wp\/v2\/media\/4988"}],"wp:attachment":[{"href":"https:\/\/chibolita.es\/index.php\/wp-json\/wp\/v2\/media?parent=4981"}],"wp:term":[{"taxonomy":"product_brand","embeddable":true,"href":"https:\/\/chibolita.es\/index.php\/wp-json\/wp\/v2\/product_brand?post=4981"},{"taxonomy":"product_cat","embeddable":true,"href":"https:\/\/chibolita.es\/index.php\/wp-json\/wp\/v2\/product_cat?post=4981"},{"taxonomy":"product_tag","embeddable":true,"href":"https:\/\/chibolita.es\/index.php\/wp-json\/wp\/v2\/product_tag?post=4981"}],"curies":[{"name":"wp","href":"https:\/\/api.w.org\/{rel}","templated":true}]}}