{"id":4968,"date":"2023-05-11T21:58:12","date_gmt":"2023-05-11T21:58:12","guid":{"rendered":"https:\/\/chibolita.es\/?post_type=product&#038;p=4968"},"modified":"2023-05-11T21:59:29","modified_gmt":"2023-05-11T21:59:29","slug":"blacksilver-bunny-reed-up-down-vibe","status":"publish","type":"product","link":"https:\/\/chibolita.es\/index.php\/product\/blacksilver-bunny-reed-up-down-vibe\/","title":{"rendered":"BLACK&#038;SILVER BUNNY REED UP &#038; DOWN VIBE"},"content":{"rendered":"<p>Black&amp;Silver lanza la nueva colecci\u00f3n de vibradores y rotadores que cuentan con motores de nueva\u00a0generaci\u00f3n, consiguiendo un aumento de potencia con mayor durabilidad. El Sistema Multi-funci\u00f3n Squeel incorpora distintos patrones de movimiento para una incre\u00edble estimulaci\u00f3n del cl\u00edtoris. Su acabado premium de silicona s\u00faper suave es un plus para los orgasmos m\u00e1s exigentes.\u00a0Todos los vibradores y rotadores de la nueva colecci\u00f3n de Black&amp;Silver se recargan v\u00eda USB, son elegantes y su\u00a0acabado premium de silicona s\u00faper suave e hipoalerg\u00e9nica es un plus para los orgasmos m\u00e1s exigentes.<\/p>\n<p>La gama\u00a0REED UP &amp; DOWN VIBE\u00a0incorpora su funci\u00f3n \u201carriba y abajo\u201c embistiendo como lo har\u00eda tu mejor amante. Pulsa el ON y no podr\u00e1s parar, activa la vibraci\u00f3n y sentir\u00e1s 100% el poder de este exclusivo juguete.<\/p>\n<p><strong>Especificaciones:<\/strong><\/p>\n<ul>\n<li>7 modos up &amp; down<\/li>\n<li>7 modos de vibraci\u00f3n<\/li>\n<li>7 modos de estimulaci\u00f3n del cl\u00edtoris<\/li>\n<li>24.0 cm x 3.5 cm\u00a0(Insertable 14.0 cm)<\/li>\n<li>Motor potente<\/li>\n<li>Recargable por USB<\/li>\n<li>Impermeable<\/li>\n<li>Ergon\u00f3mico<\/li>\n<li>Silicona s\u00faper suave<\/li>\n<li>ABS Hipoalerg\u00e9nico<\/li>\n<li>Material seguro para el cuerpo<\/li>\n<li>Libre de\u00a0ftalatos<\/li>\n<li><strong>Regalo\u00a0<\/strong>Lubricante WATERFEEL Neutro 6 ml<\/li>\n<\/ul>\n","protected":false},"excerpt":{"rendered":"<p>Black&amp;Silver lanza la nueva colecci\u00f3n de vibradores y rotadores que cuentan con motores de nueva\u00a0generaci\u00f3n, consiguiendo un aumento de potencia con mayor durabilidad. El Sistema Multi-funci\u00f3n Squeel incorpora distintos patrones de movimiento para una incre\u00edble estimulaci\u00f3n del cl\u00edtoris. Su acabado premium de silicona s\u00faper suave es un plus para los orgasmos m\u00e1s exigentes.\u00a0Todos los vibradores [&hellip;]<\/p>\n","protected":false},"featured_media":4973,"comment_status":"open","ping_status":"closed","template":"","meta":{"_eb_attr":"","site-sidebar-layout":"default","site-content-layout":"default","ast-site-content-layout":"default","site-content-style":"default","site-sidebar-style":"default","ast-global-header-display":"","ast-banner-title-visibility":"","ast-main-header-display":"","ast-hfb-above-header-display":"","ast-hfb-below-header-display":"","ast-hfb-mobile-header-display":"","site-post-title":"","ast-breadcrumbs-content":"","ast-featured-img":"","footer-sml-layout":"","ast-disable-related-posts":"","theme-transparent-header-meta":"default","adv-header-id-meta":"","stick-header-meta":"","header-above-stick-meta":"","header-main-stick-meta":"","header-below-stick-meta":"","astra-migrate-meta-layouts":"default","ast-page-background-enabled":"default","ast-page-background-meta":{"desktop":{"background-color":"var(--ast-global-color-4)","background-image":"","background-repeat":"repeat","background-position":"center center","background-size":"auto","background-attachment":"scroll","background-type":"","background-media":"","overlay-type":"","overlay-color":"","overlay-opacity":"","overlay-gradient":""},"tablet":{"background-color":"","background-image":"","background-repeat":"repeat","background-position":"center center","background-size":"auto","background-attachment":"scroll","background-type":"","background-media":"","overlay-type":"","overlay-color":"","overlay-opacity":"","overlay-gradient":""},"mobile":{"background-color":"","background-image":"","background-repeat":"repeat","background-position":"center center","background-size":"auto","background-attachment":"scroll","background-type":"","background-media":"","overlay-type":"","overlay-color":"","overlay-opacity":"","overlay-gradient":""}},"ast-content-background-meta":{"desktop":{"background-color":"var(--ast-global-color-5)","background-image":"","background-repeat":"repeat","background-position":"center center","background-size":"auto","background-attachment":"scroll","background-type":"","background-media":"","overlay-type":"","overlay-color":"","overlay-opacity":"","overlay-gradient":""},"tablet":{"background-color":"var(--ast-global-color-5)","background-image":"","background-repeat":"repeat","background-position":"center center","background-size":"auto","background-attachment":"scroll","background-type":"","background-media":"","overlay-type":"","overlay-color":"","overlay-opacity":"","overlay-gradient":""},"mobile":{"background-color":"var(--ast-global-color-5)","background-image":"","background-repeat":"repeat","background-position":"center center","background-size":"auto","background-attachment":"scroll","background-type":"","background-media":"","overlay-type":"","overlay-color":"","overlay-opacity":"","overlay-gradient":""}}},"product_brand":[],"product_cat":[260,262],"product_tag":[],"class_list":{"0":"post-4968","1":"product","2":"type-product","3":"status-publish","4":"has-post-thumbnail","6":"product_cat-dildos-y-vibradores","7":"product_cat-vibradores","8":"desktop-align-left","9":"tablet-align-left","10":"mobile-align-left","12":"first","13":"instock","14":"shipping-taxable","15":"purchasable","16":"product-type-simple"},"_links":{"self":[{"href":"https:\/\/chibolita.es\/index.php\/wp-json\/wp\/v2\/product\/4968","targetHints":{"allow":["GET"]}}],"collection":[{"href":"https:\/\/chibolita.es\/index.php\/wp-json\/wp\/v2\/product"}],"about":[{"href":"https:\/\/chibolita.es\/index.php\/wp-json\/wp\/v2\/types\/product"}],"replies":[{"embeddable":true,"href":"https:\/\/chibolita.es\/index.php\/wp-json\/wp\/v2\/comments?post=4968"}],"wp:featuredmedia":[{"embeddable":true,"href":"https:\/\/chibolita.es\/index.php\/wp-json\/wp\/v2\/media\/4973"}],"wp:attachment":[{"href":"https:\/\/chibolita.es\/index.php\/wp-json\/wp\/v2\/media?parent=4968"}],"wp:term":[{"taxonomy":"product_brand","embeddable":true,"href":"https:\/\/chibolita.es\/index.php\/wp-json\/wp\/v2\/product_brand?post=4968"},{"taxonomy":"product_cat","embeddable":true,"href":"https:\/\/chibolita.es\/index.php\/wp-json\/wp\/v2\/product_cat?post=4968"},{"taxonomy":"product_tag","embeddable":true,"href":"https:\/\/chibolita.es\/index.php\/wp-json\/wp\/v2\/product_tag?post=4968"}],"curies":[{"name":"wp","href":"https:\/\/api.w.org\/{rel}","templated":true}]}}