{"id":4935,"date":"2023-05-11T21:43:55","date_gmt":"2023-05-11T21:43:55","guid":{"rendered":"https:\/\/chibolita.es\/?post_type=product&#038;p=4935"},"modified":"2026-04-14T07:57:00","modified_gmt":"2026-04-14T07:57:00","slug":"intense-bobble-vibrador-rotador-silicona-lila","status":"publish","type":"product","link":"https:\/\/chibolita.es\/index.php\/product\/intense-bobble-vibrador-rotador-silicona-lila\/","title":{"rendered":"INTENSE BOBBLE VIBRADOR ROTADOR SILICONA LILA"},"content":{"rendered":"<p>Bobble El para\u00edso es intenso y por eso desc\u00fabrelo con Guppy.\u00a0 El vibrador perfecto para llegar a cualquier zona sensible. Los rotadores intense permiten una mayor sensaci\u00f3n vaginal para principiantes o expertos que, adem\u00e1s, se puede encender el rabbit que har\u00e1 vibrar el estimulador clitorial.<\/p>\n<p>Bobble es 100% Silicona suave y sedosa muy confortable.<\/p>\n<p>Se puede regular en 12 velocidades diferentes. Tambi\u00e9n se puede indicar la direcci\u00f3n del giro con 4 modos \u00a1Es algo realmente imprescindible!<\/p>\n<p>Bobble te ofrece;<\/p>\n<ul>\n<li>12 modos de vibraci\u00f3n<\/li>\n<li>4 modos de rotaci\u00f3n<\/li>\n<li>Silicona suave y sedosa.<\/li>\n<li>Estimulaci\u00f3n clitorial intensa<\/li>\n<li>Ergon\u00f3mico<\/li>\n<li>Motor potente<\/li>\n<li>Libre de falatos<\/li>\n<li>Rotaci\u00f3n m\u00faltiple<\/li>\n<li>Seguro para el cuerpo.<\/li>\n<li>Medidas; 27 x 4 cm<\/li>\n<\/ul>\n<p>Funciona con 4 Pilas AAA no incluidas.<\/p>\n<p>Disfruta de Intense con 1 a\u00f1o de garant\u00eda total.<\/p>\n","protected":false},"excerpt":{"rendered":"<p>Bobble El para\u00edso es intenso y por eso desc\u00fabrelo con Guppy.\u00a0 El vibrador perfecto para llegar a cualquier zona sensible. Los rotadores intense permiten una mayor sensaci\u00f3n vaginal para principiantes o expertos que, adem\u00e1s, se puede encender el rabbit que har\u00e1 vibrar el estimulador clitorial. Bobble es 100% Silicona suave y sedosa muy confortable. Se [&hellip;]<\/p>\n","protected":false},"featured_media":4937,"comment_status":"open","ping_status":"closed","template":"","meta":{"_eb_attr":"","site-sidebar-layout":"default","site-content-layout":"default","ast-site-content-layout":"default","site-content-style":"default","site-sidebar-style":"default","ast-global-header-display":"","ast-banner-title-visibility":"","ast-main-header-display":"","ast-hfb-above-header-display":"","ast-hfb-below-header-display":"","ast-hfb-mobile-header-display":"","site-post-title":"","ast-breadcrumbs-content":"","ast-featured-img":"","footer-sml-layout":"","ast-disable-related-posts":"","theme-transparent-header-meta":"default","adv-header-id-meta":"","stick-header-meta":"","header-above-stick-meta":"","header-main-stick-meta":"","header-below-stick-meta":"","astra-migrate-meta-layouts":"default","ast-page-background-enabled":"default","ast-page-background-meta":{"desktop":{"background-color":"var(--ast-global-color-4)","background-image":"","background-repeat":"repeat","background-position":"center center","background-size":"auto","background-attachment":"scroll","background-type":"","background-media":"","overlay-type":"","overlay-color":"","overlay-opacity":"","overlay-gradient":""},"tablet":{"background-color":"","background-image":"","background-repeat":"repeat","background-position":"center center","background-size":"auto","background-attachment":"scroll","background-type":"","background-media":"","overlay-type":"","overlay-color":"","overlay-opacity":"","overlay-gradient":""},"mobile":{"background-color":"","background-image":"","background-repeat":"repeat","background-position":"center center","background-size":"auto","background-attachment":"scroll","background-type":"","background-media":"","overlay-type":"","overlay-color":"","overlay-opacity":"","overlay-gradient":""}},"ast-content-background-meta":{"desktop":{"background-color":"var(--ast-global-color-5)","background-image":"","background-repeat":"repeat","background-position":"center center","background-size":"auto","background-attachment":"scroll","background-type":"","background-media":"","overlay-type":"","overlay-color":"","overlay-opacity":"","overlay-gradient":""},"tablet":{"background-color":"var(--ast-global-color-5)","background-image":"","background-repeat":"repeat","background-position":"center center","background-size":"auto","background-attachment":"scroll","background-type":"","background-media":"","overlay-type":"","overlay-color":"","overlay-opacity":"","overlay-gradient":""},"mobile":{"background-color":"var(--ast-global-color-5)","background-image":"","background-repeat":"repeat","background-position":"center center","background-size":"auto","background-attachment":"scroll","background-type":"","background-media":"","overlay-type":"","overlay-color":"","overlay-opacity":"","overlay-gradient":""}}},"product_brand":[],"product_cat":[260,262],"product_tag":[],"class_list":{"0":"post-4935","1":"product","2":"type-product","3":"status-publish","4":"has-post-thumbnail","6":"product_cat-dildos-y-vibradores","7":"product_cat-vibradores","8":"desktop-align-left","9":"tablet-align-left","10":"mobile-align-left","12":"first","13":"instock","14":"shipping-taxable","15":"purchasable","16":"product-type-simple"},"_links":{"self":[{"href":"https:\/\/chibolita.es\/index.php\/wp-json\/wp\/v2\/product\/4935","targetHints":{"allow":["GET"]}}],"collection":[{"href":"https:\/\/chibolita.es\/index.php\/wp-json\/wp\/v2\/product"}],"about":[{"href":"https:\/\/chibolita.es\/index.php\/wp-json\/wp\/v2\/types\/product"}],"replies":[{"embeddable":true,"href":"https:\/\/chibolita.es\/index.php\/wp-json\/wp\/v2\/comments?post=4935"}],"wp:featuredmedia":[{"embeddable":true,"href":"https:\/\/chibolita.es\/index.php\/wp-json\/wp\/v2\/media\/4937"}],"wp:attachment":[{"href":"https:\/\/chibolita.es\/index.php\/wp-json\/wp\/v2\/media?parent=4935"}],"wp:term":[{"taxonomy":"product_brand","embeddable":true,"href":"https:\/\/chibolita.es\/index.php\/wp-json\/wp\/v2\/product_brand?post=4935"},{"taxonomy":"product_cat","embeddable":true,"href":"https:\/\/chibolita.es\/index.php\/wp-json\/wp\/v2\/product_cat?post=4935"},{"taxonomy":"product_tag","embeddable":true,"href":"https:\/\/chibolita.es\/index.php\/wp-json\/wp\/v2\/product_tag?post=4935"}],"curies":[{"name":"wp","href":"https:\/\/api.w.org\/{rel}","templated":true}]}}