{"id":4929,"date":"2023-05-11T21:41:39","date_gmt":"2023-05-11T21:41:39","guid":{"rendered":"https:\/\/chibolita.es\/?post_type=product&#038;p=4929"},"modified":"2023-05-11T21:43:17","modified_gmt":"2023-05-11T21:43:17","slug":"cyber-silicock-realistico-control-remoto-mr-rick","status":"publish","type":"product","link":"https:\/\/chibolita.es\/index.php\/product\/cyber-silicock-realistico-control-remoto-mr-rick\/","title":{"rendered":"CYBER SILICOCK REALISTICO CONTROL REMOTO MR RICK"},"content":{"rendered":"<p>La revoluci\u00f3n en Cyber piel ha llegado\u2026 CYBER SILICONE SKIN<\/p>\n<p>Nunca un acabado en silicona fue tan realista, flexible, t\u00e9rmico, y con las incansables funciones que siempre so\u00f1aste.<\/p>\n<p>Mr Rick es el mejor toy ultra realista fabricado hasta hoy, y si te parece poco, lib\u00e9rate de las manos gracias a su mando a distancia, y potentes motores multi frecuencia.<\/p>\n<p>Dispone de diferentes patrones de\u00a0<strong>Rotaci\u00f3n<\/strong>\u00a0a la vez que su sistema\u00a0<strong>Up &amp; Down<\/strong>\u00a0te penetrara incansable, su ventosa deja rienda suelta a infinidad de posiciones.<\/p>\n<p>Sus detalles como sus venas, cabeza y test\u00edculos en\u00a0<strong>CYBER SILICONE SKIN<\/strong>, har\u00e1n que tus orgasmos sean como siempre so\u00f1aste, REALES\u2026<\/p>\n<ul>\n<li>Silicona tacto Piel libre de ftlatos<\/li>\n<li>Control remoto<\/li>\n<li>Recargable con USB incluido<\/li>\n<li>Forma real para experiencia real<\/li>\n<li>Base con succi\u00f3n fuerte y segura, col\u00f3calo sobre una base lisa y disfruta de una acci\u00f3n completa.<\/li>\n<li>Medidas:\n<ul>\n<li>Longitud total: 20.9 cm<\/li>\n<li>Longitud insertable: 17 cm<\/li>\n<li>Di\u00e1metro insertable: 4 cm<\/li>\n<\/ul>\n<\/li>\n<\/ul>\n<p>Todos los cibersilicock est\u00e1n controlados v\u00eda control remoto<\/p>\n<p>\u00a1Si quieres sentir algo real a tu disposici\u00f3n 24 horas tienes que probar cibersilicock!<\/p>\n<p>1 A\u00f1o de Garant\u00eda.<\/p>\n","protected":false},"excerpt":{"rendered":"<p>La revoluci\u00f3n en Cyber piel ha llegado\u2026 CYBER SILICONE SKIN Nunca un acabado en silicona fue tan realista, flexible, t\u00e9rmico, y con las incansables funciones que siempre so\u00f1aste. Mr Rick es el mejor toy ultra realista fabricado hasta hoy, y si te parece poco, lib\u00e9rate de las manos gracias a su mando a distancia, y [&hellip;]<\/p>\n","protected":false},"featured_media":4934,"comment_status":"open","ping_status":"closed","template":"","meta":{"_eb_attr":"","site-sidebar-layout":"default","site-content-layout":"default","ast-site-content-layout":"default","site-content-style":"default","site-sidebar-style":"default","ast-global-header-display":"","ast-banner-title-visibility":"","ast-main-header-display":"","ast-hfb-above-header-display":"","ast-hfb-below-header-display":"","ast-hfb-mobile-header-display":"","site-post-title":"","ast-breadcrumbs-content":"","ast-featured-img":"","footer-sml-layout":"","ast-disable-related-posts":"","theme-transparent-header-meta":"default","adv-header-id-meta":"","stick-header-meta":"","header-above-stick-meta":"","header-main-stick-meta":"","header-below-stick-meta":"","astra-migrate-meta-layouts":"default","ast-page-background-enabled":"default","ast-page-background-meta":{"desktop":{"background-color":"var(--ast-global-color-4)","background-image":"","background-repeat":"repeat","background-position":"center center","background-size":"auto","background-attachment":"scroll","background-type":"","background-media":"","overlay-type":"","overlay-color":"","overlay-opacity":"","overlay-gradient":""},"tablet":{"background-color":"","background-image":"","background-repeat":"repeat","background-position":"center center","background-size":"auto","background-attachment":"scroll","background-type":"","background-media":"","overlay-type":"","overlay-color":"","overlay-opacity":"","overlay-gradient":""},"mobile":{"background-color":"","background-image":"","background-repeat":"repeat","background-position":"center center","background-size":"auto","background-attachment":"scroll","background-type":"","background-media":"","overlay-type":"","overlay-color":"","overlay-opacity":"","overlay-gradient":""}},"ast-content-background-meta":{"desktop":{"background-color":"var(--ast-global-color-5)","background-image":"","background-repeat":"repeat","background-position":"center center","background-size":"auto","background-attachment":"scroll","background-type":"","background-media":"","overlay-type":"","overlay-color":"","overlay-opacity":"","overlay-gradient":""},"tablet":{"background-color":"var(--ast-global-color-5)","background-image":"","background-repeat":"repeat","background-position":"center center","background-size":"auto","background-attachment":"scroll","background-type":"","background-media":"","overlay-type":"","overlay-color":"","overlay-opacity":"","overlay-gradient":""},"mobile":{"background-color":"var(--ast-global-color-5)","background-image":"","background-repeat":"repeat","background-position":"center center","background-size":"auto","background-attachment":"scroll","background-type":"","background-media":"","overlay-type":"","overlay-color":"","overlay-opacity":"","overlay-gradient":""}}},"product_brand":[],"product_cat":[261,260,262],"product_tag":[],"class_list":{"0":"post-4929","1":"product","2":"type-product","3":"status-publish","4":"has-post-thumbnail","6":"product_cat-dildos","7":"product_cat-dildos-y-vibradores","8":"product_cat-vibradores","9":"desktop-align-left","10":"tablet-align-left","11":"mobile-align-left","13":"first","14":"instock","15":"sale","16":"shipping-taxable","17":"purchasable","18":"product-type-simple"},"_links":{"self":[{"href":"https:\/\/chibolita.es\/index.php\/wp-json\/wp\/v2\/product\/4929","targetHints":{"allow":["GET"]}}],"collection":[{"href":"https:\/\/chibolita.es\/index.php\/wp-json\/wp\/v2\/product"}],"about":[{"href":"https:\/\/chibolita.es\/index.php\/wp-json\/wp\/v2\/types\/product"}],"replies":[{"embeddable":true,"href":"https:\/\/chibolita.es\/index.php\/wp-json\/wp\/v2\/comments?post=4929"}],"wp:featuredmedia":[{"embeddable":true,"href":"https:\/\/chibolita.es\/index.php\/wp-json\/wp\/v2\/media\/4934"}],"wp:attachment":[{"href":"https:\/\/chibolita.es\/index.php\/wp-json\/wp\/v2\/media?parent=4929"}],"wp:term":[{"taxonomy":"product_brand","embeddable":true,"href":"https:\/\/chibolita.es\/index.php\/wp-json\/wp\/v2\/product_brand?post=4929"},{"taxonomy":"product_cat","embeddable":true,"href":"https:\/\/chibolita.es\/index.php\/wp-json\/wp\/v2\/product_cat?post=4929"},{"taxonomy":"product_tag","embeddable":true,"href":"https:\/\/chibolita.es\/index.php\/wp-json\/wp\/v2\/product_tag?post=4929"}],"curies":[{"name":"wp","href":"https:\/\/api.w.org\/{rel}","templated":true}]}}