{"id":4917,"date":"2023-05-11T20:55:28","date_gmt":"2023-05-11T20:55:28","guid":{"rendered":"https:\/\/chibolita.es\/?post_type=product&#038;p=4917"},"modified":"2024-02-10T17:11:21","modified_gmt":"2024-02-10T17:11:21","slug":"libidine-natural","status":"publish","type":"product","link":"https:\/\/chibolita.es\/index.php\/product\/libidine-natural\/","title":{"rendered":"LIBIDINE NATURAL"},"content":{"rendered":"<p><span>Libidina es el primer afrodis\u00edaco natural compuesto por plantas naturales y vitaminas.\u00a0Es el m\u00e1s preferido por las personas por su eficacia y resultados.<\/span><\/p>\n<p><span>Aumenta tu libido y haz que pierdas la verg\u00fcenza de mejorar tus relaciones sexuales<\/span><\/p>\n<ul>\n<li><span>afrodis\u00edaco natural<\/span><\/li>\n<li><span>Contiene 4 c\u00e1psulas (2 cc cada una)<\/span><\/li>\n<li><span>Ingredientes: Extracto de apio, extracto de guaran\u00e1, taurina, L-carnitina, L-arginina, extracto de muira puama, extracto de maca, extracto de ginseng, vitamina B1, vitamina B2, vitamina B6, vitamina B3, vitamina B12,<\/span><\/li>\n<\/ul>\n<p><span>\u00a1Ahora desc\u00fabrelo por ti mismo con LIbidine!\u00a0<\/span><\/p>\n","protected":false},"excerpt":{"rendered":"<p>Libidina es el primer afrodis\u00edaco natural compuesto por plantas naturales y vitaminas.\u00a0Es el m\u00e1s preferido por las personas por su eficacia y resultados. Aumenta tu libido y haz que pierdas la verg\u00fcenza de mejorar tus relaciones sexuales afrodis\u00edaco natural Contiene 4 c\u00e1psulas (2 cc cada una) Ingredientes: Extracto de apio, extracto de guaran\u00e1, taurina, L-carnitina, [&hellip;]<\/p>\n","protected":false},"featured_media":4918,"comment_status":"open","ping_status":"closed","template":"","meta":{"_eb_attr":"","site-sidebar-layout":"default","site-content-layout":"default","ast-site-content-layout":"default","site-content-style":"default","site-sidebar-style":"default","ast-global-header-display":"","ast-banner-title-visibility":"","ast-main-header-display":"","ast-hfb-above-header-display":"","ast-hfb-below-header-display":"","ast-hfb-mobile-header-display":"","site-post-title":"","ast-breadcrumbs-content":"","ast-featured-img":"","footer-sml-layout":"","ast-disable-related-posts":"","theme-transparent-header-meta":"default","adv-header-id-meta":"","stick-header-meta":"","header-above-stick-meta":"","header-main-stick-meta":"","header-below-stick-meta":"","astra-migrate-meta-layouts":"default","ast-page-background-enabled":"default","ast-page-background-meta":{"desktop":{"background-color":"var(--ast-global-color-4)","background-image":"","background-repeat":"repeat","background-position":"center center","background-size":"auto","background-attachment":"scroll","background-type":"","background-media":"","overlay-type":"","overlay-color":"","overlay-opacity":"","overlay-gradient":""},"tablet":{"background-color":"","background-image":"","background-repeat":"repeat","background-position":"center center","background-size":"auto","background-attachment":"scroll","background-type":"","background-media":"","overlay-type":"","overlay-color":"","overlay-opacity":"","overlay-gradient":""},"mobile":{"background-color":"","background-image":"","background-repeat":"repeat","background-position":"center center","background-size":"auto","background-attachment":"scroll","background-type":"","background-media":"","overlay-type":"","overlay-color":"","overlay-opacity":"","overlay-gradient":""}},"ast-content-background-meta":{"desktop":{"background-color":"var(--ast-global-color-5)","background-image":"","background-repeat":"repeat","background-position":"center center","background-size":"auto","background-attachment":"scroll","background-type":"","background-media":"","overlay-type":"","overlay-color":"","overlay-opacity":"","overlay-gradient":""},"tablet":{"background-color":"var(--ast-global-color-5)","background-image":"","background-repeat":"repeat","background-position":"center center","background-size":"auto","background-attachment":"scroll","background-type":"","background-media":"","overlay-type":"","overlay-color":"","overlay-opacity":"","overlay-gradient":""},"mobile":{"background-color":"var(--ast-global-color-5)","background-image":"","background-repeat":"repeat","background-position":"center center","background-size":"auto","background-attachment":"scroll","background-type":"","background-media":"","overlay-type":"","overlay-color":"","overlay-opacity":"","overlay-gradient":""}}},"product_brand":[],"product_cat":[230,255],"product_tag":[],"class_list":{"0":"post-4917","1":"product","2":"type-product","3":"status-publish","4":"has-post-thumbnail","6":"product_cat-farmacia","7":"product_cat-vida-sexual-saludable","8":"desktop-align-left","9":"tablet-align-left","10":"mobile-align-left","12":"first","13":"instock","14":"shipping-taxable","15":"purchasable","16":"product-type-simple"},"_links":{"self":[{"href":"https:\/\/chibolita.es\/index.php\/wp-json\/wp\/v2\/product\/4917","targetHints":{"allow":["GET"]}}],"collection":[{"href":"https:\/\/chibolita.es\/index.php\/wp-json\/wp\/v2\/product"}],"about":[{"href":"https:\/\/chibolita.es\/index.php\/wp-json\/wp\/v2\/types\/product"}],"replies":[{"embeddable":true,"href":"https:\/\/chibolita.es\/index.php\/wp-json\/wp\/v2\/comments?post=4917"}],"wp:featuredmedia":[{"embeddable":true,"href":"https:\/\/chibolita.es\/index.php\/wp-json\/wp\/v2\/media\/4918"}],"wp:attachment":[{"href":"https:\/\/chibolita.es\/index.php\/wp-json\/wp\/v2\/media?parent=4917"}],"wp:term":[{"taxonomy":"product_brand","embeddable":true,"href":"https:\/\/chibolita.es\/index.php\/wp-json\/wp\/v2\/product_brand?post=4917"},{"taxonomy":"product_cat","embeddable":true,"href":"https:\/\/chibolita.es\/index.php\/wp-json\/wp\/v2\/product_cat?post=4917"},{"taxonomy":"product_tag","embeddable":true,"href":"https:\/\/chibolita.es\/index.php\/wp-json\/wp\/v2\/product_tag?post=4917"}],"curies":[{"name":"wp","href":"https:\/\/api.w.org\/{rel}","templated":true}]}}