{"id":4901,"date":"2023-05-11T06:54:59","date_gmt":"2023-05-11T06:54:59","guid":{"rendered":"https:\/\/chibolita.es\/?post_type=product&#038;p=4901"},"modified":"2024-02-10T17:11:21","modified_gmt":"2024-02-10T17:11:21","slug":"spartan-gel-become-a-warrior","status":"publish","type":"product","link":"https:\/\/chibolita.es\/index.php\/product\/spartan-gel-become-a-warrior\/","title":{"rendered":"Spartan Gel \u2013 Become a warrior"},"content":{"rendered":"<p><span>Proporciona sensaciones \u00fanicas, Spartan es probablemente el mejor gel intensificador de orgasmos para parejas, f\u00f3rmula a base de vegetales y extractos 100% naturales.<\/span><\/p>\n<p><span>Desde la primera aplicaci\u00f3n, toda la fuerza y \u200b\u200benerg\u00eda en el \u00f3rgano masculino.\u00a0Con un efecto placentero, las calor\u00edas aumentan una explosi\u00f3n de sensaciones que solo Spartan fue capaz de crear.<\/span><\/p>\n<p><span>Spartan es el gel potenciador de nueva generaci\u00f3n 2018 m\u00e1s potente jam\u00e1s desarrollado y ha estado en el mercado durante mucho tiempo<\/span><\/p>\n<p><span>Aplicar suavemente con un masaje de 2-3 minutos sobre el \u00f3rgano masculino a lo largo de todo el miembro y sentir un efecto inmediato de fuerza y \u200b\u200bresistencia.\u00a0Cuando se usa la penetraci\u00f3n para que la mujer pase el efecto de potenciar el placer en ambos, el cambio en el uso de Chico-Chico el efecto es igualmente excitante.<\/span><br \/>\n<span>Especialmente formulado para hombres, es ideal para controlar la capacidad sexual y promover la erecci\u00f3n.<\/span><\/p>\n<p><span>Spartan couple gel te lleva a orgasmos intensos y multiples!<\/span><\/p>\n<ul>\n<li><span>Efecto de sensaci\u00f3n de fr\u00edo y calor.<\/span><\/li>\n<li><span>Dermatol\u00f3gicamente Comprobado<\/span><\/li>\n<li><span>Una base de extractos naturales.<\/span><\/li>\n<li><span>Compatible con l\u00e1tex y preservativos.<\/span><\/li>\n<li><span>Sin az\u00facar, sin gluten y 100% vegano.<\/span><\/li>\n<li><span>envase de 40ml<\/span><\/li>\n<\/ul>\n","protected":false},"excerpt":{"rendered":"<p>Proporciona sensaciones \u00fanicas, Spartan es probablemente el mejor gel intensificador de orgasmos para parejas, f\u00f3rmula a base de vegetales y extractos 100% naturales. Desde la primera aplicaci\u00f3n, toda la fuerza y \u200b\u200benerg\u00eda en el \u00f3rgano masculino.\u00a0Con un efecto placentero, las calor\u00edas aumentan una explosi\u00f3n de sensaciones que solo Spartan fue capaz de crear. Spartan es [&hellip;]<\/p>\n","protected":false},"featured_media":4902,"comment_status":"open","ping_status":"closed","template":"","meta":{"_eb_attr":"","site-sidebar-layout":"default","site-content-layout":"default","ast-site-content-layout":"default","site-content-style":"default","site-sidebar-style":"default","ast-global-header-display":"","ast-banner-title-visibility":"","ast-main-header-display":"","ast-hfb-above-header-display":"","ast-hfb-below-header-display":"","ast-hfb-mobile-header-display":"","site-post-title":"","ast-breadcrumbs-content":"","ast-featured-img":"","footer-sml-layout":"","ast-disable-related-posts":"","theme-transparent-header-meta":"default","adv-header-id-meta":"","stick-header-meta":"","header-above-stick-meta":"","header-main-stick-meta":"","header-below-stick-meta":"","astra-migrate-meta-layouts":"default","ast-page-background-enabled":"default","ast-page-background-meta":{"desktop":{"background-color":"var(--ast-global-color-4)","background-image":"","background-repeat":"repeat","background-position":"center center","background-size":"auto","background-attachment":"scroll","background-type":"","background-media":"","overlay-type":"","overlay-color":"","overlay-opacity":"","overlay-gradient":""},"tablet":{"background-color":"","background-image":"","background-repeat":"repeat","background-position":"center center","background-size":"auto","background-attachment":"scroll","background-type":"","background-media":"","overlay-type":"","overlay-color":"","overlay-opacity":"","overlay-gradient":""},"mobile":{"background-color":"","background-image":"","background-repeat":"repeat","background-position":"center center","background-size":"auto","background-attachment":"scroll","background-type":"","background-media":"","overlay-type":"","overlay-color":"","overlay-opacity":"","overlay-gradient":""}},"ast-content-background-meta":{"desktop":{"background-color":"var(--ast-global-color-5)","background-image":"","background-repeat":"repeat","background-position":"center center","background-size":"auto","background-attachment":"scroll","background-type":"","background-media":"","overlay-type":"","overlay-color":"","overlay-opacity":"","overlay-gradient":""},"tablet":{"background-color":"var(--ast-global-color-5)","background-image":"","background-repeat":"repeat","background-position":"center center","background-size":"auto","background-attachment":"scroll","background-type":"","background-media":"","overlay-type":"","overlay-color":"","overlay-opacity":"","overlay-gradient":""},"mobile":{"background-color":"var(--ast-global-color-5)","background-image":"","background-repeat":"repeat","background-position":"center center","background-size":"auto","background-attachment":"scroll","background-type":"","background-media":"","overlay-type":"","overlay-color":"","overlay-opacity":"","overlay-gradient":""}}},"product_brand":[],"product_cat":[230,238,255],"product_tag":[],"class_list":{"0":"post-4901","1":"product","2":"type-product","3":"status-publish","4":"has-post-thumbnail","6":"product_cat-farmacia","7":"product_cat-todos-los-afrodisiacos-para-hombres","8":"product_cat-vida-sexual-saludable","9":"desktop-align-left","10":"tablet-align-left","11":"mobile-align-left","13":"first","14":"instock","15":"shipping-taxable","16":"purchasable","17":"product-type-simple"},"_links":{"self":[{"href":"https:\/\/chibolita.es\/index.php\/wp-json\/wp\/v2\/product\/4901","targetHints":{"allow":["GET"]}}],"collection":[{"href":"https:\/\/chibolita.es\/index.php\/wp-json\/wp\/v2\/product"}],"about":[{"href":"https:\/\/chibolita.es\/index.php\/wp-json\/wp\/v2\/types\/product"}],"replies":[{"embeddable":true,"href":"https:\/\/chibolita.es\/index.php\/wp-json\/wp\/v2\/comments?post=4901"}],"wp:featuredmedia":[{"embeddable":true,"href":"https:\/\/chibolita.es\/index.php\/wp-json\/wp\/v2\/media\/4902"}],"wp:attachment":[{"href":"https:\/\/chibolita.es\/index.php\/wp-json\/wp\/v2\/media?parent=4901"}],"wp:term":[{"taxonomy":"product_brand","embeddable":true,"href":"https:\/\/chibolita.es\/index.php\/wp-json\/wp\/v2\/product_brand?post=4901"},{"taxonomy":"product_cat","embeddable":true,"href":"https:\/\/chibolita.es\/index.php\/wp-json\/wp\/v2\/product_cat?post=4901"},{"taxonomy":"product_tag","embeddable":true,"href":"https:\/\/chibolita.es\/index.php\/wp-json\/wp\/v2\/product_tag?post=4901"}],"curies":[{"name":"wp","href":"https:\/\/api.w.org\/{rel}","templated":true}]}}