{"id":4897,"date":"2023-05-11T06:40:01","date_gmt":"2023-05-11T06:40:01","guid":{"rendered":"https:\/\/chibolita.es\/?post_type=product&#038;p=4897"},"modified":"2024-02-10T17:11:21","modified_gmt":"2024-02-10T17:11:21","slug":"titan-xxl","status":"publish","type":"product","link":"https:\/\/chibolita.es\/index.php\/product\/titan-xxl\/","title":{"rendered":"TITAN XXL"},"content":{"rendered":"<p><span>Consigue erecciones m\u00e1s duras y firmes y aumenta tu deseo sexual con este estimulante sexual<\/span><\/p>\n<ul>\n<li><span>4 c\u00e1psulas<\/span><\/li>\n<\/ul>\n<p><span>Res\u00famenes:<\/span><\/p>\n<ul>\n<li><span>Titan XXL te ayuda a lograr erecciones cada vez m\u00e1s duras y un impulso sexual m\u00e1s fuerte.<\/span><\/li>\n<li><span>Tribulus ayuda a mejorar la funci\u00f3n er\u00e9ctil y el rendimiento sexual en los hombres.<\/span><\/li>\n<li><span>El ginseng ayuda a inducir y mejorar la erecci\u00f3n.<\/span><\/li>\n<li><span>Melilot y Piper nigrum aumentan la circulaci\u00f3n sangu\u00ednea, especialmente en los peque\u00f1os vasos sangu\u00edneos del pene.<\/span><\/li>\n<\/ul>\n<p><span>Otro beneficio de Titan XXL:<\/span><\/p>\n<ul>\n<li><span>\u00a1Sus efectos duraderos aumentan tu rendimiento sexual durante mucho tiempo!<\/span><\/li>\n<\/ul>\n<p><span>Modo de empleo:<\/span><\/p>\n<ul>\n<li><span>Tomar 2 c\u00e1psulas 1h antes del efecto deseado.<\/span><\/li>\n<\/ul>\n","protected":false},"excerpt":{"rendered":"<p>Consigue erecciones m\u00e1s duras y firmes y aumenta tu deseo sexual con este estimulante sexual 4 c\u00e1psulas Res\u00famenes: Titan XXL te ayuda a lograr erecciones cada vez m\u00e1s duras y un impulso sexual m\u00e1s fuerte. Tribulus ayuda a mejorar la funci\u00f3n er\u00e9ctil y el rendimiento sexual en los hombres. El ginseng ayuda a inducir y [&hellip;]<\/p>\n","protected":false},"featured_media":4898,"comment_status":"open","ping_status":"closed","template":"","meta":{"_eb_attr":"","site-sidebar-layout":"default","site-content-layout":"default","ast-site-content-layout":"default","site-content-style":"default","site-sidebar-style":"default","ast-global-header-display":"","ast-banner-title-visibility":"","ast-main-header-display":"","ast-hfb-above-header-display":"","ast-hfb-below-header-display":"","ast-hfb-mobile-header-display":"","site-post-title":"","ast-breadcrumbs-content":"","ast-featured-img":"","footer-sml-layout":"","ast-disable-related-posts":"","theme-transparent-header-meta":"default","adv-header-id-meta":"","stick-header-meta":"","header-above-stick-meta":"","header-main-stick-meta":"","header-below-stick-meta":"","astra-migrate-meta-layouts":"default","ast-page-background-enabled":"default","ast-page-background-meta":{"desktop":{"background-color":"var(--ast-global-color-4)","background-image":"","background-repeat":"repeat","background-position":"center center","background-size":"auto","background-attachment":"scroll","background-type":"","background-media":"","overlay-type":"","overlay-color":"","overlay-opacity":"","overlay-gradient":""},"tablet":{"background-color":"","background-image":"","background-repeat":"repeat","background-position":"center center","background-size":"auto","background-attachment":"scroll","background-type":"","background-media":"","overlay-type":"","overlay-color":"","overlay-opacity":"","overlay-gradient":""},"mobile":{"background-color":"","background-image":"","background-repeat":"repeat","background-position":"center center","background-size":"auto","background-attachment":"scroll","background-type":"","background-media":"","overlay-type":"","overlay-color":"","overlay-opacity":"","overlay-gradient":""}},"ast-content-background-meta":{"desktop":{"background-color":"var(--ast-global-color-5)","background-image":"","background-repeat":"repeat","background-position":"center center","background-size":"auto","background-attachment":"scroll","background-type":"","background-media":"","overlay-type":"","overlay-color":"","overlay-opacity":"","overlay-gradient":""},"tablet":{"background-color":"var(--ast-global-color-5)","background-image":"","background-repeat":"repeat","background-position":"center center","background-size":"auto","background-attachment":"scroll","background-type":"","background-media":"","overlay-type":"","overlay-color":"","overlay-opacity":"","overlay-gradient":""},"mobile":{"background-color":"var(--ast-global-color-5)","background-image":"","background-repeat":"repeat","background-position":"center center","background-size":"auto","background-attachment":"scroll","background-type":"","background-media":"","overlay-type":"","overlay-color":"","overlay-opacity":"","overlay-gradient":""}}},"product_brand":[],"product_cat":[230,238],"product_tag":[],"class_list":{"0":"post-4897","1":"product","2":"type-product","3":"status-publish","4":"has-post-thumbnail","6":"product_cat-farmacia","7":"product_cat-todos-los-afrodisiacos-para-hombres","8":"desktop-align-left","9":"tablet-align-left","10":"mobile-align-left","12":"first","13":"instock","14":"shipping-taxable","15":"purchasable","16":"product-type-simple"},"_links":{"self":[{"href":"https:\/\/chibolita.es\/index.php\/wp-json\/wp\/v2\/product\/4897","targetHints":{"allow":["GET"]}}],"collection":[{"href":"https:\/\/chibolita.es\/index.php\/wp-json\/wp\/v2\/product"}],"about":[{"href":"https:\/\/chibolita.es\/index.php\/wp-json\/wp\/v2\/types\/product"}],"replies":[{"embeddable":true,"href":"https:\/\/chibolita.es\/index.php\/wp-json\/wp\/v2\/comments?post=4897"}],"wp:featuredmedia":[{"embeddable":true,"href":"https:\/\/chibolita.es\/index.php\/wp-json\/wp\/v2\/media\/4898"}],"wp:attachment":[{"href":"https:\/\/chibolita.es\/index.php\/wp-json\/wp\/v2\/media?parent=4897"}],"wp:term":[{"taxonomy":"product_brand","embeddable":true,"href":"https:\/\/chibolita.es\/index.php\/wp-json\/wp\/v2\/product_brand?post=4897"},{"taxonomy":"product_cat","embeddable":true,"href":"https:\/\/chibolita.es\/index.php\/wp-json\/wp\/v2\/product_cat?post=4897"},{"taxonomy":"product_tag","embeddable":true,"href":"https:\/\/chibolita.es\/index.php\/wp-json\/wp\/v2\/product_tag?post=4897"}],"curies":[{"name":"wp","href":"https:\/\/api.w.org\/{rel}","templated":true}]}}