{"id":4895,"date":"2023-05-11T06:38:24","date_gmt":"2023-05-11T06:38:24","guid":{"rendered":"https:\/\/chibolita.es\/?post_type=product&#038;p=4895"},"modified":"2024-02-10T17:11:21","modified_gmt":"2024-02-10T17:11:21","slug":"magnaphall-potenciador-em-creme","status":"publish","type":"product","link":"https:\/\/chibolita.es\/index.php\/product\/magnaphall-potenciador-em-creme\/","title":{"rendered":"MAGNAPHALL Potenciador em creme"},"content":{"rendered":"<p>Crema de masaje para la intimidad masculina.<\/p>\n<p>Cuida y limpia el pene y desarrolla un olor er\u00f3tico.<\/p>\n<ul>\n<li>Previene la falta de erecci\u00f3n (un miembro viril muy peque\u00f1o) y aumenta el riego sangu\u00edneo.<\/li>\n<li>Le permite obtener una erecci\u00f3n r\u00e1pida en el pene.<\/li>\n<li>CREMA MAGNAPHALL EXTRA FUERTE aumenta tu virilidad.<\/li>\n<li>Adi\u00f3s a los problemas de erecci\u00f3n.<\/li>\n<li>Dermatol\u00f3gicamente Comprobado.\u00a0Anti alergico.<\/li>\n<li>No irrita la piel ni las mucosas.\u00a0No tiene propiedades anticonceptivas.<\/li>\n<\/ul>\n<p>Envase de 45 ml.<\/p>\n","protected":false},"excerpt":{"rendered":"<p>Crema de masaje para la intimidad masculina. Cuida y limpia el pene y desarrolla un olor er\u00f3tico. Previene la falta de erecci\u00f3n (un miembro viril muy peque\u00f1o) y aumenta el riego sangu\u00edneo. Le permite obtener una erecci\u00f3n r\u00e1pida en el pene. CREMA MAGNAPHALL EXTRA FUERTE aumenta tu virilidad. Adi\u00f3s a los problemas de erecci\u00f3n. Dermatol\u00f3gicamente [&hellip;]<\/p>\n","protected":false},"featured_media":4896,"comment_status":"open","ping_status":"closed","template":"","meta":{"_eb_attr":"","site-sidebar-layout":"default","site-content-layout":"default","ast-site-content-layout":"default","site-content-style":"default","site-sidebar-style":"default","ast-global-header-display":"","ast-banner-title-visibility":"","ast-main-header-display":"","ast-hfb-above-header-display":"","ast-hfb-below-header-display":"","ast-hfb-mobile-header-display":"","site-post-title":"","ast-breadcrumbs-content":"","ast-featured-img":"","footer-sml-layout":"","ast-disable-related-posts":"","theme-transparent-header-meta":"default","adv-header-id-meta":"","stick-header-meta":"","header-above-stick-meta":"","header-main-stick-meta":"","header-below-stick-meta":"","astra-migrate-meta-layouts":"default","ast-page-background-enabled":"default","ast-page-background-meta":{"desktop":{"background-color":"var(--ast-global-color-4)","background-image":"","background-repeat":"repeat","background-position":"center center","background-size":"auto","background-attachment":"scroll","background-type":"","background-media":"","overlay-type":"","overlay-color":"","overlay-opacity":"","overlay-gradient":""},"tablet":{"background-color":"","background-image":"","background-repeat":"repeat","background-position":"center center","background-size":"auto","background-attachment":"scroll","background-type":"","background-media":"","overlay-type":"","overlay-color":"","overlay-opacity":"","overlay-gradient":""},"mobile":{"background-color":"","background-image":"","background-repeat":"repeat","background-position":"center center","background-size":"auto","background-attachment":"scroll","background-type":"","background-media":"","overlay-type":"","overlay-color":"","overlay-opacity":"","overlay-gradient":""}},"ast-content-background-meta":{"desktop":{"background-color":"var(--ast-global-color-5)","background-image":"","background-repeat":"repeat","background-position":"center center","background-size":"auto","background-attachment":"scroll","background-type":"","background-media":"","overlay-type":"","overlay-color":"","overlay-opacity":"","overlay-gradient":""},"tablet":{"background-color":"var(--ast-global-color-5)","background-image":"","background-repeat":"repeat","background-position":"center center","background-size":"auto","background-attachment":"scroll","background-type":"","background-media":"","overlay-type":"","overlay-color":"","overlay-opacity":"","overlay-gradient":""},"mobile":{"background-color":"var(--ast-global-color-5)","background-image":"","background-repeat":"repeat","background-position":"center center","background-size":"auto","background-attachment":"scroll","background-type":"","background-media":"","overlay-type":"","overlay-color":"","overlay-opacity":"","overlay-gradient":""}}},"product_brand":[],"product_cat":[243,259,230,238,255],"product_tag":[],"class_list":{"0":"post-4895","1":"product","2":"type-product","3":"status-publish","4":"has-post-thumbnail","6":"product_cat-aumento-del-pene","7":"product_cat-cremas-para-el-pene","8":"product_cat-farmacia","9":"product_cat-todos-los-afrodisiacos-para-hombres","10":"product_cat-vida-sexual-saludable","11":"desktop-align-left","12":"tablet-align-left","13":"mobile-align-left","15":"first","16":"instock","17":"shipping-taxable","18":"purchasable","19":"product-type-simple"},"_links":{"self":[{"href":"https:\/\/chibolita.es\/index.php\/wp-json\/wp\/v2\/product\/4895","targetHints":{"allow":["GET"]}}],"collection":[{"href":"https:\/\/chibolita.es\/index.php\/wp-json\/wp\/v2\/product"}],"about":[{"href":"https:\/\/chibolita.es\/index.php\/wp-json\/wp\/v2\/types\/product"}],"replies":[{"embeddable":true,"href":"https:\/\/chibolita.es\/index.php\/wp-json\/wp\/v2\/comments?post=4895"}],"wp:featuredmedia":[{"embeddable":true,"href":"https:\/\/chibolita.es\/index.php\/wp-json\/wp\/v2\/media\/4896"}],"wp:attachment":[{"href":"https:\/\/chibolita.es\/index.php\/wp-json\/wp\/v2\/media?parent=4895"}],"wp:term":[{"taxonomy":"product_brand","embeddable":true,"href":"https:\/\/chibolita.es\/index.php\/wp-json\/wp\/v2\/product_brand?post=4895"},{"taxonomy":"product_cat","embeddable":true,"href":"https:\/\/chibolita.es\/index.php\/wp-json\/wp\/v2\/product_cat?post=4895"},{"taxonomy":"product_tag","embeddable":true,"href":"https:\/\/chibolita.es\/index.php\/wp-json\/wp\/v2\/product_tag?post=4895"}],"curies":[{"name":"wp","href":"https:\/\/api.w.org\/{rel}","templated":true}]}}