{"id":4893,"date":"2023-05-11T06:32:26","date_gmt":"2023-05-11T06:32:26","guid":{"rendered":"https:\/\/chibolita.es\/?post_type=product&#038;p=4893"},"modified":"2025-06-01T03:30:58","modified_gmt":"2025-06-01T03:30:58","slug":"venicon-para-hombres","status":"publish","type":"product","link":"https:\/\/chibolita.es\/index.php\/product\/venicon-para-hombres\/","title":{"rendered":"Venicon para hombres"},"content":{"rendered":"<p><span>Apoya la erecci\u00f3n.\u00a0Recursos:<\/span><\/p>\n<ul>\n<li><span>Apoya el rendimiento sexual<\/span><\/li>\n<li><span>Apoya la libido<\/span><\/li>\n<li><span>Apoya la erecci\u00f3n<\/span><\/li>\n<li><span>Apoya la sexualidad<\/span><\/li>\n<li><span>Apoya el suministro de energ\u00eda al cuerpo Venicon for Men ayuda a mejorar el rendimiento sexual de forma natural.<\/span><\/li>\n<\/ul>\n<p><span>Esta f\u00f3rmula \u00fanica a base de hierbas, vitaminas y minerales proporciona un soporte \u00f3ptimo para el cuerpo.\u00a0Tiene un efecto positivo sobre la libido, la erecci\u00f3n, la resistencia y el rendimiento sexual.<\/span><\/p>\n<p><span>4 CAPS<\/span><\/p>\n","protected":false},"excerpt":{"rendered":"<p>Apoya la erecci\u00f3n.\u00a0Recursos: Apoya el rendimiento sexual Apoya la libido Apoya la erecci\u00f3n Apoya la sexualidad Apoya el suministro de energ\u00eda al cuerpo Venicon for Men ayuda a mejorar el rendimiento sexual de forma natural. Esta f\u00f3rmula \u00fanica a base de hierbas, vitaminas y minerales proporciona un soporte \u00f3ptimo para el cuerpo.\u00a0Tiene un efecto positivo [&hellip;]<\/p>\n","protected":false},"featured_media":4894,"comment_status":"open","ping_status":"closed","template":"","meta":{"_eb_attr":"","site-sidebar-layout":"default","site-content-layout":"default","ast-site-content-layout":"default","site-content-style":"default","site-sidebar-style":"default","ast-global-header-display":"","ast-banner-title-visibility":"","ast-main-header-display":"","ast-hfb-above-header-display":"","ast-hfb-below-header-display":"","ast-hfb-mobile-header-display":"","site-post-title":"","ast-breadcrumbs-content":"","ast-featured-img":"","footer-sml-layout":"","ast-disable-related-posts":"","theme-transparent-header-meta":"default","adv-header-id-meta":"","stick-header-meta":"","header-above-stick-meta":"","header-main-stick-meta":"","header-below-stick-meta":"","astra-migrate-meta-layouts":"default","ast-page-background-enabled":"default","ast-page-background-meta":{"desktop":{"background-color":"var(--ast-global-color-4)","background-image":"","background-repeat":"repeat","background-position":"center center","background-size":"auto","background-attachment":"scroll","background-type":"","background-media":"","overlay-type":"","overlay-color":"","overlay-opacity":"","overlay-gradient":""},"tablet":{"background-color":"","background-image":"","background-repeat":"repeat","background-position":"center center","background-size":"auto","background-attachment":"scroll","background-type":"","background-media":"","overlay-type":"","overlay-color":"","overlay-opacity":"","overlay-gradient":""},"mobile":{"background-color":"","background-image":"","background-repeat":"repeat","background-position":"center center","background-size":"auto","background-attachment":"scroll","background-type":"","background-media":"","overlay-type":"","overlay-color":"","overlay-opacity":"","overlay-gradient":""}},"ast-content-background-meta":{"desktop":{"background-color":"var(--ast-global-color-5)","background-image":"","background-repeat":"repeat","background-position":"center center","background-size":"auto","background-attachment":"scroll","background-type":"","background-media":"","overlay-type":"","overlay-color":"","overlay-opacity":"","overlay-gradient":""},"tablet":{"background-color":"var(--ast-global-color-5)","background-image":"","background-repeat":"repeat","background-position":"center center","background-size":"auto","background-attachment":"scroll","background-type":"","background-media":"","overlay-type":"","overlay-color":"","overlay-opacity":"","overlay-gradient":""},"mobile":{"background-color":"var(--ast-global-color-5)","background-image":"","background-repeat":"repeat","background-position":"center center","background-size":"auto","background-attachment":"scroll","background-type":"","background-media":"","overlay-type":"","overlay-color":"","overlay-opacity":"","overlay-gradient":""}}},"product_brand":[],"product_cat":[230,238],"product_tag":[],"class_list":{"0":"post-4893","1":"product","2":"type-product","3":"status-publish","4":"has-post-thumbnail","6":"product_cat-farmacia","7":"product_cat-todos-los-afrodisiacos-para-hombres","8":"desktop-align-left","9":"tablet-align-left","10":"mobile-align-left","12":"first","13":"instock","14":"shipping-taxable","15":"purchasable","16":"product-type-simple"},"_links":{"self":[{"href":"https:\/\/chibolita.es\/index.php\/wp-json\/wp\/v2\/product\/4893","targetHints":{"allow":["GET"]}}],"collection":[{"href":"https:\/\/chibolita.es\/index.php\/wp-json\/wp\/v2\/product"}],"about":[{"href":"https:\/\/chibolita.es\/index.php\/wp-json\/wp\/v2\/types\/product"}],"replies":[{"embeddable":true,"href":"https:\/\/chibolita.es\/index.php\/wp-json\/wp\/v2\/comments?post=4893"}],"wp:featuredmedia":[{"embeddable":true,"href":"https:\/\/chibolita.es\/index.php\/wp-json\/wp\/v2\/media\/4894"}],"wp:attachment":[{"href":"https:\/\/chibolita.es\/index.php\/wp-json\/wp\/v2\/media?parent=4893"}],"wp:term":[{"taxonomy":"product_brand","embeddable":true,"href":"https:\/\/chibolita.es\/index.php\/wp-json\/wp\/v2\/product_brand?post=4893"},{"taxonomy":"product_cat","embeddable":true,"href":"https:\/\/chibolita.es\/index.php\/wp-json\/wp\/v2\/product_cat?post=4893"},{"taxonomy":"product_tag","embeddable":true,"href":"https:\/\/chibolita.es\/index.php\/wp-json\/wp\/v2\/product_tag?post=4893"}],"curies":[{"name":"wp","href":"https:\/\/api.w.org\/{rel}","templated":true}]}}