{"id":4889,"date":"2023-05-11T06:26:50","date_gmt":"2023-05-11T06:26:50","guid":{"rendered":"https:\/\/chibolita.es\/?post_type=product&#038;p=4889"},"modified":"2024-02-10T17:11:21","modified_gmt":"2024-02-10T17:11:21","slug":"xpower-hot-shot-sex-booster","status":"publish","type":"product","link":"https:\/\/chibolita.es\/index.php\/product\/xpower-hot-shot-sex-booster\/","title":{"rendered":"XPOWER HOT SHOT SEX BOOSTER"},"content":{"rendered":"<p><span>Hot Shot Sex Booster es el nuevo potenciador de energ\u00eda de la l\u00ednea de productos XPOWER, perfectamente adaptado para hombres y mujeres.<\/span><\/p>\n<p><span>Hot Shot Sex Booster aumenta la libido, estimula el deseo sexual e intensifica las relaciones sexuales.\u00a0A base de ingredientes naturales como la maca, un afrodis\u00edaco natural y el ginseng y guaran\u00e1 Hot Shot Sex Booster de Labophyto aumenta el rendimiento f\u00edsico y el deseo sexual.\u00a0El factor de forma peque\u00f1o es conveniente incluso cuando viaja.<\/span><\/p>\n<ul>\n<li><span>Afrodis\u00edaco de acci\u00f3n r\u00e1pida<\/span><\/li>\n<li><span>ingesta de 20ml<\/span><\/li>\n<\/ul>\n<p><span>Res\u00famenes:<\/span><\/p>\n<ul>\n<li><span>Obtenga un impulso r\u00e1pido a su libido e intensifique el placer sexual<\/span><\/li>\n<li><span>Hot Shot Sex Booster est\u00e1 basado en ingredientes naturales como la Maca, un afrodis\u00edaco natural que ayuda a estimular el deseo sexual y es fuente de energ\u00eda, el Ginseng mejora la vitalidad y el rendimiento f\u00edsico y el Guaran\u00e1 te ayuda a sentirte con m\u00e1s energ\u00eda y a reducir el cansancio mental.<\/span><\/li>\n<\/ul>\n<p><span>Modo de empleo:<\/span><\/p>\n<ul>\n<li><span>1 inyecci\u00f3n vial (= 20 ml) al d\u00eda, 1 hora antes del efecto deseado.<\/span><\/li>\n<li><span>Volumen neto: 60 ml o 3 dosis de 20 ml<\/span><\/li>\n<\/ul>\n","protected":false},"excerpt":{"rendered":"<p>Hot Shot Sex Booster es el nuevo potenciador de energ\u00eda de la l\u00ednea de productos XPOWER, perfectamente adaptado para hombres y mujeres. Hot Shot Sex Booster aumenta la libido, estimula el deseo sexual e intensifica las relaciones sexuales.\u00a0A base de ingredientes naturales como la maca, un afrodis\u00edaco natural y el ginseng y guaran\u00e1 Hot Shot [&hellip;]<\/p>\n","protected":false},"featured_media":4890,"comment_status":"open","ping_status":"closed","template":"","meta":{"_eb_attr":"","site-sidebar-layout":"default","site-content-layout":"default","ast-site-content-layout":"default","site-content-style":"default","site-sidebar-style":"default","ast-global-header-display":"","ast-banner-title-visibility":"","ast-main-header-display":"","ast-hfb-above-header-display":"","ast-hfb-below-header-display":"","ast-hfb-mobile-header-display":"","site-post-title":"","ast-breadcrumbs-content":"","ast-featured-img":"","footer-sml-layout":"","ast-disable-related-posts":"","theme-transparent-header-meta":"default","adv-header-id-meta":"","stick-header-meta":"","header-above-stick-meta":"","header-main-stick-meta":"","header-below-stick-meta":"","astra-migrate-meta-layouts":"default","ast-page-background-enabled":"default","ast-page-background-meta":{"desktop":{"background-color":"var(--ast-global-color-4)","background-image":"","background-repeat":"repeat","background-position":"center center","background-size":"auto","background-attachment":"scroll","background-type":"","background-media":"","overlay-type":"","overlay-color":"","overlay-opacity":"","overlay-gradient":""},"tablet":{"background-color":"","background-image":"","background-repeat":"repeat","background-position":"center center","background-size":"auto","background-attachment":"scroll","background-type":"","background-media":"","overlay-type":"","overlay-color":"","overlay-opacity":"","overlay-gradient":""},"mobile":{"background-color":"","background-image":"","background-repeat":"repeat","background-position":"center center","background-size":"auto","background-attachment":"scroll","background-type":"","background-media":"","overlay-type":"","overlay-color":"","overlay-opacity":"","overlay-gradient":""}},"ast-content-background-meta":{"desktop":{"background-color":"var(--ast-global-color-5)","background-image":"","background-repeat":"repeat","background-position":"center center","background-size":"auto","background-attachment":"scroll","background-type":"","background-media":"","overlay-type":"","overlay-color":"","overlay-opacity":"","overlay-gradient":""},"tablet":{"background-color":"var(--ast-global-color-5)","background-image":"","background-repeat":"repeat","background-position":"center center","background-size":"auto","background-attachment":"scroll","background-type":"","background-media":"","overlay-type":"","overlay-color":"","overlay-opacity":"","overlay-gradient":""},"mobile":{"background-color":"var(--ast-global-color-5)","background-image":"","background-repeat":"repeat","background-position":"center center","background-size":"auto","background-attachment":"scroll","background-type":"","background-media":"","overlay-type":"","overlay-color":"","overlay-opacity":"","overlay-gradient":""}}},"product_brand":[],"product_cat":[233,230,238,255],"product_tag":[],"class_list":{"0":"post-4889","1":"product","2":"type-product","3":"status-publish","4":"has-post-thumbnail","6":"product_cat-afrodisiacos-para-mujeres","7":"product_cat-farmacia","8":"product_cat-todos-los-afrodisiacos-para-hombres","9":"product_cat-vida-sexual-saludable","10":"desktop-align-left","11":"tablet-align-left","12":"mobile-align-left","14":"first","15":"instock","16":"shipping-taxable","17":"purchasable","18":"product-type-simple"},"_links":{"self":[{"href":"https:\/\/chibolita.es\/index.php\/wp-json\/wp\/v2\/product\/4889","targetHints":{"allow":["GET"]}}],"collection":[{"href":"https:\/\/chibolita.es\/index.php\/wp-json\/wp\/v2\/product"}],"about":[{"href":"https:\/\/chibolita.es\/index.php\/wp-json\/wp\/v2\/types\/product"}],"replies":[{"embeddable":true,"href":"https:\/\/chibolita.es\/index.php\/wp-json\/wp\/v2\/comments?post=4889"}],"wp:featuredmedia":[{"embeddable":true,"href":"https:\/\/chibolita.es\/index.php\/wp-json\/wp\/v2\/media\/4890"}],"wp:attachment":[{"href":"https:\/\/chibolita.es\/index.php\/wp-json\/wp\/v2\/media?parent=4889"}],"wp:term":[{"taxonomy":"product_brand","embeddable":true,"href":"https:\/\/chibolita.es\/index.php\/wp-json\/wp\/v2\/product_brand?post=4889"},{"taxonomy":"product_cat","embeddable":true,"href":"https:\/\/chibolita.es\/index.php\/wp-json\/wp\/v2\/product_cat?post=4889"},{"taxonomy":"product_tag","embeddable":true,"href":"https:\/\/chibolita.es\/index.php\/wp-json\/wp\/v2\/product_tag?post=4889"}],"curies":[{"name":"wp","href":"https:\/\/api.w.org\/{rel}","templated":true}]}}