{"id":4881,"date":"2023-05-11T06:11:10","date_gmt":"2023-05-11T06:11:10","guid":{"rendered":"https:\/\/chibolita.es\/?post_type=product&#038;p=4881"},"modified":"2024-02-10T17:11:21","modified_gmt":"2024-02-10T17:11:21","slug":"gel-de-erecao-orgie-xtra-hard","status":"publish","type":"product","link":"https:\/\/chibolita.es\/index.php\/product\/gel-de-erecao-orgie-xtra-hard\/","title":{"rendered":"GEL DE ERE\u00c7\u00c3O ORGIE XTRA HARD"},"content":{"rendered":"<p><span>Gel excitante y potenciador de la erecci\u00f3n.\u00a0Proporciona erecciones m\u00e1s duras y excitaci\u00f3n.<\/span><\/p>\n<p><span>Con piment\u00f3n y otros activos estimulantes en su f\u00f3rmula, Xtra Hard proporciona erecciones m\u00e1s potentes.\u00a0El uso diario de Xtra Hard promueve resultados m\u00e1s efectivos.<\/span><\/p>\n<ul>\n<li><span>gel energ\u00e9tico para \u00e9l<\/span><\/li>\n<li><span>gel estimulante para hombres<\/span><\/li>\n<li><span>erecciones poderosas\u00a0<\/span><\/li>\n<li><span>para uso diario<\/span><\/li>\n<li><span>50ml\u00a0<\/span><\/li>\n<\/ul>\n","protected":false},"excerpt":{"rendered":"<p>Gel excitante y potenciador de la erecci\u00f3n.\u00a0Proporciona erecciones m\u00e1s duras y excitaci\u00f3n. Con piment\u00f3n y otros activos estimulantes en su f\u00f3rmula, Xtra Hard proporciona erecciones m\u00e1s potentes.\u00a0El uso diario de Xtra Hard promueve resultados m\u00e1s efectivos. gel energ\u00e9tico para \u00e9l gel estimulante para hombres erecciones poderosas\u00a0 para uso diario 50ml\u00a0<\/p>\n","protected":false},"featured_media":4882,"comment_status":"open","ping_status":"closed","template":"","meta":{"_eb_attr":"","site-sidebar-layout":"default","site-content-layout":"default","ast-site-content-layout":"default","site-content-style":"default","site-sidebar-style":"default","ast-global-header-display":"","ast-banner-title-visibility":"","ast-main-header-display":"","ast-hfb-above-header-display":"","ast-hfb-below-header-display":"","ast-hfb-mobile-header-display":"","site-post-title":"","ast-breadcrumbs-content":"","ast-featured-img":"","footer-sml-layout":"","ast-disable-related-posts":"","theme-transparent-header-meta":"default","adv-header-id-meta":"","stick-header-meta":"","header-above-stick-meta":"","header-main-stick-meta":"","header-below-stick-meta":"","astra-migrate-meta-layouts":"default","ast-page-background-enabled":"default","ast-page-background-meta":{"desktop":{"background-color":"var(--ast-global-color-4)","background-image":"","background-repeat":"repeat","background-position":"center center","background-size":"auto","background-attachment":"scroll","background-type":"","background-media":"","overlay-type":"","overlay-color":"","overlay-opacity":"","overlay-gradient":""},"tablet":{"background-color":"","background-image":"","background-repeat":"repeat","background-position":"center center","background-size":"auto","background-attachment":"scroll","background-type":"","background-media":"","overlay-type":"","overlay-color":"","overlay-opacity":"","overlay-gradient":""},"mobile":{"background-color":"","background-image":"","background-repeat":"repeat","background-position":"center center","background-size":"auto","background-attachment":"scroll","background-type":"","background-media":"","overlay-type":"","overlay-color":"","overlay-opacity":"","overlay-gradient":""}},"ast-content-background-meta":{"desktop":{"background-color":"var(--ast-global-color-5)","background-image":"","background-repeat":"repeat","background-position":"center center","background-size":"auto","background-attachment":"scroll","background-type":"","background-media":"","overlay-type":"","overlay-color":"","overlay-opacity":"","overlay-gradient":""},"tablet":{"background-color":"var(--ast-global-color-5)","background-image":"","background-repeat":"repeat","background-position":"center center","background-size":"auto","background-attachment":"scroll","background-type":"","background-media":"","overlay-type":"","overlay-color":"","overlay-opacity":"","overlay-gradient":""},"mobile":{"background-color":"var(--ast-global-color-5)","background-image":"","background-repeat":"repeat","background-position":"center center","background-size":"auto","background-attachment":"scroll","background-type":"","background-media":"","overlay-type":"","overlay-color":"","overlay-opacity":"","overlay-gradient":""}}},"product_brand":[],"product_cat":[243,259,230,238,255],"product_tag":[],"class_list":{"0":"post-4881","1":"product","2":"type-product","3":"status-publish","4":"has-post-thumbnail","6":"product_cat-aumento-del-pene","7":"product_cat-cremas-para-el-pene","8":"product_cat-farmacia","9":"product_cat-todos-los-afrodisiacos-para-hombres","10":"product_cat-vida-sexual-saludable","11":"desktop-align-left","12":"tablet-align-left","13":"mobile-align-left","15":"first","16":"instock","17":"shipping-taxable","18":"purchasable","19":"product-type-simple"},"_links":{"self":[{"href":"https:\/\/chibolita.es\/index.php\/wp-json\/wp\/v2\/product\/4881","targetHints":{"allow":["GET"]}}],"collection":[{"href":"https:\/\/chibolita.es\/index.php\/wp-json\/wp\/v2\/product"}],"about":[{"href":"https:\/\/chibolita.es\/index.php\/wp-json\/wp\/v2\/types\/product"}],"replies":[{"embeddable":true,"href":"https:\/\/chibolita.es\/index.php\/wp-json\/wp\/v2\/comments?post=4881"}],"wp:featuredmedia":[{"embeddable":true,"href":"https:\/\/chibolita.es\/index.php\/wp-json\/wp\/v2\/media\/4882"}],"wp:attachment":[{"href":"https:\/\/chibolita.es\/index.php\/wp-json\/wp\/v2\/media?parent=4881"}],"wp:term":[{"taxonomy":"product_brand","embeddable":true,"href":"https:\/\/chibolita.es\/index.php\/wp-json\/wp\/v2\/product_brand?post=4881"},{"taxonomy":"product_cat","embeddable":true,"href":"https:\/\/chibolita.es\/index.php\/wp-json\/wp\/v2\/product_cat?post=4881"},{"taxonomy":"product_tag","embeddable":true,"href":"https:\/\/chibolita.es\/index.php\/wp-json\/wp\/v2\/product_tag?post=4881"}],"curies":[{"name":"wp","href":"https:\/\/api.w.org\/{rel}","templated":true}]}}