{"id":4863,"date":"2023-05-11T05:49:17","date_gmt":"2023-05-11T05:49:17","guid":{"rendered":"https:\/\/chibolita.es\/?post_type=product&#038;p=4863"},"modified":"2026-04-14T07:56:59","modified_gmt":"2026-04-14T07:56:59","slug":"xl-power-potenciador-sexual-natural","status":"publish","type":"product","link":"https:\/\/chibolita.es\/index.php\/product\/xl-power-potenciador-sexual-natural\/","title":{"rendered":"XL POWER Potenciador Sexual Natural"},"content":{"rendered":"<p>\u00bfPara quien?<\/p>\n<ul>\n<li>Hombres que quieren mejores erecciones Hombres que quieren un placer m\u00e1s intenso<\/li>\n<\/ul>\n<p>ingredientes activos<\/p>\n<ul>\n<li>Tribulus: Mejora la funci\u00f3n er\u00e9ctil a trav\u00e9s de su influencia beneficiosa sobre los niveles de testosterona, el s\u00edmbolo de la virilidad.<\/li>\n<li>Piper Nigrum : Estimula la circulaci\u00f3n sangu\u00ednea en los micro vasos sangu\u00edneos, para una erecci\u00f3n m\u00e1s fuerte<\/li>\n<li>Prunus Amygdalus: aumenta el volumen de esperma, lo que ayuda a mejorar el placer sexual<\/li>\n<li>L-Arginina: Este amino\u00e1cido act\u00faa en la producci\u00f3n de \u00f3xido n\u00edtrico (NO), un gas necesario para el mecanismo de la erecci\u00f3n<\/li>\n<\/ul>\n<p>Dosis<\/p>\n<ul>\n<li>Tomar 2 c\u00e1psulas 1 hora antes de tener relaciones sexuales<\/li>\n<\/ul>\n<p>Los complementos alimenticios no pueden sustituir a una dieta variada y equilibrada.\u00a0Consumir como parte de un estilo de vida saludable.\u00a0No exceda la dosis diaria recomendada.\u00a0Mantener fuera del alcance de los ni\u00f1os.\u00a0No debe ser utilizado por mujeres embarazadas o lactantes y por personas bajo tratamiento m\u00e9dico.\u00a0Para su salud, coma al menos cinco frutas y verduras al d\u00eda, practique actividad f\u00edsica regular, evite comer demasiada grasa, demasiado dulce, demasiado salado, evite los bocadillos entre comidas.<\/p>\n","protected":false},"excerpt":{"rendered":"<p>\u00bfPara quien? Hombres que quieren mejores erecciones Hombres que quieren un placer m\u00e1s intenso ingredientes activos Tribulus: Mejora la funci\u00f3n er\u00e9ctil a trav\u00e9s de su influencia beneficiosa sobre los niveles de testosterona, el s\u00edmbolo de la virilidad. Piper Nigrum : Estimula la circulaci\u00f3n sangu\u00ednea en los micro vasos sangu\u00edneos, para una erecci\u00f3n m\u00e1s fuerte Prunus [&hellip;]<\/p>\n","protected":false},"featured_media":4864,"comment_status":"open","ping_status":"closed","template":"","meta":{"_eb_attr":"","site-sidebar-layout":"default","site-content-layout":"default","ast-site-content-layout":"default","site-content-style":"default","site-sidebar-style":"default","ast-global-header-display":"","ast-banner-title-visibility":"","ast-main-header-display":"","ast-hfb-above-header-display":"","ast-hfb-below-header-display":"","ast-hfb-mobile-header-display":"","site-post-title":"","ast-breadcrumbs-content":"","ast-featured-img":"","footer-sml-layout":"","ast-disable-related-posts":"","theme-transparent-header-meta":"default","adv-header-id-meta":"","stick-header-meta":"","header-above-stick-meta":"","header-main-stick-meta":"","header-below-stick-meta":"","astra-migrate-meta-layouts":"default","ast-page-background-enabled":"default","ast-page-background-meta":{"desktop":{"background-color":"var(--ast-global-color-4)","background-image":"","background-repeat":"repeat","background-position":"center center","background-size":"auto","background-attachment":"scroll","background-type":"","background-media":"","overlay-type":"","overlay-color":"","overlay-opacity":"","overlay-gradient":""},"tablet":{"background-color":"","background-image":"","background-repeat":"repeat","background-position":"center center","background-size":"auto","background-attachment":"scroll","background-type":"","background-media":"","overlay-type":"","overlay-color":"","overlay-opacity":"","overlay-gradient":""},"mobile":{"background-color":"","background-image":"","background-repeat":"repeat","background-position":"center center","background-size":"auto","background-attachment":"scroll","background-type":"","background-media":"","overlay-type":"","overlay-color":"","overlay-opacity":"","overlay-gradient":""}},"ast-content-background-meta":{"desktop":{"background-color":"var(--ast-global-color-5)","background-image":"","background-repeat":"repeat","background-position":"center center","background-size":"auto","background-attachment":"scroll","background-type":"","background-media":"","overlay-type":"","overlay-color":"","overlay-opacity":"","overlay-gradient":""},"tablet":{"background-color":"var(--ast-global-color-5)","background-image":"","background-repeat":"repeat","background-position":"center center","background-size":"auto","background-attachment":"scroll","background-type":"","background-media":"","overlay-type":"","overlay-color":"","overlay-opacity":"","overlay-gradient":""},"mobile":{"background-color":"var(--ast-global-color-5)","background-image":"","background-repeat":"repeat","background-position":"center center","background-size":"auto","background-attachment":"scroll","background-type":"","background-media":"","overlay-type":"","overlay-color":"","overlay-opacity":"","overlay-gradient":""}}},"product_brand":[],"product_cat":[230,238],"product_tag":[],"class_list":{"0":"post-4863","1":"product","2":"type-product","3":"status-publish","4":"has-post-thumbnail","6":"product_cat-farmacia","7":"product_cat-todos-los-afrodisiacos-para-hombres","8":"desktop-align-left","9":"tablet-align-left","10":"mobile-align-left","12":"first","13":"instock","14":"shipping-taxable","15":"purchasable","16":"product-type-simple"},"_links":{"self":[{"href":"https:\/\/chibolita.es\/index.php\/wp-json\/wp\/v2\/product\/4863","targetHints":{"allow":["GET"]}}],"collection":[{"href":"https:\/\/chibolita.es\/index.php\/wp-json\/wp\/v2\/product"}],"about":[{"href":"https:\/\/chibolita.es\/index.php\/wp-json\/wp\/v2\/types\/product"}],"replies":[{"embeddable":true,"href":"https:\/\/chibolita.es\/index.php\/wp-json\/wp\/v2\/comments?post=4863"}],"wp:featuredmedia":[{"embeddable":true,"href":"https:\/\/chibolita.es\/index.php\/wp-json\/wp\/v2\/media\/4864"}],"wp:attachment":[{"href":"https:\/\/chibolita.es\/index.php\/wp-json\/wp\/v2\/media?parent=4863"}],"wp:term":[{"taxonomy":"product_brand","embeddable":true,"href":"https:\/\/chibolita.es\/index.php\/wp-json\/wp\/v2\/product_brand?post=4863"},{"taxonomy":"product_cat","embeddable":true,"href":"https:\/\/chibolita.es\/index.php\/wp-json\/wp\/v2\/product_cat?post=4863"},{"taxonomy":"product_tag","embeddable":true,"href":"https:\/\/chibolita.es\/index.php\/wp-json\/wp\/v2\/product_tag?post=4863"}],"curies":[{"name":"wp","href":"https:\/\/api.w.org\/{rel}","templated":true}]}}