{"id":4861,"date":"2023-05-10T22:06:48","date_gmt":"2023-05-10T22:06:48","guid":{"rendered":"https:\/\/chibolita.es\/?post_type=product&#038;p=4861"},"modified":"2024-02-10T17:11:22","modified_gmt":"2024-02-10T17:11:22","slug":"xpower-valis-capsulas-para-mejorar-la-ereccion-y-la-salud-sexual","status":"publish","type":"product","link":"https:\/\/chibolita.es\/index.php\/product\/xpower-valis-capsulas-para-mejorar-la-ereccion-y-la-salud-sexual\/","title":{"rendered":"XPOWER VALIS &#8211; C\u00e1psulas para mejorar la erecci\u00f3n y la salud sexual"},"content":{"rendered":"<p>Vialis Pro Pills de la gama XPOWER es uno de nuestros productos m\u00e1s completos para mejorar tu erecci\u00f3n y potencia sexual.\u00a0Este afrodis\u00edaco y estimulante sexual de acci\u00f3n r\u00e1pida combina los beneficios del ginseng, el amor y la maca.\u00a0El ingrediente de Vialis Pro Pills de Labophyto ha sido cuidadosamente seleccionado para aumentar el deseo sexual y mejorar la calidad y duraci\u00f3n de sus erecciones.\u00a0\u00a1Prep\u00e1rate para ver tu libido en su m\u00e1xima expresi\u00f3n!<\/p>\n<p>Vialis Pro Pills desarrollado por Labophyto son ingredientes activos y extractos de plantas espec\u00edficamente seleccionados para estimular la libido y aumentar el tama\u00f1o de su pene.\u00a0Este estimulante sexual mejora la erecci\u00f3n y retrasa la eyaculaci\u00f3n al mismo tiempo.<\/p>\n<p>Las p\u00edldoras Vialis Pro contienen los siguientes ingredientes activos:<\/p>\n<ul>\n<li>El ginseng ayuda a inducir y mejorar la erecci\u00f3n.<\/li>\n<li>L&#8217;Asparagus racemosus puede ayudar a retrasar la eyaculaci\u00f3n.<\/li>\n<li>modo de uso: 2 c\u00e1psulas al d\u00eda con un gran vaso de agua.<\/li>\n<li>Contiene: 10 c\u00e1psulas vegetales<\/li>\n<li>Peso neto: 5,4 g<\/li>\n<\/ul>\n","protected":false},"excerpt":{"rendered":"<p>Vialis Pro Pills de la gama XPOWER es uno de nuestros productos m\u00e1s completos para mejorar tu erecci\u00f3n y potencia sexual.\u00a0Este afrodis\u00edaco y estimulante sexual de acci\u00f3n r\u00e1pida combina los beneficios del ginseng, el amor y la maca.\u00a0El ingrediente de Vialis Pro Pills de Labophyto ha sido cuidadosamente seleccionado para aumentar el deseo sexual y [&hellip;]<\/p>\n","protected":false},"featured_media":4862,"comment_status":"open","ping_status":"closed","template":"","meta":{"_eb_attr":"","site-sidebar-layout":"default","site-content-layout":"default","ast-site-content-layout":"default","site-content-style":"default","site-sidebar-style":"default","ast-global-header-display":"","ast-banner-title-visibility":"","ast-main-header-display":"","ast-hfb-above-header-display":"","ast-hfb-below-header-display":"","ast-hfb-mobile-header-display":"","site-post-title":"","ast-breadcrumbs-content":"","ast-featured-img":"","footer-sml-layout":"","ast-disable-related-posts":"","theme-transparent-header-meta":"default","adv-header-id-meta":"","stick-header-meta":"","header-above-stick-meta":"","header-main-stick-meta":"","header-below-stick-meta":"","astra-migrate-meta-layouts":"default","ast-page-background-enabled":"default","ast-page-background-meta":{"desktop":{"background-color":"var(--ast-global-color-4)","background-image":"","background-repeat":"repeat","background-position":"center center","background-size":"auto","background-attachment":"scroll","background-type":"","background-media":"","overlay-type":"","overlay-color":"","overlay-opacity":"","overlay-gradient":""},"tablet":{"background-color":"","background-image":"","background-repeat":"repeat","background-position":"center center","background-size":"auto","background-attachment":"scroll","background-type":"","background-media":"","overlay-type":"","overlay-color":"","overlay-opacity":"","overlay-gradient":""},"mobile":{"background-color":"","background-image":"","background-repeat":"repeat","background-position":"center center","background-size":"auto","background-attachment":"scroll","background-type":"","background-media":"","overlay-type":"","overlay-color":"","overlay-opacity":"","overlay-gradient":""}},"ast-content-background-meta":{"desktop":{"background-color":"var(--ast-global-color-5)","background-image":"","background-repeat":"repeat","background-position":"center center","background-size":"auto","background-attachment":"scroll","background-type":"","background-media":"","overlay-type":"","overlay-color":"","overlay-opacity":"","overlay-gradient":""},"tablet":{"background-color":"var(--ast-global-color-5)","background-image":"","background-repeat":"repeat","background-position":"center center","background-size":"auto","background-attachment":"scroll","background-type":"","background-media":"","overlay-type":"","overlay-color":"","overlay-opacity":"","overlay-gradient":""},"mobile":{"background-color":"var(--ast-global-color-5)","background-image":"","background-repeat":"repeat","background-position":"center center","background-size":"auto","background-attachment":"scroll","background-type":"","background-media":"","overlay-type":"","overlay-color":"","overlay-opacity":"","overlay-gradient":""}}},"product_brand":[],"product_cat":[230,238,255],"product_tag":[],"class_list":{"0":"post-4861","1":"product","2":"type-product","3":"status-publish","4":"has-post-thumbnail","6":"product_cat-farmacia","7":"product_cat-todos-los-afrodisiacos-para-hombres","8":"product_cat-vida-sexual-saludable","9":"desktop-align-left","10":"tablet-align-left","11":"mobile-align-left","13":"first","14":"instock","15":"shipping-taxable","16":"purchasable","17":"product-type-simple"},"_links":{"self":[{"href":"https:\/\/chibolita.es\/index.php\/wp-json\/wp\/v2\/product\/4861","targetHints":{"allow":["GET"]}}],"collection":[{"href":"https:\/\/chibolita.es\/index.php\/wp-json\/wp\/v2\/product"}],"about":[{"href":"https:\/\/chibolita.es\/index.php\/wp-json\/wp\/v2\/types\/product"}],"replies":[{"embeddable":true,"href":"https:\/\/chibolita.es\/index.php\/wp-json\/wp\/v2\/comments?post=4861"}],"wp:featuredmedia":[{"embeddable":true,"href":"https:\/\/chibolita.es\/index.php\/wp-json\/wp\/v2\/media\/4862"}],"wp:attachment":[{"href":"https:\/\/chibolita.es\/index.php\/wp-json\/wp\/v2\/media?parent=4861"}],"wp:term":[{"taxonomy":"product_brand","embeddable":true,"href":"https:\/\/chibolita.es\/index.php\/wp-json\/wp\/v2\/product_brand?post=4861"},{"taxonomy":"product_cat","embeddable":true,"href":"https:\/\/chibolita.es\/index.php\/wp-json\/wp\/v2\/product_cat?post=4861"},{"taxonomy":"product_tag","embeddable":true,"href":"https:\/\/chibolita.es\/index.php\/wp-json\/wp\/v2\/product_tag?post=4861"}],"curies":[{"name":"wp","href":"https:\/\/api.w.org\/{rel}","templated":true}]}}