{"id":4765,"date":"2023-05-10T21:21:00","date_gmt":"2023-05-10T21:21:00","guid":{"rendered":"https:\/\/chibolita.es\/?post_type=product&#038;p=4765"},"modified":"2026-04-14T07:57:35","modified_gmt":"2026-04-14T07:57:35","slug":"hot-exxtreme-capsulas-estimulantes-5-cps","status":"publish","type":"product","link":"https:\/\/chibolita.es\/index.php\/product\/hot-exxtreme-capsulas-estimulantes-5-cps\/","title":{"rendered":"HOT &#8211; EXXTREME C\u00c1PSULAS ESTIMULANTES 5 CPS"},"content":{"rendered":"<p><strong>HOT EXXTREME &#8211; POWER CAPS<\/strong><\/p>\n<p>El principal ingrediente activo de eXXtreme power caps se origin\u00f3 a partir de ra\u00edces de cardamomo, que los nativos sudamericanos han utilizado como agente fortalecedor durante siglos. Adem\u00e1s, estos tapones tambi\u00e9n contienen guaran\u00e1 en polvo. El guaran\u00e1 es vigorizante y refrescante, estimula, agudiza la percepci\u00f3n y tambi\u00e9n puede aumentar la resistencia.<\/p>\n<p>&nbsp;<\/p>\n<p><strong>Ingredientes:<\/strong><\/p>\n<p>Polvo de Cardamomo, Polvo de Paja de Avena, C\u00e1psula Gelatina, Colorante E171, E132, Polvo de Guaran\u00e1semen, Agentes de Relleno Celulosa Microcristalina, Carbonato de Calcio, Extracto de Cafe\u00edna Clorhidrato de Piridoxina, Cianocobalamina<\/p>\n","protected":false},"excerpt":{"rendered":"<p>HOT EXXTREME &#8211; POWER CAPS El principal ingrediente activo de eXXtreme power caps se origin\u00f3 a partir de ra\u00edces de cardamomo, que los nativos sudamericanos han utilizado como agente fortalecedor durante siglos. Adem\u00e1s, estos tapones tambi\u00e9n contienen guaran\u00e1 en polvo. El guaran\u00e1 es vigorizante y refrescante, estimula, agudiza la percepci\u00f3n y tambi\u00e9n puede aumentar la [&hellip;]<\/p>\n","protected":false},"featured_media":4766,"comment_status":"open","ping_status":"closed","template":"","meta":{"_eb_attr":"","site-sidebar-layout":"default","site-content-layout":"default","ast-site-content-layout":"default","site-content-style":"default","site-sidebar-style":"default","ast-global-header-display":"","ast-banner-title-visibility":"","ast-main-header-display":"","ast-hfb-above-header-display":"","ast-hfb-below-header-display":"","ast-hfb-mobile-header-display":"","site-post-title":"","ast-breadcrumbs-content":"","ast-featured-img":"","footer-sml-layout":"","ast-disable-related-posts":"","theme-transparent-header-meta":"default","adv-header-id-meta":"","stick-header-meta":"","header-above-stick-meta":"","header-main-stick-meta":"","header-below-stick-meta":"","astra-migrate-meta-layouts":"default","ast-page-background-enabled":"default","ast-page-background-meta":{"desktop":{"background-color":"var(--ast-global-color-4)","background-image":"","background-repeat":"repeat","background-position":"center center","background-size":"auto","background-attachment":"scroll","background-type":"","background-media":"","overlay-type":"","overlay-color":"","overlay-opacity":"","overlay-gradient":""},"tablet":{"background-color":"","background-image":"","background-repeat":"repeat","background-position":"center center","background-size":"auto","background-attachment":"scroll","background-type":"","background-media":"","overlay-type":"","overlay-color":"","overlay-opacity":"","overlay-gradient":""},"mobile":{"background-color":"","background-image":"","background-repeat":"repeat","background-position":"center center","background-size":"auto","background-attachment":"scroll","background-type":"","background-media":"","overlay-type":"","overlay-color":"","overlay-opacity":"","overlay-gradient":""}},"ast-content-background-meta":{"desktop":{"background-color":"var(--ast-global-color-5)","background-image":"","background-repeat":"repeat","background-position":"center center","background-size":"auto","background-attachment":"scroll","background-type":"","background-media":"","overlay-type":"","overlay-color":"","overlay-opacity":"","overlay-gradient":""},"tablet":{"background-color":"var(--ast-global-color-5)","background-image":"","background-repeat":"repeat","background-position":"center center","background-size":"auto","background-attachment":"scroll","background-type":"","background-media":"","overlay-type":"","overlay-color":"","overlay-opacity":"","overlay-gradient":""},"mobile":{"background-color":"var(--ast-global-color-5)","background-image":"","background-repeat":"repeat","background-position":"center center","background-size":"auto","background-attachment":"scroll","background-type":"","background-media":"","overlay-type":"","overlay-color":"","overlay-opacity":"","overlay-gradient":""}}},"product_brand":[],"product_cat":[230,238],"product_tag":[],"class_list":{"0":"post-4765","1":"product","2":"type-product","3":"status-publish","4":"has-post-thumbnail","6":"product_cat-farmacia","7":"product_cat-todos-los-afrodisiacos-para-hombres","8":"desktop-align-left","9":"tablet-align-left","10":"mobile-align-left","12":"first","13":"instock","14":"shipping-taxable","15":"purchasable","16":"product-type-simple"},"_links":{"self":[{"href":"https:\/\/chibolita.es\/index.php\/wp-json\/wp\/v2\/product\/4765","targetHints":{"allow":["GET"]}}],"collection":[{"href":"https:\/\/chibolita.es\/index.php\/wp-json\/wp\/v2\/product"}],"about":[{"href":"https:\/\/chibolita.es\/index.php\/wp-json\/wp\/v2\/types\/product"}],"replies":[{"embeddable":true,"href":"https:\/\/chibolita.es\/index.php\/wp-json\/wp\/v2\/comments?post=4765"}],"wp:featuredmedia":[{"embeddable":true,"href":"https:\/\/chibolita.es\/index.php\/wp-json\/wp\/v2\/media\/4766"}],"wp:attachment":[{"href":"https:\/\/chibolita.es\/index.php\/wp-json\/wp\/v2\/media?parent=4765"}],"wp:term":[{"taxonomy":"product_brand","embeddable":true,"href":"https:\/\/chibolita.es\/index.php\/wp-json\/wp\/v2\/product_brand?post=4765"},{"taxonomy":"product_cat","embeddable":true,"href":"https:\/\/chibolita.es\/index.php\/wp-json\/wp\/v2\/product_cat?post=4765"},{"taxonomy":"product_tag","embeddable":true,"href":"https:\/\/chibolita.es\/index.php\/wp-json\/wp\/v2\/product_tag?post=4765"}],"curies":[{"name":"wp","href":"https:\/\/api.w.org\/{rel}","templated":true}]}}