{"id":4752,"date":"2023-05-10T21:01:06","date_gmt":"2023-05-10T21:01:06","guid":{"rendered":"https:\/\/chibolita.es\/?post_type=product&#038;p=4752"},"modified":"2024-02-10T17:11:23","modified_gmt":"2024-02-10T17:11:23","slug":"estimulante-titan-xxl-20-capsulas","status":"publish","type":"product","link":"https:\/\/chibolita.es\/index.php\/product\/estimulante-titan-xxl-20-capsulas\/","title":{"rendered":"Estimulante Titan XXL 20 c\u00e1psulas"},"content":{"rendered":"<p>Este estimulante \u00e9 um suplemento diet\u00e9tico que ajuda a fortalecer as ere\u00e7\u00f5es, aumentar a produ\u00e7\u00e3o de testosterona e facilitar o fluxo sangu\u00edneo no p\u00eanis.<br \/>\nIdeal para conforto durante o sexo.<\/p>\n<p>&nbsp;<\/p>\n<p>&nbsp;<\/p>\n<p>Dosagem:<br \/>\nTome 2 comprimidos 1 hora antes da rela\u00e7\u00e3o sexual com um copo grande de \u00e1gua.<\/p>\n<p>Precau\u00e7\u00f5es de utiliza\u00e7\u00e3o:<br \/>\nSuplemento alimentar que n\u00e3o substitui uma alimenta\u00e7\u00e3o variada e equilibrada.<br \/>\nPara ser tomado como parte de um estilo de vida saud\u00e1vel.<br \/>\nMantenha fora do alcance de crian\u00e7as.<br \/>\nN\u00e3o exceda a dose di\u00e1ria recomendada.<br \/>\nCont\u00e9m cafe\u00edna (100mg\/dia), n\u00e3o recomendado para crian\u00e7as, adolescentes, mulheres gr\u00e1vidas ou lactantes, bem como pessoas em tratamento anti-hipertensivo ou antidiab\u00e9tico.<br \/>\nArmazenar em local seco, ao abrigo da luz, calor e umidade.<\/p>\n<p>Informa\u00e7\u00f5es nutricionais para 2 comprimidos:<br \/>\nExtrato de Tribulus (fruta): 450mg \/ Extrato de Sweet Clover (partes a\u00e9reas): 250mg \/ Extrato de Ginseng (raiz): 100mg \/ Extrato de Piper nigrum (fruta): 50mg \/ Cafe\u00edna: 100mg \/ Arginina: 200mg \/ Cobre : 1mg (100% AR*) \/ Sel\u00eanio: 55 microgramas (100% AR*) \/ Zinco: 10mg (100% AR*) *Ingest\u00e3o de refer\u00eancia<\/p>\n<p>Ingredientes:<br \/>\nExtrato seco de Tribulus (tribulus terrestris), agentes de compress\u00e3o: goma xantana, goma ac\u00e1cia, agente de volume: celulose microcristalina, extrato seco de trevo doce (Melilotus officinalis), cloridrato de L-arginina, antiaglomerante: fosfato de c\u00e1lcio, extrato seco de Ginseng (Panax Ginseng CA Meyer), Cafe\u00edna, agentes de revestimento: hidroxipropilmetilcelulose, hidroxipropilcelulose, celulose microcristalina, \u00e1cido este\u00e1rico, corantes: di\u00f3xido de tit\u00e2nio, \u00edndigo carmim, extrato seco de Piper nigrum, antiaglomerantes: estearato de magn\u00e9sio, di\u00f3xido de sil\u00edcio, levedura enriquecida com sel\u00eanio, \u00f3xido de zinco, gluconato de cobre<\/p>\n","protected":false},"excerpt":{"rendered":"<p>Este estimulante \u00e9 um suplemento diet\u00e9tico que ajuda a fortalecer as ere\u00e7\u00f5es, aumentar a produ\u00e7\u00e3o de testosterona e facilitar o fluxo sangu\u00edneo no p\u00eanis. Ideal para conforto durante o sexo. &nbsp; &nbsp; Dosagem: Tome 2 comprimidos 1 hora antes da rela\u00e7\u00e3o sexual com um copo grande de \u00e1gua. Precau\u00e7\u00f5es de utiliza\u00e7\u00e3o: Suplemento alimentar que n\u00e3o [&hellip;]<\/p>\n","protected":false},"featured_media":4753,"comment_status":"open","ping_status":"closed","template":"","meta":{"_eb_attr":"","site-sidebar-layout":"default","site-content-layout":"default","ast-site-content-layout":"default","site-content-style":"default","site-sidebar-style":"default","ast-global-header-display":"","ast-banner-title-visibility":"","ast-main-header-display":"","ast-hfb-above-header-display":"","ast-hfb-below-header-display":"","ast-hfb-mobile-header-display":"","site-post-title":"","ast-breadcrumbs-content":"","ast-featured-img":"","footer-sml-layout":"","ast-disable-related-posts":"","theme-transparent-header-meta":"default","adv-header-id-meta":"","stick-header-meta":"","header-above-stick-meta":"","header-main-stick-meta":"","header-below-stick-meta":"","astra-migrate-meta-layouts":"default","ast-page-background-enabled":"default","ast-page-background-meta":{"desktop":{"background-color":"var(--ast-global-color-4)","background-image":"","background-repeat":"repeat","background-position":"center center","background-size":"auto","background-attachment":"scroll","background-type":"","background-media":"","overlay-type":"","overlay-color":"","overlay-opacity":"","overlay-gradient":""},"tablet":{"background-color":"","background-image":"","background-repeat":"repeat","background-position":"center center","background-size":"auto","background-attachment":"scroll","background-type":"","background-media":"","overlay-type":"","overlay-color":"","overlay-opacity":"","overlay-gradient":""},"mobile":{"background-color":"","background-image":"","background-repeat":"repeat","background-position":"center center","background-size":"auto","background-attachment":"scroll","background-type":"","background-media":"","overlay-type":"","overlay-color":"","overlay-opacity":"","overlay-gradient":""}},"ast-content-background-meta":{"desktop":{"background-color":"var(--ast-global-color-5)","background-image":"","background-repeat":"repeat","background-position":"center center","background-size":"auto","background-attachment":"scroll","background-type":"","background-media":"","overlay-type":"","overlay-color":"","overlay-opacity":"","overlay-gradient":""},"tablet":{"background-color":"var(--ast-global-color-5)","background-image":"","background-repeat":"repeat","background-position":"center center","background-size":"auto","background-attachment":"scroll","background-type":"","background-media":"","overlay-type":"","overlay-color":"","overlay-opacity":"","overlay-gradient":""},"mobile":{"background-color":"var(--ast-global-color-5)","background-image":"","background-repeat":"repeat","background-position":"center center","background-size":"auto","background-attachment":"scroll","background-type":"","background-media":"","overlay-type":"","overlay-color":"","overlay-opacity":"","overlay-gradient":""}}},"product_brand":[],"product_cat":[230,238,255],"product_tag":[],"class_list":{"0":"post-4752","1":"product","2":"type-product","3":"status-publish","4":"has-post-thumbnail","6":"product_cat-farmacia","7":"product_cat-todos-los-afrodisiacos-para-hombres","8":"product_cat-vida-sexual-saludable","9":"desktop-align-left","10":"tablet-align-left","11":"mobile-align-left","13":"first","14":"instock","15":"shipping-taxable","16":"purchasable","17":"product-type-simple"},"_links":{"self":[{"href":"https:\/\/chibolita.es\/index.php\/wp-json\/wp\/v2\/product\/4752","targetHints":{"allow":["GET"]}}],"collection":[{"href":"https:\/\/chibolita.es\/index.php\/wp-json\/wp\/v2\/product"}],"about":[{"href":"https:\/\/chibolita.es\/index.php\/wp-json\/wp\/v2\/types\/product"}],"replies":[{"embeddable":true,"href":"https:\/\/chibolita.es\/index.php\/wp-json\/wp\/v2\/comments?post=4752"}],"wp:featuredmedia":[{"embeddable":true,"href":"https:\/\/chibolita.es\/index.php\/wp-json\/wp\/v2\/media\/4753"}],"wp:attachment":[{"href":"https:\/\/chibolita.es\/index.php\/wp-json\/wp\/v2\/media?parent=4752"}],"wp:term":[{"taxonomy":"product_brand","embeddable":true,"href":"https:\/\/chibolita.es\/index.php\/wp-json\/wp\/v2\/product_brand?post=4752"},{"taxonomy":"product_cat","embeddable":true,"href":"https:\/\/chibolita.es\/index.php\/wp-json\/wp\/v2\/product_cat?post=4752"},{"taxonomy":"product_tag","embeddable":true,"href":"https:\/\/chibolita.es\/index.php\/wp-json\/wp\/v2\/product_tag?post=4752"}],"curies":[{"name":"wp","href":"https:\/\/api.w.org\/{rel}","templated":true}]}}