{"id":4738,"date":"2023-05-10T20:44:54","date_gmt":"2023-05-10T20:44:54","guid":{"rendered":"https:\/\/chibolita.es\/?post_type=product&#038;p=4738"},"modified":"2026-04-23T22:21:44","modified_gmt":"2026-04-23T22:21:44","slug":"fast-on-100-5un","status":"publish","type":"product","link":"https:\/\/chibolita.es\/index.php\/product\/fast-on-100-5un\/","title":{"rendered":"FAST ON 100 &#8211; 10 past"},"content":{"rendered":"<h3 class=\"accordeon-title active\">Descripci\u00f3n del producto<\/h3>\n<div class=\"accordeon-entry\">\n<div class=\"article-container style-1\">\n<p>FAST ON 100 5UN es un complemento natural sublingual, de acci\u00f3n r\u00e1pida a\u00fan m\u00e1s fuerte, que tiene como objetivo mejorar la calidad de vida sexual actuando para aumentar la potencia as\u00ed como la libido y el deseo sexual por m\u00e1s tiempo.\u00a0Tambi\u00e9n contribuye a que las erecciones sean a\u00fan m\u00e1s intensas y mejora sustancialmente la duraci\u00f3n de las relaciones sexuales.\u00a0FAST ON es f\u00e1cil de tomar, solo deje que la p\u00edldora se disuelva en su boca para que pueda hacer efecto en solo unos minutos.\u00a0No hay efectos adversos conocidos.\u00a0Cada comprimido contiene 340 mg.<\/p>\n<h3><strong>Uso recomendado:<\/strong><\/h3>\n<p>Consumir 1 tableta 10 minutos antes de la actividad sexual.<\/p>\n<h3><strong>Precauciones al utilizar FAST ON 100 5UN:<\/strong><\/h3>\n<p>\u2013 Producto destinado exclusivamente a adultos.<\/p>\n<p>\u2013 Proteger de la luz solar y del calor.<\/p>\n<p>&#8211; Mantener fuera del alcance de los ni\u00f1os.<\/p>\n<p><strong>El paquete contiene<\/strong>\u00a0 10 pastillas.<\/p>\n<h4>Complemento Alimenticio \u2013 Advertencias:<\/h4>\n<p>Los complementos alimenticios no deben utilizarse como sustituto de una dieta variada y equilibrada y de un estilo de vida saludable.\u00a0Los efectos de estos pueden variar de persona a persona, por lo que est\u00e1n influenciados por otros factores, como la nutrici\u00f3n y la actividad f\u00edsica.\u00a0No debe exceder la dosis diaria recomendada.\u00a0Mantener fuera del alcance y de la vista de los ni\u00f1os.\u00a0Los complementos alimenticios no son un medicamento.\u00a0No tomar en caso de hipersensibilidad a uno de los ingredientes.\u00a0No usar en caso de embarazo o lactancia.\u00a0Conservar en un lugar fresco, seco y protegido de la luz.\u00a0En caso de duda, consulte a su m\u00e9dico o farmac\u00e9utico.<\/p>\n<\/div>\n<\/div>\n","protected":false},"excerpt":{"rendered":"<p>Descripci\u00f3n del producto FAST ON 100 5UN es un complemento natural sublingual, de acci\u00f3n r\u00e1pida a\u00fan m\u00e1s fuerte, que tiene como objetivo mejorar la calidad de vida sexual actuando para aumentar la potencia as\u00ed como la libido y el deseo sexual por m\u00e1s tiempo.\u00a0Tambi\u00e9n contribuye a que las erecciones sean a\u00fan m\u00e1s intensas y mejora [&hellip;]<\/p>\n","protected":false},"featured_media":9116,"comment_status":"open","ping_status":"closed","template":"","meta":{"_eb_attr":"","site-sidebar-layout":"default","site-content-layout":"default","ast-site-content-layout":"default","site-content-style":"default","site-sidebar-style":"default","ast-global-header-display":"","ast-banner-title-visibility":"","ast-main-header-display":"","ast-hfb-above-header-display":"","ast-hfb-below-header-display":"","ast-hfb-mobile-header-display":"","site-post-title":"","ast-breadcrumbs-content":"","ast-featured-img":"","footer-sml-layout":"","ast-disable-related-posts":"","theme-transparent-header-meta":"default","adv-header-id-meta":"","stick-header-meta":"","header-above-stick-meta":"","header-main-stick-meta":"","header-below-stick-meta":"","astra-migrate-meta-layouts":"set","ast-page-background-enabled":"default","ast-page-background-meta":{"desktop":{"background-color":"var(--ast-global-color-4)","background-image":"","background-repeat":"repeat","background-position":"center center","background-size":"auto","background-attachment":"scroll","background-type":"","background-media":"","overlay-type":"","overlay-color":"","overlay-opacity":"","overlay-gradient":""},"tablet":{"background-color":"","background-image":"","background-repeat":"repeat","background-position":"center center","background-size":"auto","background-attachment":"scroll","background-type":"","background-media":"","overlay-type":"","overlay-color":"","overlay-opacity":"","overlay-gradient":""},"mobile":{"background-color":"","background-image":"","background-repeat":"repeat","background-position":"center center","background-size":"auto","background-attachment":"scroll","background-type":"","background-media":"","overlay-type":"","overlay-color":"","overlay-opacity":"","overlay-gradient":""}},"ast-content-background-meta":{"desktop":{"background-color":"var(--ast-global-color-5)","background-image":"","background-repeat":"repeat","background-position":"center center","background-size":"auto","background-attachment":"scroll","background-type":"","background-media":"","overlay-type":"","overlay-color":"","overlay-opacity":"","overlay-gradient":""},"tablet":{"background-color":"var(--ast-global-color-5)","background-image":"","background-repeat":"repeat","background-position":"center center","background-size":"auto","background-attachment":"scroll","background-type":"","background-media":"","overlay-type":"","overlay-color":"","overlay-opacity":"","overlay-gradient":""},"mobile":{"background-color":"var(--ast-global-color-5)","background-image":"","background-repeat":"repeat","background-position":"center center","background-size":"auto","background-attachment":"scroll","background-type":"","background-media":"","overlay-type":"","overlay-color":"","overlay-opacity":"","overlay-gradient":""}}},"product_brand":[],"product_cat":[230,308,238],"product_tag":[],"class_list":{"0":"post-4738","1":"product","2":"type-product","3":"status-publish","4":"has-post-thumbnail","6":"product_cat-farmacia","7":"product_cat-marca-ultimate-natura","8":"product_cat-todos-los-afrodisiacos-para-hombres","9":"desktop-align-left","10":"tablet-align-left","11":"mobile-align-left","13":"first","14":"instock","15":"sale","16":"shipping-taxable","17":"purchasable","18":"product-type-simple"},"_links":{"self":[{"href":"https:\/\/chibolita.es\/index.php\/wp-json\/wp\/v2\/product\/4738","targetHints":{"allow":["GET"]}}],"collection":[{"href":"https:\/\/chibolita.es\/index.php\/wp-json\/wp\/v2\/product"}],"about":[{"href":"https:\/\/chibolita.es\/index.php\/wp-json\/wp\/v2\/types\/product"}],"replies":[{"embeddable":true,"href":"https:\/\/chibolita.es\/index.php\/wp-json\/wp\/v2\/comments?post=4738"}],"wp:featuredmedia":[{"embeddable":true,"href":"https:\/\/chibolita.es\/index.php\/wp-json\/wp\/v2\/media\/9116"}],"wp:attachment":[{"href":"https:\/\/chibolita.es\/index.php\/wp-json\/wp\/v2\/media?parent=4738"}],"wp:term":[{"taxonomy":"product_brand","embeddable":true,"href":"https:\/\/chibolita.es\/index.php\/wp-json\/wp\/v2\/product_brand?post=4738"},{"taxonomy":"product_cat","embeddable":true,"href":"https:\/\/chibolita.es\/index.php\/wp-json\/wp\/v2\/product_cat?post=4738"},{"taxonomy":"product_tag","embeddable":true,"href":"https:\/\/chibolita.es\/index.php\/wp-json\/wp\/v2\/product_tag?post=4738"}],"curies":[{"name":"wp","href":"https:\/\/api.w.org\/{rel}","templated":true}]}}