{"id":4734,"date":"2023-05-10T20:42:22","date_gmt":"2023-05-10T20:42:22","guid":{"rendered":"https:\/\/chibolita.es\/?post_type=product&#038;p=4734"},"modified":"2026-04-14T07:57:10","modified_gmt":"2026-04-14T07:57:10","slug":"orgie-touro-erection","status":"publish","type":"product","link":"https:\/\/chibolita.es\/index.php\/product\/orgie-touro-erection\/","title":{"rendered":"ORGIE TOURO ERECTION"},"content":{"rendered":"<p><span>La crema Touro es diferente y mejor que otras cremas para mejorar la erecci\u00f3n.<\/span><\/p>\n<p><span>Su f\u00f3rmula contiene Taurina y Ginkgo Biloba -ambos compuestos naturales que act\u00faan como vasodilatadores- y Ginseng, un eficaz y reconocido afrodis\u00edaco natural, utilizado durante siglos en China y otros pa\u00edses orientales.<\/span><\/p>\n<ul>\n<li><span>Crema para mejorar la erecci\u00f3n<\/span><\/li>\n<li><span>F\u00f3rmula a base de taurina y ginkgo y ginseng<\/span><\/li>\n<li><span>Erecciones m\u00e1s potentes y duraderas<\/span><\/li>\n<li><span>Cantidad: 15ml<\/span><\/li>\n<\/ul>\n","protected":false},"excerpt":{"rendered":"<p>La crema Touro es diferente y mejor que otras cremas para mejorar la erecci\u00f3n. Su f\u00f3rmula contiene Taurina y Ginkgo Biloba -ambos compuestos naturales que act\u00faan como vasodilatadores- y Ginseng, un eficaz y reconocido afrodis\u00edaco natural, utilizado durante siglos en China y otros pa\u00edses orientales. Crema para mejorar la erecci\u00f3n F\u00f3rmula a base de taurina [&hellip;]<\/p>\n","protected":false},"featured_media":4735,"comment_status":"open","ping_status":"closed","template":"","meta":{"_eb_attr":"","site-sidebar-layout":"default","site-content-layout":"default","ast-site-content-layout":"default","site-content-style":"default","site-sidebar-style":"default","ast-global-header-display":"","ast-banner-title-visibility":"","ast-main-header-display":"","ast-hfb-above-header-display":"","ast-hfb-below-header-display":"","ast-hfb-mobile-header-display":"","site-post-title":"","ast-breadcrumbs-content":"","ast-featured-img":"","footer-sml-layout":"","ast-disable-related-posts":"","theme-transparent-header-meta":"default","adv-header-id-meta":"","stick-header-meta":"","header-above-stick-meta":"","header-main-stick-meta":"","header-below-stick-meta":"","astra-migrate-meta-layouts":"default","ast-page-background-enabled":"default","ast-page-background-meta":{"desktop":{"background-color":"var(--ast-global-color-4)","background-image":"","background-repeat":"repeat","background-position":"center center","background-size":"auto","background-attachment":"scroll","background-type":"","background-media":"","overlay-type":"","overlay-color":"","overlay-opacity":"","overlay-gradient":""},"tablet":{"background-color":"","background-image":"","background-repeat":"repeat","background-position":"center center","background-size":"auto","background-attachment":"scroll","background-type":"","background-media":"","overlay-type":"","overlay-color":"","overlay-opacity":"","overlay-gradient":""},"mobile":{"background-color":"","background-image":"","background-repeat":"repeat","background-position":"center center","background-size":"auto","background-attachment":"scroll","background-type":"","background-media":"","overlay-type":"","overlay-color":"","overlay-opacity":"","overlay-gradient":""}},"ast-content-background-meta":{"desktop":{"background-color":"var(--ast-global-color-5)","background-image":"","background-repeat":"repeat","background-position":"center center","background-size":"auto","background-attachment":"scroll","background-type":"","background-media":"","overlay-type":"","overlay-color":"","overlay-opacity":"","overlay-gradient":""},"tablet":{"background-color":"var(--ast-global-color-5)","background-image":"","background-repeat":"repeat","background-position":"center center","background-size":"auto","background-attachment":"scroll","background-type":"","background-media":"","overlay-type":"","overlay-color":"","overlay-opacity":"","overlay-gradient":""},"mobile":{"background-color":"var(--ast-global-color-5)","background-image":"","background-repeat":"repeat","background-position":"center center","background-size":"auto","background-attachment":"scroll","background-type":"","background-media":"","overlay-type":"","overlay-color":"","overlay-opacity":"","overlay-gradient":""}}},"product_brand":[],"product_cat":[230,238,255],"product_tag":[],"class_list":{"0":"post-4734","1":"product","2":"type-product","3":"status-publish","4":"has-post-thumbnail","6":"product_cat-farmacia","7":"product_cat-todos-los-afrodisiacos-para-hombres","8":"product_cat-vida-sexual-saludable","9":"desktop-align-left","10":"tablet-align-left","11":"mobile-align-left","13":"first","14":"instock","15":"shipping-taxable","16":"purchasable","17":"product-type-simple"},"_links":{"self":[{"href":"https:\/\/chibolita.es\/index.php\/wp-json\/wp\/v2\/product\/4734","targetHints":{"allow":["GET"]}}],"collection":[{"href":"https:\/\/chibolita.es\/index.php\/wp-json\/wp\/v2\/product"}],"about":[{"href":"https:\/\/chibolita.es\/index.php\/wp-json\/wp\/v2\/types\/product"}],"replies":[{"embeddable":true,"href":"https:\/\/chibolita.es\/index.php\/wp-json\/wp\/v2\/comments?post=4734"}],"wp:featuredmedia":[{"embeddable":true,"href":"https:\/\/chibolita.es\/index.php\/wp-json\/wp\/v2\/media\/4735"}],"wp:attachment":[{"href":"https:\/\/chibolita.es\/index.php\/wp-json\/wp\/v2\/media?parent=4734"}],"wp:term":[{"taxonomy":"product_brand","embeddable":true,"href":"https:\/\/chibolita.es\/index.php\/wp-json\/wp\/v2\/product_brand?post=4734"},{"taxonomy":"product_cat","embeddable":true,"href":"https:\/\/chibolita.es\/index.php\/wp-json\/wp\/v2\/product_cat?post=4734"},{"taxonomy":"product_tag","embeddable":true,"href":"https:\/\/chibolita.es\/index.php\/wp-json\/wp\/v2\/product_tag?post=4734"}],"curies":[{"name":"wp","href":"https:\/\/api.w.org\/{rel}","templated":true}]}}